{"id":1065,"date":"2019-05-23T18:07:01","date_gmt":"2019-05-23T16:07:01","guid":{"rendered":"http:\/\/semolinika.anticteatre.com\/cia-semolenika-tomic\/"},"modified":"2019-05-27T17:49:50","modified_gmt":"2019-05-27T15:49:50","slug":"cia-semolinika-tomic","status":"publish","type":"page","link":"http:\/\/semolinika.anticteatre.com\/en\/cia-semolinika-tomic\/","title":{"rendered":"Cia Semolinika Tomic"},"content":{"rendered":"\n<figure class=\"wp-block-image\"><img loading=\"lazy\" decoding=\"async\" width=\"285\" height=\"400\" src=\"http:\/\/semolinika.anticteatre.com\/wp-content\/uploads\/2019\/05\/CIA-SEMOLINIKA-TOMIC1.jpg\" alt=\"\" class=\"wp-image-1057\"\/><\/figure>\n\n\n\n<p>Resident de L&#8217;ANTIC TEATRE &#8211; L&#8217;ESPAI DE CREACIO, Barcelona<\/p>\n\n\n\n<p>Resident of L&#8217;ANTIC TEATRE &#8211; L&#8217;ESPAI DE CREACI\u00d3, Barcelona<\/p>\n\n\n\n<p>www.lanticteatre.com<\/p>\n\n\n\n<p>Julijana Tomic Fajdetic, artistically known as Semol\u00ednika Tomic, began her training as a dancer and actress in Osijek (Croatia). This artist with Croatian origins lives in Barcelona since 1985. <\/p>\n\n\n\n<p>Her restlessness to find new lines of investigation in theatre and dance encouraged her to travel and train in India, Italy, Holland,\u2026 Connected to the world of music and performance, she continuously contacts with other artists interested in finding new ways of expression.  <\/p>\n\n\n\n<p>Her experience of eight years in the Catalan company La Fura dels Baus (1995-2003), where the actor is also part of the creation process, encouraged her to carry out her own work. Her line of work mingles different artistic fields such as physical contemporary theatre, dance, performance, street actions, air-dance performances, installations and new multimedia technologies applied to the performances. <\/p>\n\n\n\n<p>In 1999 Semol\u00ednika Tomic created her own company, based on the experimentation of new artistic languages. She develops an intimate work based on her own personal experience. <\/p>\n\n\n\n<p>Her creations: Lenin is Mine?, Discovering Lenin, Body Safe(er), D\u00f3nde Estamos?, G\u00e9minis, Ox\u00edgeno, Coto de Casa give priority to the direct contact with the audience through a powerful message of awareness that leaves no one indifferent.<\/p>\n\n\n\n<p>All these creations are alive and part of her repertoire. <\/p>\n\n\n\n<p>The company also proposes theatre and dance workshops, before or after the performances. <\/p>\n\n\n\n<p>www.lanticteatre.com<\/p>\n\n\n\n<p>Julijana Tomic Fajdetic, coneguda art\u00edsticament com a Semol\u00ednika Tomic, es va formar com a ballarina i actriu a Osijek (Croacia). Aquesta creadora croata resideix a Barcelona des del 1985.<\/p>\n\n\n\n<p>La seva inquietud per a trobar noves l\u00ednies d\u2019investigaci\u00f3 teatral i de dansa la van impulsar a emprendre un viatge formatiu a traves de l\u2019\u00cdndia, It\u00e0lia, Holanda i a vincular-se amb el m\u00f3n de la m\u00fasica i la performance, sempre relacionant-se amb nous creadors preocupats per trobar noves vies d\u2019expressi\u00f3. <\/p>\n\n\n\n<p>La seva experi\u00e8ncia de treball durant vuit anys amb la companyia catalana La Fura dels Baus (1995-2003), on l\u2019actor tamb\u00e9 \u00e9s creador, la va animar a iniciar  el seus projectes personals, en una l\u00ednia en la que es conjuga diferents disciplines art\u00edstiques que ha conreat, com  teatre f\u00edsic contemporani, dansa, performance, dansa a\u00e8ria, accions de carrer, instal\u00b7lacions i l&#8217;\u00fas de les noves tecnologies multim\u00e8dia aplicades a l&#8217;espectacle.<\/p>\n\n\n\n<p>En 1999 Semol\u00ednika Tomic decideix crear la seva pr\u00f2pia companyia i experimentar amb nous llenguatges art\u00edstics. Desenvolupa un treball personal basat en la seva pr\u00f2pia experi\u00e8ncia. <\/p>\n\n\n\n<p>Les seves creacions: Lenin is Mine?, Descobrint Lenin a l&#8217;Ant\u00e0rtida, Body Safe(er), \u00bfD\u00f3nde Estamos?, G\u00e9minis, Ox\u00edgeno i Coto de Casa donen prioritat al contacte directe amb el public a trav\u00e9s d&#8217;un missatge sensibilitzador que mai deixa indiferent.<\/p>\n\n\n\n<p>Totes aquestes creacions estan vives i formen part del seu repertori.<\/p>\n\n\n\n<p>Al mateix temps, la companyia proposa workshops de teatre i dansa els dies anteriors o posteriors a les funcions.<\/p>\n","protected":false},"excerpt":{"rendered":"<p>Resident de L&#8217;ANTIC TEATRE &#8211; L&#8217;ESPAI DE CREACIO, Barcelona Resident of L&#8217;ANTIC TEATRE &#8211; L&#8217;ESPAI DE CREACI\u00d3, Barcelona www.lanticteatre.com Julijana Tomic Fajdetic, artistically known as Semol\u00ednika Tomic, began her training as a dancer and actress in Osijek (Croatia). This artist with Croatian origins lives in Barcelona since 1985. Her restlessness to find new lines of&nbsp; <a href=\"http:\/\/semolinika.anticteatre.com\/en\/cia-semolinika-tomic\/\">&hellip; Read more <i class=\"glyphicon glyphicon-arrow-right\"><\/i><\/a><\/p>\n","protected":false},"author":1,"featured_media":0,"parent":0,"menu_order":1,"comment_status":"closed","ping_status":"closed","template":"","meta":{"_acf_changed":false,"_uag_custom_page_level_css":"","footnotes":""},"class_list":["post-1065","page","type-page","status-publish","hentry"],"acf":[],"yoast_head":"<!-- This site is optimized with the Yoast SEO plugin v23.4 - https:\/\/yoast.com\/wordpress\/plugins\/seo\/ -->\n<title>Cia Semolinika Tomic - Semolinika Tomic<\/title>\n<meta name=\"robots\" content=\"index, follow, max-snippet:-1, max-image-preview:large, max-video-preview:-1\" \/>\n<link rel=\"canonical\" href=\"https:\/\/semolinika.anticteatre.com\/en\/cia-semolinika-tomic\/\" \/>\n<meta property=\"og:locale\" content=\"en_US\" \/>\n<meta property=\"og:type\" content=\"article\" \/>\n<meta property=\"og:title\" content=\"Cia Semolinika Tomic - Semolinika Tomic\" \/>\n<meta property=\"og:description\" content=\"Resident de L&#8217;ANTIC TEATRE &#8211; L&#8217;ESPAI DE CREACIO, Barcelona Resident of L&#8217;ANTIC TEATRE &#8211; L&#8217;ESPAI DE CREACI\u00d3, Barcelona www.lanticteatre.com Julijana Tomic Fajdetic, artistically known as Semol\u00ednika Tomic, began her training as a dancer and actress in Osijek (Croatia). This artist with Croatian origins lives in Barcelona since 1985. Her restlessness to find new lines of&nbsp; &hellip; Read more\" \/>\n<meta property=\"og:url\" content=\"https:\/\/semolinika.anticteatre.com\/en\/cia-semolinika-tomic\/\" \/>\n<meta property=\"og:site_name\" content=\"Semolinika Tomic\" \/>\n<meta property=\"article:modified_time\" content=\"2019-05-27T15:49:50+00:00\" \/>\n<meta property=\"og:image\" content=\"http:\/\/semolinika.anticteatre.com\/wp-content\/uploads\/2019\/05\/CIA-SEMOLINIKA-TOMIC1.jpg\" \/>\n<meta name=\"twitter:card\" content=\"summary_large_image\" \/>\n<meta name=\"twitter:label1\" content=\"Est. reading time\" \/>\n\t<meta name=\"twitter:data1\" content=\"3 minutes\" \/>\n<script type=\"application\/ld+json\" class=\"yoast-schema-graph\">{\"@context\":\"https:\/\/schema.org\",\"@graph\":[{\"@type\":\"WebPage\",\"@id\":\"https:\/\/semolinika.anticteatre.com\/en\/cia-semolinika-tomic\/\",\"url\":\"https:\/\/semolinika.anticteatre.com\/en\/cia-semolinika-tomic\/\",\"name\":\"Cia Semolinika Tomic - Semolinika Tomic\",\"isPartOf\":{\"@id\":\"https:\/\/semolinika.anticteatre.com\/#website\"},\"primaryImageOfPage\":{\"@id\":\"https:\/\/semolinika.anticteatre.com\/en\/cia-semolinika-tomic\/#primaryimage\"},\"image\":{\"@id\":\"https:\/\/semolinika.anticteatre.com\/en\/cia-semolinika-tomic\/#primaryimage\"},\"thumbnailUrl\":\"http:\/\/semolinika.anticteatre.com\/wp-content\/uploads\/2019\/05\/CIA-SEMOLINIKA-TOMIC1.jpg\",\"datePublished\":\"2019-05-23T16:07:01+00:00\",\"dateModified\":\"2019-05-27T15:49:50+00:00\",\"breadcrumb\":{\"@id\":\"https:\/\/semolinika.anticteatre.com\/en\/cia-semolinika-tomic\/#breadcrumb\"},\"inLanguage\":\"en-US\",\"potentialAction\":[{\"@type\":\"ReadAction\",\"target\":[\"https:\/\/semolinika.anticteatre.com\/en\/cia-semolinika-tomic\/\"]}]},{\"@type\":\"ImageObject\",\"inLanguage\":\"en-US\",\"@id\":\"https:\/\/semolinika.anticteatre.com\/en\/cia-semolinika-tomic\/#primaryimage\",\"url\":\"http:\/\/semolinika.anticteatre.com\/wp-content\/uploads\/2019\/05\/CIA-SEMOLINIKA-TOMIC1.jpg\",\"contentUrl\":\"http:\/\/semolinika.anticteatre.com\/wp-content\/uploads\/2019\/05\/CIA-SEMOLINIKA-TOMIC1.jpg\"},{\"@type\":\"BreadcrumbList\",\"@id\":\"https:\/\/semolinika.anticteatre.com\/en\/cia-semolinika-tomic\/#breadcrumb\",\"itemListElement\":[{\"@type\":\"ListItem\",\"position\":1,\"name\":\"Home\",\"item\":\"https:\/\/semolinika.anticteatre.com\/en\/\"},{\"@type\":\"ListItem\",\"position\":2,\"name\":\"Cia Semolinika Tomic\"}]},{\"@type\":\"WebSite\",\"@id\":\"https:\/\/semolinika.anticteatre.com\/#website\",\"url\":\"https:\/\/semolinika.anticteatre.com\/\",\"name\":\"Semolinika Tomic\",\"description\":\"Artist\",\"potentialAction\":[{\"@type\":\"SearchAction\",\"target\":{\"@type\":\"EntryPoint\",\"urlTemplate\":\"https:\/\/semolinika.anticteatre.com\/?s={search_term_string}\"},\"query-input\":{\"@type\":\"PropertyValueSpecification\",\"valueRequired\":true,\"valueName\":\"search_term_string\"}}],\"inLanguage\":\"en-US\"}]}<\/script>\n<!-- \/ Yoast SEO plugin. -->","yoast_head_json":{"title":"Cia Semolinika Tomic - Semolinika Tomic","robots":{"index":"index","follow":"follow","max-snippet":"max-snippet:-1","max-image-preview":"max-image-preview:large","max-video-preview":"max-video-preview:-1"},"canonical":"https:\/\/semolinika.anticteatre.com\/en\/cia-semolinika-tomic\/","og_locale":"en_US","og_type":"article","og_title":"Cia Semolinika Tomic - Semolinika Tomic","og_description":"Resident de L&#8217;ANTIC TEATRE &#8211; L&#8217;ESPAI DE CREACIO, Barcelona Resident of L&#8217;ANTIC TEATRE &#8211; L&#8217;ESPAI DE CREACI\u00d3, Barcelona www.lanticteatre.com Julijana Tomic Fajdetic, artistically known as Semol\u00ednika Tomic, began her training as a dancer and actress in Osijek (Croatia). This artist with Croatian origins lives in Barcelona since 1985. Her restlessness to find new lines of&nbsp; &hellip; Read more","og_url":"https:\/\/semolinika.anticteatre.com\/en\/cia-semolinika-tomic\/","og_site_name":"Semolinika Tomic","article_modified_time":"2019-05-27T15:49:50+00:00","og_image":[{"url":"http:\/\/semolinika.anticteatre.com\/wp-content\/uploads\/2019\/05\/CIA-SEMOLINIKA-TOMIC1.jpg"}],"twitter_card":"summary_large_image","twitter_misc":{"Est. reading time":"3 minutes"},"schema":{"@context":"https:\/\/schema.org","@graph":[{"@type":"WebPage","@id":"https:\/\/semolinika.anticteatre.com\/en\/cia-semolinika-tomic\/","url":"https:\/\/semolinika.anticteatre.com\/en\/cia-semolinika-tomic\/","name":"Cia Semolinika Tomic - Semolinika Tomic","isPartOf":{"@id":"https:\/\/semolinika.anticteatre.com\/#website"},"primaryImageOfPage":{"@id":"https:\/\/semolinika.anticteatre.com\/en\/cia-semolinika-tomic\/#primaryimage"},"image":{"@id":"https:\/\/semolinika.anticteatre.com\/en\/cia-semolinika-tomic\/#primaryimage"},"thumbnailUrl":"http:\/\/semolinika.anticteatre.com\/wp-content\/uploads\/2019\/05\/CIA-SEMOLINIKA-TOMIC1.jpg","datePublished":"2019-05-23T16:07:01+00:00","dateModified":"2019-05-27T15:49:50+00:00","breadcrumb":{"@id":"https:\/\/semolinika.anticteatre.com\/en\/cia-semolinika-tomic\/#breadcrumb"},"inLanguage":"en-US","potentialAction":[{"@type":"ReadAction","target":["https:\/\/semolinika.anticteatre.com\/en\/cia-semolinika-tomic\/"]}]},{"@type":"ImageObject","inLanguage":"en-US","@id":"https:\/\/semolinika.anticteatre.com\/en\/cia-semolinika-tomic\/#primaryimage","url":"http:\/\/semolinika.anticteatre.com\/wp-content\/uploads\/2019\/05\/CIA-SEMOLINIKA-TOMIC1.jpg","contentUrl":"http:\/\/semolinika.anticteatre.com\/wp-content\/uploads\/2019\/05\/CIA-SEMOLINIKA-TOMIC1.jpg"},{"@type":"BreadcrumbList","@id":"https:\/\/semolinika.anticteatre.com\/en\/cia-semolinika-tomic\/#breadcrumb","itemListElement":[{"@type":"ListItem","position":1,"name":"Home","item":"https:\/\/semolinika.anticteatre.com\/en\/"},{"@type":"ListItem","position":2,"name":"Cia Semolinika Tomic"}]},{"@type":"WebSite","@id":"https:\/\/semolinika.anticteatre.com\/#website","url":"https:\/\/semolinika.anticteatre.com\/","name":"Semolinika Tomic","description":"Artist","potentialAction":[{"@type":"SearchAction","target":{"@type":"EntryPoint","urlTemplate":"https:\/\/semolinika.anticteatre.com\/?s={search_term_string}"},"query-input":{"@type":"PropertyValueSpecification","valueRequired":true,"valueName":"search_term_string"}}],"inLanguage":"en-US"}]}},"uagb_featured_image_src":{"full":false,"thumbnail":false,"medium":false,"medium_large":false,"large":false,"1536x1536":false,"2048x2048":false},"uagb_author_info":{"display_name":"Marc","author_link":"http:\/\/semolinika.anticteatre.com\/en\/author\/marc\/"},"uagb_comment_info":0,"uagb_excerpt":"Resident de L&#8217;ANTIC TEATRE &#8211; L&#8217;ESPAI DE CREACIO, Barcelona Resident of L&#8217;ANTIC TEATRE &#8211; L&#8217;ESPAI DE CREACI\u00d3, Barcelona www.lanticteatre.com Julijana Tomic Fajdetic, artistically known as Semol\u00ednika Tomic, began her training as a dancer and actress in Osijek (Croatia). This artist with Croatian origins lives in Barcelona since 1985. Her restlessness to find new lines of&nbsp;&hellip;","_links":{"self":[{"href":"http:\/\/semolinika.anticteatre.com\/en\/wp-json\/wp\/v2\/pages\/1065"}],"collection":[{"href":"http:\/\/semolinika.anticteatre.com\/en\/wp-json\/wp\/v2\/pages"}],"about":[{"href":"http:\/\/semolinika.anticteatre.com\/en\/wp-json\/wp\/v2\/types\/page"}],"author":[{"embeddable":true,"href":"http:\/\/semolinika.anticteatre.com\/en\/wp-json\/wp\/v2\/users\/1"}],"replies":[{"embeddable":true,"href":"http:\/\/semolinika.anticteatre.com\/en\/wp-json\/wp\/v2\/comments?post=1065"}],"version-history":[{"count":2,"href":"http:\/\/semolinika.anticteatre.com\/en\/wp-json\/wp\/v2\/pages\/1065\/revisions"}],"predecessor-version":[{"id":1241,"href":"http:\/\/semolinika.anticteatre.com\/en\/wp-json\/wp\/v2\/pages\/1065\/revisions\/1241"}],"wp:attachment":[{"href":"http:\/\/semolinika.anticteatre.com\/en\/wp-json\/wp\/v2\/media?parent=1065"}],"curies":[{"name":"wp","href":"https:\/\/api.w.org\/{rel}","templated":true}]}}