{"id":1112,"date":"2019-05-23T18:19:50","date_gmt":"2019-05-23T16:19:50","guid":{"rendered":"http:\/\/semolinika.anticteatre.com\/cia-semolenika-tomic\/geminis\/"},"modified":"2019-05-27T17:17:30","modified_gmt":"2019-05-27T15:17:30","slug":"geminis","status":"publish","type":"page","link":"http:\/\/semolinika.anticteatre.com\/en\/cia-semolinika-tomic\/geminis\/","title":{"rendered":"Geminis"},"content":{"rendered":"\t\t\t\t<div class=\"wp-block-uagb-table-of-contents uagb-toc__align-left uagb-toc__columns-1  uagb-block-6b120aad-2281-4991-89e6-426e95019777     \"\n\t\t\t\t\tdata-scroll= \"1\"\n\t\t\t\t\tdata-offset= \"30\"\n\t\t\t\t\tstyle=\"\"\n\t\t\t\t>\n\t\t\t\t<div class=\"uagb-toc__wrap\">\n\t\t\t\t\t\t<div class=\"uagb-toc__title\">\n\t\t\t\t\t\t\tTable Of Contents\t\t\t\t\t\t<\/div>\n\t\t\t\t\t\t\t\t\t\t\t\t\t\t\t\t<div class=\"uagb-toc__list-wrap\">\n\t\t\t\t\t\t<ol class=\"uagb-toc__list\"><li class=\"uagb-toc__list\"><a href=\"#synopsis\" class=\"uagb-toc-link__trigger\">Synopsis<\/a><li class=\"uagb-toc__list\"><a href=\"#technical-rider\" class=\"uagb-toc-link__trigger\">Technical rider<\/a><li class=\"uagb-toc__list\"><a href=\"#galeria\" class=\"uagb-toc-link__trigger\">Galeria<\/a><li class=\"uagb-toc__list\"><a href=\"#video\" class=\"uagb-toc-link__trigger\">Video<\/a><\/ol>\t\t\t\t\t<\/div>\n\t\t\t\t\t\t\t\t\t<\/div>\n\t\t\t\t<\/div>\n\t\t\t\n\n\n<h2 class=\"wp-block-heading\" id=\"0-synopsis\">Synopsis<\/h2>\n\n\n\n<figure class=\"wp-block-image\"><img loading=\"lazy\" decoding=\"async\" width=\"500\" height=\"400\" src=\"http:\/\/semolinika.anticteatre.com\/wp-content\/uploads\/2019\/05\/GEMINIS1.jpg\" alt=\"\" class=\"wp-image-156\"\/><\/figure>\n\n\n\n<p>Calen 3 persones per realitzar aquest treball.<\/p>\n\n\n\n<p>Contemporary dance air performance<br>\nDuration: 15 &#8211; 20 min.<\/p>\n\n\n\n<p>GEMINIS is an air dance performance designed for events (parties,<br>\nopenings, promotions) and festivals or theaters. Three strings are<br>\nused and can be performed indoors or outdoors at a minimal height<br>\nof seven meters and up to forty.<\/p>\n\n\n\n<figure class=\"wp-block-image\"><img loading=\"lazy\" decoding=\"async\" width=\"500\" height=\"400\" src=\"http:\/\/semolinika.anticteatre.com\/wp-content\/uploads\/2019\/05\/SINOPSIS1-2.jpg\" alt=\"\" class=\"wp-image-157\"\/><\/figure>\n\n\n\n<h2 class=\"wp-block-heading\" id=\"4-fitxa-art\u00edstica\">Technical rider<\/h2>\n\n\n\n<figure class=\"wp-block-image\"><img loading=\"lazy\" decoding=\"async\" width=\"500\" height=\"400\" src=\"http:\/\/semolinika.anticteatre.com\/wp-content\/uploads\/2019\/05\/FICHA-ARTISTICA1-3.jpg\" alt=\"\" class=\"wp-image-158\"\/><\/figure>\n\n\n\n<p>Espai:<\/p>\n\n\n\n<p>Si \u00e9s interior la coberta del lloc ha de comptar amb un tipus d&#8217;acc\u00e9s (tipus passarel\u00b7la).<br>\nSi hi ha sol bigues fortes: s&#8217;accedeix amb alguna cosa mec\u00e0nic a la coberta per col\u00b7locar els cables.<\/p>\n\n\n\n<p>Si \u00e9s exterior es necessita una grua, si \u00e9s entre dos edificis es poden posar cables, o existeix tamb\u00e9 la possibilitat d&#8217;utilitzar un trus com un bra\u00e7 com suport de les 2 noies. (Veure dibuix annex)<\/p>\n\n\n\n<p>Fitxa t\u00e8cnica:<\/p>\n\n\n\n<p>1 polispast de cadena el\u00e8ctric ( \u00e9s un motor el\u00e8ctric que s&#8217;empassa cadena)<br>\nde 500 Kg.<\/p>\n\n\n\n<p>ancoratge al sostre<\/p>\n\n\n\n<p>1 t\u00e8cnic d&#8217;il\u00b7luminaci\u00f3 <\/p>\n\n\n\n<p>que il\u00b7lumina als actors amb 2 canons. Posat cas que l&#8217;organitzaci\u00f3 requereixi l&#8217;\u00fas de per\u00f2 llum ( per\u00f2 espectacular) l&#8217;il\u00b7luminador pot posar per\u00f2 llums.<\/p>\n\n\n\n<p>1 t\u00e8cnic de so<\/p>\n\n\n\n<p>amplificaci\u00f3 d&#8217;espai per poder sentir b\u00e9 la m\u00fasica que s&#8217;emet a trav\u00e9s d&#8217;un CD. Si l&#8217;organitzaci\u00f3 requereix usar un tipus de m\u00fasica elegida per la mateixa aix\u00f2 tamb\u00e9 \u00e9s possible, sent altres possibilitats la contractaci\u00f3 d&#8217;un DJ o m\u00fasics en viu.<\/p>\n\n\n\n<h2 class=\"wp-block-heading\" id=\"5-galeria\">Galeria<\/h2>\n\n\n\n<ul class=\"wp-block-gallery columns-3 is-cropped wp-block-gallery-1 is-layout-flex wp-block-gallery-is-layout-flex\"><li class=\"blocks-gallery-item\"><figure><img loading=\"lazy\" decoding=\"async\" width=\"500\" height=\"400\" src=\"http:\/\/semolinika.anticteatre.com\/wp-content\/uploads\/2019\/05\/GEMINIS1-1.jpg\" alt=\"\" data-id=\"159\" data-link=\"http:\/\/semolinika.anticteatre.com\/cia-semolenika-tomic\/geminis\/geminis1-1\/\" class=\"wp-image-159\"\/><\/figure><\/li><li class=\"blocks-gallery-item\"><figure><img loading=\"lazy\" decoding=\"async\" width=\"500\" height=\"400\" src=\"http:\/\/semolinika.anticteatre.com\/wp-content\/uploads\/2019\/05\/GEMINIS2.jpg\" alt=\"\" data-id=\"160\" data-link=\"http:\/\/semolinika.anticteatre.com\/cia-semolenika-tomic\/geminis\/geminis2\/\" class=\"wp-image-160\"\/><\/figure><\/li><li class=\"blocks-gallery-item\"><figure><img loading=\"lazy\" decoding=\"async\" width=\"500\" height=\"400\" src=\"http:\/\/semolinika.anticteatre.com\/wp-content\/uploads\/2019\/05\/GEMINIS3.jpg\" alt=\"\" data-id=\"161\" data-link=\"http:\/\/semolinika.anticteatre.com\/cia-semolenika-tomic\/geminis\/geminis3\/\" class=\"wp-image-161\"\/><\/figure><\/li><li class=\"blocks-gallery-item\"><figure><img loading=\"lazy\" decoding=\"async\" width=\"500\" height=\"400\" src=\"http:\/\/semolinika.anticteatre.com\/wp-content\/uploads\/2019\/05\/GEMINIS4.jpg\" alt=\"\" data-id=\"162\" data-link=\"http:\/\/semolinika.anticteatre.com\/cia-semolenika-tomic\/geminis\/geminis4\/\" class=\"wp-image-162\"\/><\/figure><\/li><li class=\"blocks-gallery-item\"><figure><img loading=\"lazy\" decoding=\"async\" width=\"500\" height=\"400\" src=\"http:\/\/semolinika.anticteatre.com\/wp-content\/uploads\/2019\/05\/GEMINIS5.jpg\" alt=\"\" data-id=\"163\" data-link=\"http:\/\/semolinika.anticteatre.com\/cia-semolenika-tomic\/geminis\/geminis5\/\" class=\"wp-image-163\"\/><\/figure><\/li><li class=\"blocks-gallery-item\"><figure><img loading=\"lazy\" decoding=\"async\" width=\"500\" height=\"400\" src=\"http:\/\/semolinika.anticteatre.com\/wp-content\/uploads\/2019\/05\/GEMINIS6.jpg\" alt=\"\" data-id=\"164\" data-link=\"http:\/\/semolinika.anticteatre.com\/cia-semolenika-tomic\/geminis\/geminis6\/\" class=\"wp-image-164\"\/><\/figure><\/li><li class=\"blocks-gallery-item\"><figure><img loading=\"lazy\" decoding=\"async\" width=\"500\" height=\"400\" src=\"http:\/\/semolinika.anticteatre.com\/wp-content\/uploads\/2019\/05\/GEMINIS7.jpg\" alt=\"\" data-id=\"165\" data-link=\"http:\/\/semolinika.anticteatre.com\/cia-semolenika-tomic\/geminis\/geminis7\/\" class=\"wp-image-165\"\/><\/figure><\/li><li class=\"blocks-gallery-item\"><figure><img loading=\"lazy\" decoding=\"async\" width=\"500\" height=\"400\" src=\"http:\/\/semolinika.anticteatre.com\/wp-content\/uploads\/2019\/05\/GEMINIS8.jpg\" alt=\"\" data-id=\"166\" data-link=\"http:\/\/semolinika.anticteatre.com\/cia-semolenika-tomic\/geminis\/geminis8\/\" class=\"wp-image-166\"\/><\/figure><\/li><li class=\"blocks-gallery-item\"><figure><img loading=\"lazy\" decoding=\"async\" width=\"500\" height=\"400\" src=\"http:\/\/semolinika.anticteatre.com\/wp-content\/uploads\/2019\/05\/GEMINIS9.jpg\" alt=\"\" data-id=\"167\" data-link=\"http:\/\/semolinika.anticteatre.com\/cia-semolenika-tomic\/geminis\/geminis9\/\" class=\"wp-image-167\"\/><\/figure><\/li><li class=\"blocks-gallery-item\"><figure><img loading=\"lazy\" decoding=\"async\" width=\"500\" height=\"400\" src=\"http:\/\/semolinika.anticteatre.com\/wp-content\/uploads\/2019\/05\/GEMINIS10.jpg\" alt=\"\" data-id=\"168\" data-link=\"http:\/\/semolinika.anticteatre.com\/cia-semolenika-tomic\/geminis\/geminis10\/\" class=\"wp-image-168\"\/><\/figure><\/li><li class=\"blocks-gallery-item\"><figure><img loading=\"lazy\" decoding=\"async\" width=\"500\" height=\"400\" src=\"http:\/\/semolinika.anticteatre.com\/wp-content\/uploads\/2019\/05\/GEMINIS11.jpg\" alt=\"\" data-id=\"169\" data-link=\"http:\/\/semolinika.anticteatre.com\/cia-semolenika-tomic\/geminis\/geminis11\/\" class=\"wp-image-169\"\/><\/figure><\/li><li class=\"blocks-gallery-item\"><figure><img loading=\"lazy\" decoding=\"async\" width=\"500\" height=\"400\" src=\"http:\/\/semolinika.anticteatre.com\/wp-content\/uploads\/2019\/05\/GEMINIS12.jpg\" alt=\"\" data-id=\"170\" data-link=\"http:\/\/semolinika.anticteatre.com\/cia-semolenika-tomic\/geminis\/geminis12\/\" class=\"wp-image-170\"\/><\/figure><\/li><li class=\"blocks-gallery-item\"><figure><img loading=\"lazy\" decoding=\"async\" width=\"500\" height=\"400\" src=\"http:\/\/semolinika.anticteatre.com\/wp-content\/uploads\/2019\/05\/GEMINIS13.jpg\" alt=\"\" data-id=\"171\" data-link=\"http:\/\/semolinika.anticteatre.com\/cia-semolenika-tomic\/geminis\/geminis13\/\" class=\"wp-image-171\"\/><\/figure><\/li><li class=\"blocks-gallery-item\"><figure><img loading=\"lazy\" decoding=\"async\" width=\"500\" height=\"400\" src=\"http:\/\/semolinika.anticteatre.com\/wp-content\/uploads\/2019\/05\/GEMINIS14.jpg\" alt=\"\" data-id=\"172\" data-link=\"http:\/\/semolinika.anticteatre.com\/cia-semolenika-tomic\/geminis\/geminis14\/\" class=\"wp-image-172\"\/><\/figure><\/li><li class=\"blocks-gallery-item\"><figure><img loading=\"lazy\" decoding=\"async\" width=\"500\" height=\"400\" src=\"http:\/\/semolinika.anticteatre.com\/wp-content\/uploads\/2019\/05\/GEMINIS15.jpg\" alt=\"\" data-id=\"173\" data-link=\"http:\/\/semolinika.anticteatre.com\/cia-semolenika-tomic\/geminis\/geminis15\/\" class=\"wp-image-173\"\/><\/figure><\/li><\/ul>\n\n\n\n<h2 class=\"wp-block-heading\" id=\"6-video\">Video<\/h2>\n\n\n\n<figure class=\"wp-block-video\"><video controls src=\"http:\/\/semolinika.anticteatre.com\/wp-content\/uploads\/2019\/05\/GEMINIS.mp4\"><\/video><\/figure>\n","protected":false},"excerpt":{"rendered":"<p>Synopsis Calen 3 persones per realitzar aquest treball. Contemporary dance air performance Duration: 15 &#8211; 20 min. GEMINIS is an air dance performance designed for events (parties, openings, promotions) and festivals or theaters. Three strings are used and can be performed indoors or outdoors at a minimal height of seven meters and up to forty.&nbsp; <a href=\"http:\/\/semolinika.anticteatre.com\/en\/cia-semolinika-tomic\/geminis\/\">&hellip; Read more <i class=\"glyphicon glyphicon-arrow-right\"><\/i><\/a><\/p>\n","protected":false},"author":1,"featured_media":0,"parent":1065,"menu_order":4,"comment_status":"closed","ping_status":"closed","template":"","meta":{"_acf_changed":false,"_uag_custom_page_level_css":"","footnotes":""},"class_list":["post-1112","page","type-page","status-publish","hentry"],"acf":[],"yoast_head":"<!-- This site is optimized with the Yoast SEO plugin v23.4 - https:\/\/yoast.com\/wordpress\/plugins\/seo\/ -->\n<title>Geminis - Semolinika Tomic<\/title>\n<meta name=\"robots\" content=\"index, follow, max-snippet:-1, max-image-preview:large, max-video-preview:-1\" \/>\n<link rel=\"canonical\" href=\"http:\/\/semolinika.anticteatre.com\/en\/cia-semolinika-tomic\/geminis\/\" \/>\n<meta property=\"og:locale\" content=\"en_US\" \/>\n<meta property=\"og:type\" content=\"article\" \/>\n<meta property=\"og:title\" content=\"Geminis - Semolinika Tomic\" \/>\n<meta property=\"og:description\" content=\"Synopsis Calen 3 persones per realitzar aquest treball. Contemporary dance air performance Duration: 15 &#8211; 20 min. GEMINIS is an air dance performance designed for events (parties, openings, promotions) and festivals or theaters. Three strings are used and can be performed indoors or outdoors at a minimal height of seven meters and up to forty.&nbsp; &hellip; Read more\" \/>\n<meta property=\"og:url\" content=\"http:\/\/semolinika.anticteatre.com\/en\/cia-semolinika-tomic\/geminis\/\" \/>\n<meta property=\"og:site_name\" content=\"Semolinika Tomic\" \/>\n<meta property=\"article:modified_time\" content=\"2019-05-27T15:17:30+00:00\" \/>\n<meta property=\"og:image\" content=\"http:\/\/semolinika.anticteatre.com\/wp-content\/uploads\/2019\/05\/GEMINIS1.jpg\" \/>\n<meta name=\"twitter:card\" content=\"summary_large_image\" \/>\n<meta name=\"twitter:label1\" content=\"Est. reading time\" \/>\n\t<meta name=\"twitter:data1\" content=\"1 minute\" \/>\n<script type=\"application\/ld+json\" class=\"yoast-schema-graph\">{\"@context\":\"https:\/\/schema.org\",\"@graph\":[{\"@type\":\"WebPage\",\"@id\":\"http:\/\/semolinika.anticteatre.com\/en\/cia-semolinika-tomic\/geminis\/\",\"url\":\"http:\/\/semolinika.anticteatre.com\/en\/cia-semolinika-tomic\/geminis\/\",\"name\":\"Geminis - Semolinika Tomic\",\"isPartOf\":{\"@id\":\"https:\/\/semolinika.anticteatre.com\/#website\"},\"primaryImageOfPage\":{\"@id\":\"http:\/\/semolinika.anticteatre.com\/en\/cia-semolinika-tomic\/geminis\/#primaryimage\"},\"image\":{\"@id\":\"http:\/\/semolinika.anticteatre.com\/en\/cia-semolinika-tomic\/geminis\/#primaryimage\"},\"thumbnailUrl\":\"http:\/\/semolinika.anticteatre.com\/wp-content\/uploads\/2019\/05\/GEMINIS1.jpg\",\"datePublished\":\"2019-05-23T16:19:50+00:00\",\"dateModified\":\"2019-05-27T15:17:30+00:00\",\"breadcrumb\":{\"@id\":\"http:\/\/semolinika.anticteatre.com\/en\/cia-semolinika-tomic\/geminis\/#breadcrumb\"},\"inLanguage\":\"en-US\",\"potentialAction\":[{\"@type\":\"ReadAction\",\"target\":[\"http:\/\/semolinika.anticteatre.com\/en\/cia-semolinika-tomic\/geminis\/\"]}]},{\"@type\":\"ImageObject\",\"inLanguage\":\"en-US\",\"@id\":\"http:\/\/semolinika.anticteatre.com\/en\/cia-semolinika-tomic\/geminis\/#primaryimage\",\"url\":\"http:\/\/semolinika.anticteatre.com\/wp-content\/uploads\/2019\/05\/GEMINIS1.jpg\",\"contentUrl\":\"http:\/\/semolinika.anticteatre.com\/wp-content\/uploads\/2019\/05\/GEMINIS1.jpg\"},{\"@type\":\"BreadcrumbList\",\"@id\":\"http:\/\/semolinika.anticteatre.com\/en\/cia-semolinika-tomic\/geminis\/#breadcrumb\",\"itemListElement\":[{\"@type\":\"ListItem\",\"position\":1,\"name\":\"Home\",\"item\":\"https:\/\/semolinika.anticteatre.com\/en\/\"},{\"@type\":\"ListItem\",\"position\":2,\"name\":\"Cia Semolinika Tomic\",\"item\":\"https:\/\/semolinika.anticteatre.com\/en\/cia-semolinika-tomic\/\"},{\"@type\":\"ListItem\",\"position\":3,\"name\":\"Geminis\"}]},{\"@type\":\"WebSite\",\"@id\":\"https:\/\/semolinika.anticteatre.com\/#website\",\"url\":\"https:\/\/semolinika.anticteatre.com\/\",\"name\":\"Semolinika Tomic\",\"description\":\"Artist\",\"potentialAction\":[{\"@type\":\"SearchAction\",\"target\":{\"@type\":\"EntryPoint\",\"urlTemplate\":\"https:\/\/semolinika.anticteatre.com\/?s={search_term_string}\"},\"query-input\":{\"@type\":\"PropertyValueSpecification\",\"valueRequired\":true,\"valueName\":\"search_term_string\"}}],\"inLanguage\":\"en-US\"}]}<\/script>\n<!-- \/ Yoast SEO plugin. -->","yoast_head_json":{"title":"Geminis - Semolinika Tomic","robots":{"index":"index","follow":"follow","max-snippet":"max-snippet:-1","max-image-preview":"max-image-preview:large","max-video-preview":"max-video-preview:-1"},"canonical":"http:\/\/semolinika.anticteatre.com\/en\/cia-semolinika-tomic\/geminis\/","og_locale":"en_US","og_type":"article","og_title":"Geminis - Semolinika Tomic","og_description":"Synopsis Calen 3 persones per realitzar aquest treball. Contemporary dance air performance Duration: 15 &#8211; 20 min. GEMINIS is an air dance performance designed for events (parties, openings, promotions) and festivals or theaters. Three strings are used and can be performed indoors or outdoors at a minimal height of seven meters and up to forty.&nbsp; &hellip; Read more","og_url":"http:\/\/semolinika.anticteatre.com\/en\/cia-semolinika-tomic\/geminis\/","og_site_name":"Semolinika Tomic","article_modified_time":"2019-05-27T15:17:30+00:00","og_image":[{"url":"http:\/\/semolinika.anticteatre.com\/wp-content\/uploads\/2019\/05\/GEMINIS1.jpg"}],"twitter_card":"summary_large_image","twitter_misc":{"Est. reading time":"1 minute"},"schema":{"@context":"https:\/\/schema.org","@graph":[{"@type":"WebPage","@id":"http:\/\/semolinika.anticteatre.com\/en\/cia-semolinika-tomic\/geminis\/","url":"http:\/\/semolinika.anticteatre.com\/en\/cia-semolinika-tomic\/geminis\/","name":"Geminis - Semolinika Tomic","isPartOf":{"@id":"https:\/\/semolinika.anticteatre.com\/#website"},"primaryImageOfPage":{"@id":"http:\/\/semolinika.anticteatre.com\/en\/cia-semolinika-tomic\/geminis\/#primaryimage"},"image":{"@id":"http:\/\/semolinika.anticteatre.com\/en\/cia-semolinika-tomic\/geminis\/#primaryimage"},"thumbnailUrl":"http:\/\/semolinika.anticteatre.com\/wp-content\/uploads\/2019\/05\/GEMINIS1.jpg","datePublished":"2019-05-23T16:19:50+00:00","dateModified":"2019-05-27T15:17:30+00:00","breadcrumb":{"@id":"http:\/\/semolinika.anticteatre.com\/en\/cia-semolinika-tomic\/geminis\/#breadcrumb"},"inLanguage":"en-US","potentialAction":[{"@type":"ReadAction","target":["http:\/\/semolinika.anticteatre.com\/en\/cia-semolinika-tomic\/geminis\/"]}]},{"@type":"ImageObject","inLanguage":"en-US","@id":"http:\/\/semolinika.anticteatre.com\/en\/cia-semolinika-tomic\/geminis\/#primaryimage","url":"http:\/\/semolinika.anticteatre.com\/wp-content\/uploads\/2019\/05\/GEMINIS1.jpg","contentUrl":"http:\/\/semolinika.anticteatre.com\/wp-content\/uploads\/2019\/05\/GEMINIS1.jpg"},{"@type":"BreadcrumbList","@id":"http:\/\/semolinika.anticteatre.com\/en\/cia-semolinika-tomic\/geminis\/#breadcrumb","itemListElement":[{"@type":"ListItem","position":1,"name":"Home","item":"https:\/\/semolinika.anticteatre.com\/en\/"},{"@type":"ListItem","position":2,"name":"Cia Semolinika Tomic","item":"https:\/\/semolinika.anticteatre.com\/en\/cia-semolinika-tomic\/"},{"@type":"ListItem","position":3,"name":"Geminis"}]},{"@type":"WebSite","@id":"https:\/\/semolinika.anticteatre.com\/#website","url":"https:\/\/semolinika.anticteatre.com\/","name":"Semolinika Tomic","description":"Artist","potentialAction":[{"@type":"SearchAction","target":{"@type":"EntryPoint","urlTemplate":"https:\/\/semolinika.anticteatre.com\/?s={search_term_string}"},"query-input":{"@type":"PropertyValueSpecification","valueRequired":true,"valueName":"search_term_string"}}],"inLanguage":"en-US"}]}},"uagb_featured_image_src":{"full":false,"thumbnail":false,"medium":false,"medium_large":false,"large":false,"1536x1536":false,"2048x2048":false},"uagb_author_info":{"display_name":"Marc","author_link":"http:\/\/semolinika.anticteatre.com\/en\/author\/marc\/"},"uagb_comment_info":0,"uagb_excerpt":"Synopsis Calen 3 persones per realitzar aquest treball. Contemporary dance air performance Duration: 15 &#8211; 20 min. GEMINIS is an air dance performance designed for events (parties, openings, promotions) and festivals or theaters. Three strings are used and can be performed indoors or outdoors at a minimal height of seven meters and up to forty.&nbsp;&hellip;","_links":{"self":[{"href":"http:\/\/semolinika.anticteatre.com\/en\/wp-json\/wp\/v2\/pages\/1112"}],"collection":[{"href":"http:\/\/semolinika.anticteatre.com\/en\/wp-json\/wp\/v2\/pages"}],"about":[{"href":"http:\/\/semolinika.anticteatre.com\/en\/wp-json\/wp\/v2\/types\/page"}],"author":[{"embeddable":true,"href":"http:\/\/semolinika.anticteatre.com\/en\/wp-json\/wp\/v2\/users\/1"}],"replies":[{"embeddable":true,"href":"http:\/\/semolinika.anticteatre.com\/en\/wp-json\/wp\/v2\/comments?post=1112"}],"version-history":[{"count":1,"href":"http:\/\/semolinika.anticteatre.com\/en\/wp-json\/wp\/v2\/pages\/1112\/revisions"}],"predecessor-version":[{"id":1117,"href":"http:\/\/semolinika.anticteatre.com\/en\/wp-json\/wp\/v2\/pages\/1112\/revisions\/1117"}],"up":[{"embeddable":true,"href":"http:\/\/semolinika.anticteatre.com\/en\/wp-json\/wp\/v2\/pages\/1065"}],"wp:attachment":[{"href":"http:\/\/semolinika.anticteatre.com\/en\/wp-json\/wp\/v2\/media?parent=1112"}],"curies":[{"name":"wp","href":"https:\/\/api.w.org\/{rel}","templated":true}]}}