{"id":1066,"date":"2019-05-23T18:07:01","date_gmt":"2019-05-23T16:07:01","guid":{"rendered":"http:\/\/semolinika.anticteatre.com\/cia-semolenika-tomic\/"},"modified":"2019-05-27T17:49:34","modified_gmt":"2019-05-27T15:49:34","slug":"cia-semolinika-tomic","status":"publish","type":"page","link":"http:\/\/semolinika.anticteatre.com\/es\/cia-semolinika-tomic\/","title":{"rendered":"Cia Semolinika Tomic"},"content":{"rendered":"\n<figure class=\"wp-block-image\"><img loading=\"lazy\" decoding=\"async\" width=\"285\" height=\"400\" src=\"http:\/\/semolinika.anticteatre.com\/wp-content\/uploads\/2019\/05\/CIA-SEMOLINIKA-TOMIC1.jpg\" alt=\"\" class=\"wp-image-1057\"\/><\/figure>\n\n\n\n<p>Residente de L&#8217;ANTIC TEATRE &#8211; L&#8217;ESPAI DE CREACI\u00d3, Barcelona<\/p>\n\n\n\n<p>www.lanticteatre.com<\/p>\n\n\n\n<p>Julijana Tomic Fajdetic, conocida art\u00edsticamente como Semol\u00ednika Tomic, se form\u00f3 como bailarina y actriz en Osijek (Croacia). Esta creadora de origen croata  reside en Barcelona desde 1985. <\/p>\n\n\n\n<p>Su inquietud por encontrar nuevas l\u00edneas de investigaci\u00f3n teatral y de danza la impulsaron a viajar para formarse a la India, Italia, Holanda y a vincularse al mundo de la m\u00fasica y la performance, siempre relacion\u00e1ndose con creadores involucrados en encontrar nuevas v\u00edas de expresi\u00f3n.  <\/p>\n\n\n\n<p>Su experiencia de ocho a\u00f1os con la compa\u00f1\u00eda catalana La Fura dels Baus (1995-2003), donde el actor es tambi\u00e9n creador, la impulsaron a realizar su propio trabajo, en una l\u00ednea en la que conjuga diferentes disciplinas art\u00edsticas que ha logrado desarrollar, como el teatro f\u00edsico contempor\u00e1neo, danza, performance, danza a\u00e9rea, acciones de calle, instalaciones y el uso de las nuevas tecnolog\u00edas multimedia aplicadas al espect\u00e1culo.<\/p>\n\n\n\n<p>En 1999 Semol\u00ednika Tomic decide crear su propia compa\u00f1\u00eda experimentando nuevos lenguajes art\u00edsticos. Desarrolla un trabajo personal basado en su propia experiencia. <\/p>\n\n\n\n<p>Sus creaciones: Lenin is Mine?, Discovering Lenin, Body Safe(er), \u00bfD\u00f3nde Estamos?, G\u00e9minis, Ox\u00edgeno, Coto de Casa dan prioridad al contacto directo con el publico a trav\u00e9s de un mensaje sensibilizador que nunca deja indiferente.<\/p>\n\n\n\n<p>Todas estas creaciones est\u00e1n vivas y forman parte de su repertorio.<\/p>\n\n\n\n<p>A mismo tiempo, la compa\u00f1\u00eda propone workshops de teatro y danza los d\u00edas anteriores o posteriores a las funciones. <\/p>\n","protected":false},"excerpt":{"rendered":"<p>Residente de L&#8217;ANTIC TEATRE &#8211; L&#8217;ESPAI DE CREACI\u00d3, Barcelona www.lanticteatre.com Julijana Tomic Fajdetic, conocida art\u00edsticamente como Semol\u00ednika Tomic, se form\u00f3 como bailarina y actriz en Osijek (Croacia). Esta creadora de origen croata reside en Barcelona desde 1985. Su inquietud por encontrar nuevas l\u00edneas de investigaci\u00f3n teatral y de danza la impulsaron a viajar para formarse&nbsp; <a href=\"http:\/\/semolinika.anticteatre.com\/es\/cia-semolinika-tomic\/\">&hellip; Read more <i class=\"glyphicon glyphicon-arrow-right\"><\/i><\/a><\/p>\n","protected":false},"author":1,"featured_media":0,"parent":0,"menu_order":1,"comment_status":"closed","ping_status":"closed","template":"","meta":{"_acf_changed":false,"_uag_custom_page_level_css":"","footnotes":""},"class_list":["post-1066","page","type-page","status-publish","hentry"],"acf":[],"yoast_head":"<!-- This site is optimized with the Yoast SEO plugin v23.4 - https:\/\/yoast.com\/wordpress\/plugins\/seo\/ -->\n<title>Cia Semolinika Tomic - Semolinika Tomic<\/title>\n<meta name=\"robots\" content=\"index, follow, max-snippet:-1, max-image-preview:large, max-video-preview:-1\" \/>\n<link rel=\"canonical\" href=\"http:\/\/semolinika.anticteatre.com\/es\/cia-semolinika-tomic\/\" \/>\n<meta property=\"og:locale\" content=\"es_ES\" \/>\n<meta property=\"og:type\" content=\"article\" \/>\n<meta property=\"og:title\" content=\"Cia Semolinika Tomic - Semolinika Tomic\" \/>\n<meta property=\"og:description\" content=\"Residente de L&#8217;ANTIC TEATRE &#8211; L&#8217;ESPAI DE CREACI\u00d3, Barcelona www.lanticteatre.com Julijana Tomic Fajdetic, conocida art\u00edsticamente como Semol\u00ednika Tomic, se form\u00f3 como bailarina y actriz en Osijek (Croacia). Esta creadora de origen croata reside en Barcelona desde 1985. Su inquietud por encontrar nuevas l\u00edneas de investigaci\u00f3n teatral y de danza la impulsaron a viajar para formarse&nbsp; &hellip; Read more\" \/>\n<meta property=\"og:url\" content=\"http:\/\/semolinika.anticteatre.com\/es\/cia-semolinika-tomic\/\" \/>\n<meta property=\"og:site_name\" content=\"Semolinika Tomic\" \/>\n<meta property=\"article:modified_time\" content=\"2019-05-27T15:49:34+00:00\" \/>\n<meta property=\"og:image\" content=\"http:\/\/semolinika.anticteatre.com\/wp-content\/uploads\/2019\/05\/CIA-SEMOLINIKA-TOMIC1.jpg\" \/>\n<meta name=\"twitter:card\" content=\"summary_large_image\" \/>\n<meta name=\"twitter:label1\" content=\"Tiempo de lectura\" \/>\n\t<meta name=\"twitter:data1\" content=\"1 minuto\" \/>\n<script type=\"application\/ld+json\" class=\"yoast-schema-graph\">{\"@context\":\"https:\/\/schema.org\",\"@graph\":[{\"@type\":\"WebPage\",\"@id\":\"http:\/\/semolinika.anticteatre.com\/es\/cia-semolinika-tomic\/\",\"url\":\"http:\/\/semolinika.anticteatre.com\/es\/cia-semolinika-tomic\/\",\"name\":\"Cia Semolinika Tomic - Semolinika Tomic\",\"isPartOf\":{\"@id\":\"https:\/\/semolinika.anticteatre.com\/#website\"},\"primaryImageOfPage\":{\"@id\":\"http:\/\/semolinika.anticteatre.com\/es\/cia-semolinika-tomic\/#primaryimage\"},\"image\":{\"@id\":\"http:\/\/semolinika.anticteatre.com\/es\/cia-semolinika-tomic\/#primaryimage\"},\"thumbnailUrl\":\"http:\/\/semolinika.anticteatre.com\/wp-content\/uploads\/2019\/05\/CIA-SEMOLINIKA-TOMIC1.jpg\",\"datePublished\":\"2019-05-23T16:07:01+00:00\",\"dateModified\":\"2019-05-27T15:49:34+00:00\",\"breadcrumb\":{\"@id\":\"http:\/\/semolinika.anticteatre.com\/es\/cia-semolinika-tomic\/#breadcrumb\"},\"inLanguage\":\"es\",\"potentialAction\":[{\"@type\":\"ReadAction\",\"target\":[\"http:\/\/semolinika.anticteatre.com\/es\/cia-semolinika-tomic\/\"]}]},{\"@type\":\"ImageObject\",\"inLanguage\":\"es\",\"@id\":\"http:\/\/semolinika.anticteatre.com\/es\/cia-semolinika-tomic\/#primaryimage\",\"url\":\"http:\/\/semolinika.anticteatre.com\/wp-content\/uploads\/2019\/05\/CIA-SEMOLINIKA-TOMIC1.jpg\",\"contentUrl\":\"http:\/\/semolinika.anticteatre.com\/wp-content\/uploads\/2019\/05\/CIA-SEMOLINIKA-TOMIC1.jpg\"},{\"@type\":\"BreadcrumbList\",\"@id\":\"http:\/\/semolinika.anticteatre.com\/es\/cia-semolinika-tomic\/#breadcrumb\",\"itemListElement\":[{\"@type\":\"ListItem\",\"position\":1,\"name\":\"Home\",\"item\":\"http:\/\/semolinika.anticteatre.com\/es\/\"},{\"@type\":\"ListItem\",\"position\":2,\"name\":\"Cia Semolinika Tomic\"}]},{\"@type\":\"WebSite\",\"@id\":\"https:\/\/semolinika.anticteatre.com\/#website\",\"url\":\"https:\/\/semolinika.anticteatre.com\/\",\"name\":\"Semolinika Tomic\",\"description\":\"Artist\",\"potentialAction\":[{\"@type\":\"SearchAction\",\"target\":{\"@type\":\"EntryPoint\",\"urlTemplate\":\"https:\/\/semolinika.anticteatre.com\/?s={search_term_string}\"},\"query-input\":{\"@type\":\"PropertyValueSpecification\",\"valueRequired\":true,\"valueName\":\"search_term_string\"}}],\"inLanguage\":\"es\"}]}<\/script>\n<!-- \/ Yoast SEO plugin. -->","yoast_head_json":{"title":"Cia Semolinika Tomic - Semolinika Tomic","robots":{"index":"index","follow":"follow","max-snippet":"max-snippet:-1","max-image-preview":"max-image-preview:large","max-video-preview":"max-video-preview:-1"},"canonical":"http:\/\/semolinika.anticteatre.com\/es\/cia-semolinika-tomic\/","og_locale":"es_ES","og_type":"article","og_title":"Cia Semolinika Tomic - Semolinika Tomic","og_description":"Residente de L&#8217;ANTIC TEATRE &#8211; L&#8217;ESPAI DE CREACI\u00d3, Barcelona www.lanticteatre.com Julijana Tomic Fajdetic, conocida art\u00edsticamente como Semol\u00ednika Tomic, se form\u00f3 como bailarina y actriz en Osijek (Croacia). Esta creadora de origen croata reside en Barcelona desde 1985. Su inquietud por encontrar nuevas l\u00edneas de investigaci\u00f3n teatral y de danza la impulsaron a viajar para formarse&nbsp; &hellip; Read more","og_url":"http:\/\/semolinika.anticteatre.com\/es\/cia-semolinika-tomic\/","og_site_name":"Semolinika Tomic","article_modified_time":"2019-05-27T15:49:34+00:00","og_image":[{"url":"http:\/\/semolinika.anticteatre.com\/wp-content\/uploads\/2019\/05\/CIA-SEMOLINIKA-TOMIC1.jpg"}],"twitter_card":"summary_large_image","twitter_misc":{"Tiempo de lectura":"1 minuto"},"schema":{"@context":"https:\/\/schema.org","@graph":[{"@type":"WebPage","@id":"http:\/\/semolinika.anticteatre.com\/es\/cia-semolinika-tomic\/","url":"http:\/\/semolinika.anticteatre.com\/es\/cia-semolinika-tomic\/","name":"Cia Semolinika Tomic - Semolinika Tomic","isPartOf":{"@id":"https:\/\/semolinika.anticteatre.com\/#website"},"primaryImageOfPage":{"@id":"http:\/\/semolinika.anticteatre.com\/es\/cia-semolinika-tomic\/#primaryimage"},"image":{"@id":"http:\/\/semolinika.anticteatre.com\/es\/cia-semolinika-tomic\/#primaryimage"},"thumbnailUrl":"http:\/\/semolinika.anticteatre.com\/wp-content\/uploads\/2019\/05\/CIA-SEMOLINIKA-TOMIC1.jpg","datePublished":"2019-05-23T16:07:01+00:00","dateModified":"2019-05-27T15:49:34+00:00","breadcrumb":{"@id":"http:\/\/semolinika.anticteatre.com\/es\/cia-semolinika-tomic\/#breadcrumb"},"inLanguage":"es","potentialAction":[{"@type":"ReadAction","target":["http:\/\/semolinika.anticteatre.com\/es\/cia-semolinika-tomic\/"]}]},{"@type":"ImageObject","inLanguage":"es","@id":"http:\/\/semolinika.anticteatre.com\/es\/cia-semolinika-tomic\/#primaryimage","url":"http:\/\/semolinika.anticteatre.com\/wp-content\/uploads\/2019\/05\/CIA-SEMOLINIKA-TOMIC1.jpg","contentUrl":"http:\/\/semolinika.anticteatre.com\/wp-content\/uploads\/2019\/05\/CIA-SEMOLINIKA-TOMIC1.jpg"},{"@type":"BreadcrumbList","@id":"http:\/\/semolinika.anticteatre.com\/es\/cia-semolinika-tomic\/#breadcrumb","itemListElement":[{"@type":"ListItem","position":1,"name":"Home","item":"http:\/\/semolinika.anticteatre.com\/es\/"},{"@type":"ListItem","position":2,"name":"Cia Semolinika Tomic"}]},{"@type":"WebSite","@id":"https:\/\/semolinika.anticteatre.com\/#website","url":"https:\/\/semolinika.anticteatre.com\/","name":"Semolinika Tomic","description":"Artist","potentialAction":[{"@type":"SearchAction","target":{"@type":"EntryPoint","urlTemplate":"https:\/\/semolinika.anticteatre.com\/?s={search_term_string}"},"query-input":{"@type":"PropertyValueSpecification","valueRequired":true,"valueName":"search_term_string"}}],"inLanguage":"es"}]}},"uagb_featured_image_src":{"full":false,"thumbnail":false,"medium":false,"medium_large":false,"large":false,"1536x1536":false,"2048x2048":false},"uagb_author_info":{"display_name":"Marc","author_link":"http:\/\/semolinika.anticteatre.com\/es\/author\/marc\/"},"uagb_comment_info":0,"uagb_excerpt":"Residente de L&#8217;ANTIC TEATRE &#8211; L&#8217;ESPAI DE CREACI\u00d3, Barcelona www.lanticteatre.com Julijana Tomic Fajdetic, conocida art\u00edsticamente como Semol\u00ednika Tomic, se form\u00f3 como bailarina y actriz en Osijek (Croacia). Esta creadora de origen croata reside en Barcelona desde 1985. Su inquietud por encontrar nuevas l\u00edneas de investigaci\u00f3n teatral y de danza la impulsaron a viajar para formarse&nbsp;&hellip;","_links":{"self":[{"href":"http:\/\/semolinika.anticteatre.com\/es\/wp-json\/wp\/v2\/pages\/1066"}],"collection":[{"href":"http:\/\/semolinika.anticteatre.com\/es\/wp-json\/wp\/v2\/pages"}],"about":[{"href":"http:\/\/semolinika.anticteatre.com\/es\/wp-json\/wp\/v2\/types\/page"}],"author":[{"embeddable":true,"href":"http:\/\/semolinika.anticteatre.com\/es\/wp-json\/wp\/v2\/users\/1"}],"replies":[{"embeddable":true,"href":"http:\/\/semolinika.anticteatre.com\/es\/wp-json\/wp\/v2\/comments?post=1066"}],"version-history":[{"count":3,"href":"http:\/\/semolinika.anticteatre.com\/es\/wp-json\/wp\/v2\/pages\/1066\/revisions"}],"predecessor-version":[{"id":1240,"href":"http:\/\/semolinika.anticteatre.com\/es\/wp-json\/wp\/v2\/pages\/1066\/revisions\/1240"}],"wp:attachment":[{"href":"http:\/\/semolinika.anticteatre.com\/es\/wp-json\/wp\/v2\/media?parent=1066"}],"curies":[{"name":"wp","href":"https:\/\/api.w.org\/{rel}","templated":true}]}}