{"id":1086,"date":"2019-05-23T18:12:30","date_gmt":"2019-05-23T16:12:30","guid":{"rendered":"http:\/\/semolinika.anticteatre.com\/cia-semolenika-tomic\/descobrint-lenin-a-lantartida\/"},"modified":"2019-05-27T16:49:57","modified_gmt":"2019-05-27T14:49:57","slug":"descobrint-lenin-a-lantartida","status":"publish","type":"page","link":"http:\/\/semolinika.anticteatre.com\/es\/cia-semolinika-tomic\/descobrint-lenin-a-lantartida\/","title":{"rendered":"Descubriendo Lenin en la Ant\u00e1rtida"},"content":{"rendered":"\t\t\t\t<div class=\"wp-block-uagb-table-of-contents uagb-toc__align-left uagb-toc__columns-1  uagb-block-fcd448b7-d66c-41bc-b05f-6e612573220c     \"\n\t\t\t\t\tdata-scroll= \"1\"\n\t\t\t\t\tdata-offset= \"30\"\n\t\t\t\t\tstyle=\"\"\n\t\t\t\t>\n\t\t\t\t<div class=\"uagb-toc__wrap\">\n\t\t\t\t\t\t<div class=\"uagb-toc__title\">\n\t\t\t\t\t\t\tTable Of Contents\t\t\t\t\t\t<\/div>\n\t\t\t\t\t\t\t\t\t\t\t\t\t\t\t\t<div class=\"uagb-toc__list-wrap\">\n\t\t\t\t\t\t<ol class=\"uagb-toc__list\"><li class=\"uagb-toc__list\"><a href=\"#intro\" class=\"uagb-toc-link__trigger\">Intro<\/a><li class=\"uagb-toc__list\"><a href=\"#sinopsis\" class=\"uagb-toc-link__trigger\">SinopsiS<\/a><li class=\"uagb-toc__list\"><a href=\"#ficha-art\u00edstica\" class=\"uagb-toc-link__trigger\">Ficha Art\u00edstica<\/a><li class=\"uagb-toc__list\"><a href=\"#galer\u00eda\" class=\"uagb-toc-link__trigger\">Galer\u00eda<\/a><li class=\"uagb-toc__list\"><a href=\"#prensa\" class=\"uagb-toc-link__trigger\">Prensa<\/a><li class=\"uagb-toc__list\"><a href=\"#video\" class=\"uagb-toc-link__trigger\">Video<\/a><\/ol>\t\t\t\t\t<\/div>\n\t\t\t\t\t\t\t\t\t<\/div>\n\t\t\t\t<\/div>\n\t\t\t\n\n\n<h2 class=\"wp-block-heading\" id=\"0-intro\">Intro<\/h2>\n\n\n\n<figure class=\"wp-block-image\"><img loading=\"lazy\" decoding=\"async\" width=\"532\" height=\"400\" src=\"http:\/\/semolinika.anticteatre.com\/wp-content\/uploads\/2019\/05\/DESCUBRIENDO-LENIN-EN-LA-ANTARTIDA1.jpg\" alt=\"\" class=\"wp-image-102\"\/><\/figure>\n\n\n\n<p>Esta performance que la compa\u00f1\u00eda presenta en el IKOS Festival (Brescia, Italia del 9 al 13 de mayo 2007),  es una de las performances creadas a partir del espect\u00e1culo de teatro f\u00edsico \/ multimedia LENIN IS MINE?<\/p>\n\n\n\n<h2 class=\"wp-block-heading\" id=\"0-sinopsi\">SinopsiS<\/h2>\n\n\n\n<figure class=\"wp-block-image\"><img loading=\"lazy\" decoding=\"async\" width=\"532\" height=\"400\" src=\"http:\/\/semolinika.anticteatre.com\/wp-content\/uploads\/2019\/05\/SINOPSIS1.jpg\" alt=\"\" class=\"wp-image-103\"\/><\/figure>\n\n\n\n<p>DESCUBRIENDO LENIN EN LA ANT\u00c1RTIDA       <br>\nMultimedia performance<\/p>\n\n\n\n<p>La performance parte de una historia verdadera que ha sucedido el d\u00eda 19 de enero de 2007. Henry Cookson, Rory Sweet, Rupert Longsdon and Paul Landry:<br>\nlas primeras personas que alcanzaron un punto inaccesible del Polo Sur sin ninguna ayuda mec\u00e1nica.<\/p>\n\n\n\n<p>Lo hicimos &#8211; Lenin est\u00e1 all\u00ed!!!!<\/p>\n\n\n\n<p>Temperatura:- 34\u00b0C , Viento: &#8211; 57\u00b0C, Altitud: 3725m <\/p>\n\n\n\n<p>Alcanzamos el POLO &#8211; en el centro de la Ant\u00e1rtida. Cuando est\u00e1bamos a los 6km de la posici\u00f3n se\u00f1alada respecto al GPS notamos un punto negro en el horizonte. Se fue haciendo m\u00e1s grande, hasta que pudimos ver la silueta de una estatua &#8211; no pod\u00edamos creerlo, hab\u00eda una estatua de Lenin colocada por los rusos en 1958.<\/p>\n\n\n\n<p>El Lenin se encuentra sobre una chimenea de una caba\u00f1a sovi\u00e9tica \u2013 un busto mayor que el tama\u00f1o real de Lenin, hecho de alg\u00fan tipo de pl\u00e1stico, sin nada de hielo, como si lo hubieran colocado all\u00ed ayer. Es muy, muy surrealista.<\/p>\n\n\n\n<h2 class=\"wp-block-heading\" id=\"4-fitxa-art\u00edstica\">Ficha Art\u00edstica<\/h2>\n\n\n\n<figure class=\"wp-block-image\"><img loading=\"lazy\" decoding=\"async\" width=\"603\" height=\"400\" src=\"http:\/\/semolinika.anticteatre.com\/wp-content\/uploads\/2019\/05\/FICHA-ARTISTICA1-1.jpg\" alt=\"\" class=\"wp-image-104\"\/><\/figure>\n\n\n\n<p>Concepto, direcci\u00f3n e interpretaci\u00f3n : Semolina Tomic<br>\nM\u00fasica: Marius Matesan<br>\nMultimedia: Xavier Gavin, Eduardo Segurado<br>\nT\u00e9cnica: Marcos Rodriguez Lopez<br>\nEstatua de Lenin: Giulia Scati, Alberto Pastore, Ruza, Mitra<br>\nProducci\u00f3n: V\u00e9ronique Oliete<\/p>\n\n\n\n<p>Coproducci\u00f3n: L&#8217;Antic Teatre &#8211; L&#8217;Espai de Creaci\u00f3, Barcelona<\/p>\n\n\n\n<p>Apoyado por:<br>\nGeneralitat de Catalu\u00f1a &#8211; Departamento de Cultura <br>\nAyuntamiento de Barcelona &#8211; Instituto de Cultura    <br>\nInstituto Ramon LLull<\/p>\n\n\n\n<h2 class=\"wp-block-heading\" id=\"5-galeria\">Galer\u00eda<\/h2>\n\n\n\n<ul class=\"wp-block-gallery columns-3 is-cropped wp-block-gallery-1 is-layout-flex wp-block-gallery-is-layout-flex\"><li class=\"blocks-gallery-item\"><figure><img loading=\"lazy\" decoding=\"async\" width=\"532\" height=\"400\" src=\"http:\/\/semolinika.anticteatre.com\/wp-content\/uploads\/2019\/05\/DESCUBRIENDO-LENIN-EN-LA-ANTARTIDA1-1.jpg\" alt=\"\" data-id=\"105\" data-link=\"http:\/\/semolinika.anticteatre.com\/cia-semolenika-tomic\/descobrint-lenin-a-lantartida\/descubriendo-lenin-en-la-antartida1-1\/\" class=\"wp-image-105\"\/><\/figure><\/li><li class=\"blocks-gallery-item\"><figure><img loading=\"lazy\" decoding=\"async\" width=\"603\" height=\"400\" src=\"http:\/\/semolinika.anticteatre.com\/wp-content\/uploads\/2019\/05\/DESCUBRIENDO-LENIN-EN-LA-ANTARTIDA2.jpg\" alt=\"\" data-id=\"106\" data-link=\"http:\/\/semolinika.anticteatre.com\/cia-semolenika-tomic\/descobrint-lenin-a-lantartida\/descubriendo-lenin-en-la-antartida2\/\" class=\"wp-image-106\"\/><\/figure><\/li><li class=\"blocks-gallery-item\"><figure><img loading=\"lazy\" decoding=\"async\" width=\"600\" height=\"400\" src=\"http:\/\/semolinika.anticteatre.com\/wp-content\/uploads\/2019\/05\/DESCUBRIENDO-LENIN-EN-LA-ANTARTIDA3.jpg\" alt=\"\" data-id=\"107\" data-link=\"http:\/\/semolinika.anticteatre.com\/cia-semolenika-tomic\/descobrint-lenin-a-lantartida\/descubriendo-lenin-en-la-antartida3\/\" class=\"wp-image-107\"\/><\/figure><\/li><li class=\"blocks-gallery-item\"><figure><img loading=\"lazy\" decoding=\"async\" width=\"600\" height=\"400\" src=\"http:\/\/semolinika.anticteatre.com\/wp-content\/uploads\/2019\/05\/DESCUBRIENDO-LENIN-EN-LA-ANTARTIDA4.jpg\" alt=\"\" data-id=\"108\" data-link=\"http:\/\/semolinika.anticteatre.com\/cia-semolenika-tomic\/descobrint-lenin-a-lantartida\/descubriendo-lenin-en-la-antartida4\/\" class=\"wp-image-108\"\/><\/figure><\/li><li class=\"blocks-gallery-item\"><figure><img loading=\"lazy\" decoding=\"async\" width=\"600\" height=\"400\" src=\"http:\/\/semolinika.anticteatre.com\/wp-content\/uploads\/2019\/05\/DESCUBRIENDO-LENIN-EN-LA-ANTARTIDA5.jpg\" alt=\"\" data-id=\"109\" data-link=\"http:\/\/semolinika.anticteatre.com\/cia-semolenika-tomic\/descobrint-lenin-a-lantartida\/descubriendo-lenin-en-la-antartida5\/\" class=\"wp-image-109\"\/><\/figure><\/li><li class=\"blocks-gallery-item\"><figure><img loading=\"lazy\" decoding=\"async\" width=\"600\" height=\"400\" src=\"http:\/\/semolinika.anticteatre.com\/wp-content\/uploads\/2019\/05\/DESCUBRIENDO-LENIN-EN-LA-ANTARTIDA6.jpg\" alt=\"\" data-id=\"110\" data-link=\"http:\/\/semolinika.anticteatre.com\/cia-semolenika-tomic\/descobrint-lenin-a-lantartida\/descubriendo-lenin-en-la-antartida6\/\" class=\"wp-image-110\"\/><\/figure><\/li><li class=\"blocks-gallery-item\"><figure><img loading=\"lazy\" decoding=\"async\" width=\"600\" height=\"400\" src=\"http:\/\/semolinika.anticteatre.com\/wp-content\/uploads\/2019\/05\/DESCUBRIENDO-LENIN-EN-LA-ANTARTIDA7.jpg\" alt=\"\" data-id=\"111\" data-link=\"http:\/\/semolinika.anticteatre.com\/cia-semolenika-tomic\/descobrint-lenin-a-lantartida\/descubriendo-lenin-en-la-antartida7\/\" class=\"wp-image-111\"\/><\/figure><\/li><li class=\"blocks-gallery-item\"><figure><img loading=\"lazy\" decoding=\"async\" width=\"600\" height=\"400\" src=\"http:\/\/semolinika.anticteatre.com\/wp-content\/uploads\/2019\/05\/DESCUBRIENDO-LENIN-EN-LA-ANTARTIDA8.jpg\" alt=\"\" data-id=\"112\" data-link=\"http:\/\/semolinika.anticteatre.com\/cia-semolenika-tomic\/descobrint-lenin-a-lantartida\/descubriendo-lenin-en-la-antartida8\/\" class=\"wp-image-112\"\/><\/figure><\/li><li class=\"blocks-gallery-item\"><figure><img loading=\"lazy\" decoding=\"async\" width=\"266\" height=\"400\" src=\"http:\/\/semolinika.anticteatre.com\/wp-content\/uploads\/2019\/05\/DESCUBRIENDO-LENIN-EN-LA-ANTARTIDA9.jpg\" alt=\"\" data-id=\"113\" data-link=\"http:\/\/semolinika.anticteatre.com\/cia-semolenika-tomic\/descobrint-lenin-a-lantartida\/descubriendo-lenin-en-la-antartida9\/\" class=\"wp-image-113\"\/><\/figure><\/li><li class=\"blocks-gallery-item\"><figure><img loading=\"lazy\" decoding=\"async\" width=\"600\" height=\"400\" src=\"http:\/\/semolinika.anticteatre.com\/wp-content\/uploads\/2019\/05\/DESCUBRIENDO-LENIN-EN-LA-ANTARTIDA10.jpg\" alt=\"\" data-id=\"114\" data-link=\"http:\/\/semolinika.anticteatre.com\/cia-semolenika-tomic\/descobrint-lenin-a-lantartida\/descubriendo-lenin-en-la-antartida10\/\" class=\"wp-image-114\"\/><\/figure><\/li><li class=\"blocks-gallery-item\"><figure><img loading=\"lazy\" decoding=\"async\" width=\"600\" height=\"400\" src=\"http:\/\/semolinika.anticteatre.com\/wp-content\/uploads\/2019\/05\/DESCUBRIENDO-LENIN-EN-LA-ANTARTIDA11.jpg\" alt=\"\" data-id=\"115\" data-link=\"http:\/\/semolinika.anticteatre.com\/cia-semolenika-tomic\/descobrint-lenin-a-lantartida\/descubriendo-lenin-en-la-antartida11\/\" class=\"wp-image-115\"\/><\/figure><\/li><li class=\"blocks-gallery-item\"><figure><img loading=\"lazy\" decoding=\"async\" width=\"600\" height=\"400\" src=\"http:\/\/semolinika.anticteatre.com\/wp-content\/uploads\/2019\/05\/DESCUBRIENDO-LENIN-EN-LA-ANTARTIDA12.jpg\" alt=\"\" data-id=\"116\" data-link=\"http:\/\/semolinika.anticteatre.com\/cia-semolenika-tomic\/descobrint-lenin-a-lantartida\/descubriendo-lenin-en-la-antartida12\/\" class=\"wp-image-116\"\/><\/figure><\/li><li class=\"blocks-gallery-item\"><figure><img loading=\"lazy\" decoding=\"async\" width=\"600\" height=\"400\" src=\"http:\/\/semolinika.anticteatre.com\/wp-content\/uploads\/2019\/05\/DESCUBRIENDO-LENIN-EN-LA-ANTARTIDA13.jpg\" alt=\"\" data-id=\"117\" data-link=\"http:\/\/semolinika.anticteatre.com\/cia-semolenika-tomic\/descobrint-lenin-a-lantartida\/descubriendo-lenin-en-la-antartida13\/\" class=\"wp-image-117\"\/><\/figure><\/li><li class=\"blocks-gallery-item\"><figure><img loading=\"lazy\" decoding=\"async\" width=\"267\" height=\"401\" src=\"http:\/\/semolinika.anticteatre.com\/wp-content\/uploads\/2019\/05\/DESCUBRIENDO-LENIN-EN-LA-ANTARTIDA14.jpg\" alt=\"\" data-id=\"118\" data-link=\"http:\/\/semolinika.anticteatre.com\/cia-semolenika-tomic\/descobrint-lenin-a-lantartida\/descubriendo-lenin-en-la-antartida14\/\" class=\"wp-image-118\"\/><\/figure><\/li><li class=\"blocks-gallery-item\"><figure><img loading=\"lazy\" decoding=\"async\" width=\"600\" height=\"400\" src=\"http:\/\/semolinika.anticteatre.com\/wp-content\/uploads\/2019\/05\/DESCUBRIENDO-LENIN-EN-LA-ANTARTIDA15.jpg\" alt=\"\" data-id=\"119\" data-link=\"http:\/\/semolinika.anticteatre.com\/cia-semolenika-tomic\/descobrint-lenin-a-lantartida\/descubriendo-lenin-en-la-antartida15\/\" class=\"wp-image-119\"\/><\/figure><\/li><li class=\"blocks-gallery-item\"><figure><img loading=\"lazy\" decoding=\"async\" width=\"267\" height=\"401\" src=\"http:\/\/semolinika.anticteatre.com\/wp-content\/uploads\/2019\/05\/DESCUBRIENDO-LENIN-EN-LA-ANTARTIDA16.jpg\" alt=\"\" data-id=\"120\" data-link=\"http:\/\/semolinika.anticteatre.com\/cia-semolenika-tomic\/descobrint-lenin-a-lantartida\/descubriendo-lenin-en-la-antartida16\/\" class=\"wp-image-120\"\/><\/figure><\/li><li class=\"blocks-gallery-item\"><figure><img loading=\"lazy\" decoding=\"async\" width=\"600\" height=\"400\" src=\"http:\/\/semolinika.anticteatre.com\/wp-content\/uploads\/2019\/05\/DESCUBRIENDO-LENIN-EN-LA-ANTARTIDA17.jpg\" alt=\"\" data-id=\"121\" data-link=\"http:\/\/semolinika.anticteatre.com\/cia-semolenika-tomic\/descobrint-lenin-a-lantartida\/descubriendo-lenin-en-la-antartida17\/\" class=\"wp-image-121\"\/><\/figure><\/li><\/ul>\n\n\n\n<h2 class=\"wp-block-heading\" id=\"3-premsa\">Prensa<\/h2>\n\n\n\n<ul class=\"wp-block-gallery columns-2 is-cropped wp-block-gallery-2 is-layout-flex wp-block-gallery-is-layout-flex\"><li class=\"blocks-gallery-item\"><figure><a href=\"http:\/\/semolinika.anticteatre.com\/wp-content\/uploads\/2019\/05\/PRENSA1.jpg\"><img loading=\"lazy\" decoding=\"async\" width=\"565\" height=\"400\" src=\"http:\/\/semolinika.anticteatre.com\/wp-content\/uploads\/2019\/05\/PRENSA1.jpg\" alt=\"\" data-id=\"122\" data-link=\"http:\/\/semolinika.anticteatre.com\/cia-semolenika-tomic\/descobrint-lenin-a-lantartida\/prensa1\/\" class=\"wp-image-122\"\/><\/a><\/figure><\/li><li class=\"blocks-gallery-item\"><figure><a href=\"http:\/\/semolinika.anticteatre.com\/wp-content\/uploads\/2019\/05\/PRENSA2.jpg\"><img loading=\"lazy\" decoding=\"async\" width=\"566\" height=\"400\" src=\"http:\/\/semolinika.anticteatre.com\/wp-content\/uploads\/2019\/05\/PRENSA2.jpg\" alt=\"\" data-id=\"123\" data-link=\"http:\/\/semolinika.anticteatre.com\/cia-semolenika-tomic\/descobrint-lenin-a-lantartida\/prensa2\/\" class=\"wp-image-123\"\/><\/a><\/figure><\/li><li class=\"blocks-gallery-item\"><figure><a href=\"http:\/\/semolinika.anticteatre.com\/wp-content\/uploads\/2019\/05\/PRENSA3.jpg\"><img loading=\"lazy\" decoding=\"async\" width=\"283\" height=\"401\" src=\"http:\/\/semolinika.anticteatre.com\/wp-content\/uploads\/2019\/05\/PRENSA3.jpg\" alt=\"\" data-id=\"124\" data-link=\"http:\/\/semolinika.anticteatre.com\/cia-semolenika-tomic\/descobrint-lenin-a-lantartida\/prensa3\/\" class=\"wp-image-124\"\/><\/a><\/figure><\/li><li class=\"blocks-gallery-item\"><figure><a href=\"http:\/\/semolinika.anticteatre.com\/wp-content\/uploads\/2019\/05\/PRENSA4.jpg\"><img loading=\"lazy\" decoding=\"async\" width=\"566\" height=\"400\" src=\"http:\/\/semolinika.anticteatre.com\/wp-content\/uploads\/2019\/05\/PRENSA4.jpg\" alt=\"\" data-id=\"125\" data-link=\"http:\/\/semolinika.anticteatre.com\/cia-semolenika-tomic\/descobrint-lenin-a-lantartida\/prensa4\/\" class=\"wp-image-125\"\/><\/a><\/figure><\/li><li class=\"blocks-gallery-item\"><figure><a href=\"http:\/\/semolinika.anticteatre.com\/wp-content\/uploads\/2019\/05\/PRENSA5.jpg\"><img loading=\"lazy\" decoding=\"async\" width=\"566\" height=\"400\" src=\"http:\/\/semolinika.anticteatre.com\/wp-content\/uploads\/2019\/05\/PRENSA5.jpg\" alt=\"\" data-id=\"126\" data-link=\"http:\/\/semolinika.anticteatre.com\/cia-semolenika-tomic\/descobrint-lenin-a-lantartida\/prensa5\/\" class=\"wp-image-126\"\/><\/a><\/figure><\/li><\/ul>\n\n\n\n<h2 class=\"wp-block-heading\" id=\"6-video\">Video<\/h2>\n\n\n\n<figure class=\"wp-block-video\"><video controls src=\"http:\/\/semolinika.anticteatre.com\/wp-content\/uploads\/2019\/05\/DESCUBRIENDO-LENIN-EN-LA-ANTARTIDA.mp4\"><\/video><\/figure>\n","protected":false},"excerpt":{"rendered":"<p>Intro Esta performance que la compa\u00f1\u00eda presenta en el IKOS Festival (Brescia, Italia del 9 al 13 de mayo 2007), es una de las performances creadas a partir del espect\u00e1culo de teatro f\u00edsico \/ multimedia LENIN IS MINE? SinopsiS DESCUBRIENDO LENIN EN LA ANT\u00c1RTIDA Multimedia performance La performance parte de una historia verdadera que ha&nbsp; <a href=\"http:\/\/semolinika.anticteatre.com\/es\/cia-semolinika-tomic\/descobrint-lenin-a-lantartida\/\">&hellip; Read more <i class=\"glyphicon glyphicon-arrow-right\"><\/i><\/a><\/p>\n","protected":false},"author":1,"featured_media":0,"parent":1066,"menu_order":2,"comment_status":"closed","ping_status":"closed","template":"","meta":{"_acf_changed":false,"_uag_custom_page_level_css":"","footnotes":""},"class_list":["post-1086","page","type-page","status-publish","hentry"],"acf":[],"yoast_head":"<!-- This site is optimized with the Yoast SEO plugin v23.4 - https:\/\/yoast.com\/wordpress\/plugins\/seo\/ -->\n<title>Descubriendo Lenin en la Ant\u00e1rtida - Semolinika Tomic<\/title>\n<meta name=\"robots\" content=\"index, follow, max-snippet:-1, max-image-preview:large, max-video-preview:-1\" \/>\n<link rel=\"canonical\" href=\"http:\/\/semolinika.anticteatre.com\/es\/cia-semolinika-tomic\/descobrint-lenin-a-lantartida\/\" \/>\n<meta property=\"og:locale\" content=\"es_ES\" \/>\n<meta property=\"og:type\" content=\"article\" \/>\n<meta property=\"og:title\" content=\"Descubriendo Lenin en la Ant\u00e1rtida - Semolinika Tomic\" \/>\n<meta property=\"og:description\" content=\"Intro Esta performance que la compa\u00f1\u00eda presenta en el IKOS Festival (Brescia, Italia del 9 al 13 de mayo 2007), es una de las performances creadas a partir del espect\u00e1culo de teatro f\u00edsico \/ multimedia LENIN IS MINE? SinopsiS DESCUBRIENDO LENIN EN LA ANT\u00c1RTIDA Multimedia performance La performance parte de una historia verdadera que ha&nbsp; &hellip; Read more\" \/>\n<meta property=\"og:url\" content=\"http:\/\/semolinika.anticteatre.com\/es\/cia-semolinika-tomic\/descobrint-lenin-a-lantartida\/\" \/>\n<meta property=\"og:site_name\" content=\"Semolinika Tomic\" \/>\n<meta property=\"article:modified_time\" content=\"2019-05-27T14:49:57+00:00\" \/>\n<meta property=\"og:image\" content=\"http:\/\/semolinika.anticteatre.com\/wp-content\/uploads\/2019\/05\/DESCUBRIENDO-LENIN-EN-LA-ANTARTIDA1.jpg\" \/>\n<meta name=\"twitter:card\" content=\"summary_large_image\" \/>\n<meta name=\"twitter:label1\" content=\"Tiempo de lectura\" \/>\n\t<meta name=\"twitter:data1\" content=\"1 minuto\" \/>\n<script type=\"application\/ld+json\" class=\"yoast-schema-graph\">{\"@context\":\"https:\/\/schema.org\",\"@graph\":[{\"@type\":\"WebPage\",\"@id\":\"http:\/\/semolinika.anticteatre.com\/es\/cia-semolinika-tomic\/descobrint-lenin-a-lantartida\/\",\"url\":\"http:\/\/semolinika.anticteatre.com\/es\/cia-semolinika-tomic\/descobrint-lenin-a-lantartida\/\",\"name\":\"Descubriendo Lenin en la Ant\u00e1rtida - Semolinika Tomic\",\"isPartOf\":{\"@id\":\"https:\/\/semolinika.anticteatre.com\/#website\"},\"primaryImageOfPage\":{\"@id\":\"http:\/\/semolinika.anticteatre.com\/es\/cia-semolinika-tomic\/descobrint-lenin-a-lantartida\/#primaryimage\"},\"image\":{\"@id\":\"http:\/\/semolinika.anticteatre.com\/es\/cia-semolinika-tomic\/descobrint-lenin-a-lantartida\/#primaryimage\"},\"thumbnailUrl\":\"http:\/\/semolinika.anticteatre.com\/wp-content\/uploads\/2019\/05\/DESCUBRIENDO-LENIN-EN-LA-ANTARTIDA1.jpg\",\"datePublished\":\"2019-05-23T16:12:30+00:00\",\"dateModified\":\"2019-05-27T14:49:57+00:00\",\"breadcrumb\":{\"@id\":\"http:\/\/semolinika.anticteatre.com\/es\/cia-semolinika-tomic\/descobrint-lenin-a-lantartida\/#breadcrumb\"},\"inLanguage\":\"es\",\"potentialAction\":[{\"@type\":\"ReadAction\",\"target\":[\"http:\/\/semolinika.anticteatre.com\/es\/cia-semolinika-tomic\/descobrint-lenin-a-lantartida\/\"]}]},{\"@type\":\"ImageObject\",\"inLanguage\":\"es\",\"@id\":\"http:\/\/semolinika.anticteatre.com\/es\/cia-semolinika-tomic\/descobrint-lenin-a-lantartida\/#primaryimage\",\"url\":\"http:\/\/semolinika.anticteatre.com\/wp-content\/uploads\/2019\/05\/DESCUBRIENDO-LENIN-EN-LA-ANTARTIDA1.jpg\",\"contentUrl\":\"http:\/\/semolinika.anticteatre.com\/wp-content\/uploads\/2019\/05\/DESCUBRIENDO-LENIN-EN-LA-ANTARTIDA1.jpg\"},{\"@type\":\"BreadcrumbList\",\"@id\":\"http:\/\/semolinika.anticteatre.com\/es\/cia-semolinika-tomic\/descobrint-lenin-a-lantartida\/#breadcrumb\",\"itemListElement\":[{\"@type\":\"ListItem\",\"position\":1,\"name\":\"Home\",\"item\":\"http:\/\/semolinika.anticteatre.com\/es\/\"},{\"@type\":\"ListItem\",\"position\":2,\"name\":\"Cia Semolinika Tomic\",\"item\":\"http:\/\/semolinika.anticteatre.com\/es\/cia-semolinika-tomic\/\"},{\"@type\":\"ListItem\",\"position\":3,\"name\":\"Descubriendo Lenin en la Ant\u00e1rtida\"}]},{\"@type\":\"WebSite\",\"@id\":\"https:\/\/semolinika.anticteatre.com\/#website\",\"url\":\"https:\/\/semolinika.anticteatre.com\/\",\"name\":\"Semolinika Tomic\",\"description\":\"Artist\",\"potentialAction\":[{\"@type\":\"SearchAction\",\"target\":{\"@type\":\"EntryPoint\",\"urlTemplate\":\"https:\/\/semolinika.anticteatre.com\/?s={search_term_string}\"},\"query-input\":{\"@type\":\"PropertyValueSpecification\",\"valueRequired\":true,\"valueName\":\"search_term_string\"}}],\"inLanguage\":\"es\"}]}<\/script>\n<!-- \/ Yoast SEO plugin. -->","yoast_head_json":{"title":"Descubriendo Lenin en la Ant\u00e1rtida - Semolinika Tomic","robots":{"index":"index","follow":"follow","max-snippet":"max-snippet:-1","max-image-preview":"max-image-preview:large","max-video-preview":"max-video-preview:-1"},"canonical":"http:\/\/semolinika.anticteatre.com\/es\/cia-semolinika-tomic\/descobrint-lenin-a-lantartida\/","og_locale":"es_ES","og_type":"article","og_title":"Descubriendo Lenin en la Ant\u00e1rtida - Semolinika Tomic","og_description":"Intro Esta performance que la compa\u00f1\u00eda presenta en el IKOS Festival (Brescia, Italia del 9 al 13 de mayo 2007), es una de las performances creadas a partir del espect\u00e1culo de teatro f\u00edsico \/ multimedia LENIN IS MINE? SinopsiS DESCUBRIENDO LENIN EN LA ANT\u00c1RTIDA Multimedia performance La performance parte de una historia verdadera que ha&nbsp; &hellip; Read more","og_url":"http:\/\/semolinika.anticteatre.com\/es\/cia-semolinika-tomic\/descobrint-lenin-a-lantartida\/","og_site_name":"Semolinika Tomic","article_modified_time":"2019-05-27T14:49:57+00:00","og_image":[{"url":"http:\/\/semolinika.anticteatre.com\/wp-content\/uploads\/2019\/05\/DESCUBRIENDO-LENIN-EN-LA-ANTARTIDA1.jpg"}],"twitter_card":"summary_large_image","twitter_misc":{"Tiempo de lectura":"1 minuto"},"schema":{"@context":"https:\/\/schema.org","@graph":[{"@type":"WebPage","@id":"http:\/\/semolinika.anticteatre.com\/es\/cia-semolinika-tomic\/descobrint-lenin-a-lantartida\/","url":"http:\/\/semolinika.anticteatre.com\/es\/cia-semolinika-tomic\/descobrint-lenin-a-lantartida\/","name":"Descubriendo Lenin en la Ant\u00e1rtida - Semolinika Tomic","isPartOf":{"@id":"https:\/\/semolinika.anticteatre.com\/#website"},"primaryImageOfPage":{"@id":"http:\/\/semolinika.anticteatre.com\/es\/cia-semolinika-tomic\/descobrint-lenin-a-lantartida\/#primaryimage"},"image":{"@id":"http:\/\/semolinika.anticteatre.com\/es\/cia-semolinika-tomic\/descobrint-lenin-a-lantartida\/#primaryimage"},"thumbnailUrl":"http:\/\/semolinika.anticteatre.com\/wp-content\/uploads\/2019\/05\/DESCUBRIENDO-LENIN-EN-LA-ANTARTIDA1.jpg","datePublished":"2019-05-23T16:12:30+00:00","dateModified":"2019-05-27T14:49:57+00:00","breadcrumb":{"@id":"http:\/\/semolinika.anticteatre.com\/es\/cia-semolinika-tomic\/descobrint-lenin-a-lantartida\/#breadcrumb"},"inLanguage":"es","potentialAction":[{"@type":"ReadAction","target":["http:\/\/semolinika.anticteatre.com\/es\/cia-semolinika-tomic\/descobrint-lenin-a-lantartida\/"]}]},{"@type":"ImageObject","inLanguage":"es","@id":"http:\/\/semolinika.anticteatre.com\/es\/cia-semolinika-tomic\/descobrint-lenin-a-lantartida\/#primaryimage","url":"http:\/\/semolinika.anticteatre.com\/wp-content\/uploads\/2019\/05\/DESCUBRIENDO-LENIN-EN-LA-ANTARTIDA1.jpg","contentUrl":"http:\/\/semolinika.anticteatre.com\/wp-content\/uploads\/2019\/05\/DESCUBRIENDO-LENIN-EN-LA-ANTARTIDA1.jpg"},{"@type":"BreadcrumbList","@id":"http:\/\/semolinika.anticteatre.com\/es\/cia-semolinika-tomic\/descobrint-lenin-a-lantartida\/#breadcrumb","itemListElement":[{"@type":"ListItem","position":1,"name":"Home","item":"http:\/\/semolinika.anticteatre.com\/es\/"},{"@type":"ListItem","position":2,"name":"Cia Semolinika Tomic","item":"http:\/\/semolinika.anticteatre.com\/es\/cia-semolinika-tomic\/"},{"@type":"ListItem","position":3,"name":"Descubriendo Lenin en la Ant\u00e1rtida"}]},{"@type":"WebSite","@id":"https:\/\/semolinika.anticteatre.com\/#website","url":"https:\/\/semolinika.anticteatre.com\/","name":"Semolinika Tomic","description":"Artist","potentialAction":[{"@type":"SearchAction","target":{"@type":"EntryPoint","urlTemplate":"https:\/\/semolinika.anticteatre.com\/?s={search_term_string}"},"query-input":{"@type":"PropertyValueSpecification","valueRequired":true,"valueName":"search_term_string"}}],"inLanguage":"es"}]}},"uagb_featured_image_src":{"full":false,"thumbnail":false,"medium":false,"medium_large":false,"large":false,"1536x1536":false,"2048x2048":false},"uagb_author_info":{"display_name":"Marc","author_link":"http:\/\/semolinika.anticteatre.com\/es\/author\/marc\/"},"uagb_comment_info":0,"uagb_excerpt":"Intro Esta performance que la compa\u00f1\u00eda presenta en el IKOS Festival (Brescia, Italia del 9 al 13 de mayo 2007), es una de las performances creadas a partir del espect\u00e1culo de teatro f\u00edsico \/ multimedia LENIN IS MINE? SinopsiS DESCUBRIENDO LENIN EN LA ANT\u00c1RTIDA Multimedia performance La performance parte de una historia verdadera que ha&nbsp;&hellip;","_links":{"self":[{"href":"http:\/\/semolinika.anticteatre.com\/es\/wp-json\/wp\/v2\/pages\/1086"}],"collection":[{"href":"http:\/\/semolinika.anticteatre.com\/es\/wp-json\/wp\/v2\/pages"}],"about":[{"href":"http:\/\/semolinika.anticteatre.com\/es\/wp-json\/wp\/v2\/types\/page"}],"author":[{"embeddable":true,"href":"http:\/\/semolinika.anticteatre.com\/es\/wp-json\/wp\/v2\/users\/1"}],"replies":[{"embeddable":true,"href":"http:\/\/semolinika.anticteatre.com\/es\/wp-json\/wp\/v2\/comments?post=1086"}],"version-history":[{"count":3,"href":"http:\/\/semolinika.anticteatre.com\/es\/wp-json\/wp\/v2\/pages\/1086\/revisions"}],"predecessor-version":[{"id":1092,"href":"http:\/\/semolinika.anticteatre.com\/es\/wp-json\/wp\/v2\/pages\/1086\/revisions\/1092"}],"up":[{"embeddable":true,"href":"http:\/\/semolinika.anticteatre.com\/es\/wp-json\/wp\/v2\/pages\/1066"}],"wp:attachment":[{"href":"http:\/\/semolinika.anticteatre.com\/es\/wp-json\/wp\/v2\/media?parent=1086"}],"curies":[{"name":"wp","href":"https:\/\/api.w.org\/{rel}","templated":true}]}}