{"id":1156,"date":"2019-05-23T19:52:25","date_gmt":"2019-05-23T17:52:25","guid":{"rendered":"http:\/\/semolinika.anticteatre.com\/biografia\/creacions-companyia\/"},"modified":"2019-05-27T17:34:27","modified_gmt":"2019-05-27T15:34:27","slug":"creacions-companyia","status":"publish","type":"page","link":"http:\/\/semolinika.anticteatre.com\/es\/biografia\/creacions-companyia\/","title":{"rendered":"Creaciones compa\u00f1\u00eda"},"content":{"rendered":"\n<figure class=\"wp-block-image\"><img loading=\"lazy\" decoding=\"async\" width=\"600\" height=\"400\" src=\"http:\/\/semolinika.anticteatre.com\/wp-content\/uploads\/2019\/05\/CREACIONES-CIA1.jpg\" alt=\"\" class=\"wp-image-333\"\/><\/figure>\n\n\n\n<p><strong>SEMOLINIKA TOMIC Y EL RECONOCIMIENTO PROFESIONAL<\/strong><\/p>\n\n\n\n<p>BODY SAFE(ER)<br>\nSerie FROM BONDAGE TO FREEDOM<\/p>\n\n\n\n<p>Espect\u00e1culo de teatro f\u00edsico contempor\u00e1neo<\/p>\n\n\n\n<p>\u2022 Premio de la Muestra de teatro, Teatre Emergent  2001, Barcelona.<\/p>\n\n\n\n<p>\u2022 Espect\u00e1culo seccionado para representar Espa\u00f1a en<br>\n  Festival d&#8217;agosto Maputo, Mozambique, \u00c1frica  21\/31 agosto  2002<br>\n  Festival Internacional de \u00c1frica, Europa, Am\u00e9rica<\/p>\n\n\n\n<p>\u2022 Cr\u00edtica al mejor espect\u00e1culo en el FESTIVAL ESCENA ABIERTA, Burgos, Espa\u00f1a 2003 PRIMER ACTO cuadernos de investigaci\u00f3n teatral N\u00ba 298 <\/p>\n\n\n\n<p>\u201c(\u2026) Body Safe(er) ha sido el mejor espect\u00e1culo, sin ninguna duda, presentado en el Festival Escena Abierta, Burgos.<br>\nSemolinika Tomic realiza un trabajo impecable y muy importante tanto en el montaje de Body Safe(er) como en su labor de actriz. El espect\u00e1culo plasma la crueldad hasta extremos de poder decir \u00a1basta ya! ; irrita, duele en la inteligencia y en el alma del espectador. \u201c    <\/p>\n\n\n\n<p>Manuel Sesma S.<br>\nPRIMER ACTO cuadernos de investigaci\u00f3n teatral N\u00ba 298 <\/p>\n\n\n\n<p>L\u2019ANTIC TEATRE \u2013 L\u2019ESPAI DE CREACI\u00d3, Barcelona<\/p>\n\n\n\n<p>\u2022 2004  PREMIS FAD SEBASTI\u00c0 GASCH D\u2019ARTS TEATRALS  A SEMOLINIKA TOMIC por la resurrecci\u00f3n de L\u2019Antic Teatre, que ha pasado de centro c\u00edvico abandonado a escenario vivo de la creaci\u00f3n contempor\u00e1nea, gestionado desde abril del 2003 por la Asociaci\u00f3n L\u2019Antic teatre \u2013 L\u2019Espai de Creaci\u00f3<\/p>\n\n\n\n<p>\u2022 PREMIO A LA PROGRAMACION MAS INNOVADORA EN ESPA\u00d1A  Feria Internacional de Teatro y Danza Huesca del 4 al 9 de Octubre 2004<\/p>\n","protected":false},"excerpt":{"rendered":"<p>SEMOLINIKA TOMIC Y EL RECONOCIMIENTO PROFESIONAL BODY SAFE(ER) Serie FROM BONDAGE TO FREEDOM Espect\u00e1culo de teatro f\u00edsico contempor\u00e1neo \u2022 Premio de la Muestra de teatro, Teatre Emergent 2001, Barcelona. \u2022 Espect\u00e1culo seccionado para representar Espa\u00f1a en Festival d&#8217;agosto Maputo, Mozambique, \u00c1frica 21\/31 agosto 2002 Festival Internacional de \u00c1frica, Europa, Am\u00e9rica \u2022 Cr\u00edtica al mejor espect\u00e1culo&nbsp; <a href=\"http:\/\/semolinika.anticteatre.com\/es\/biografia\/creacions-companyia\/\">&hellip; Read more <i class=\"glyphicon glyphicon-arrow-right\"><\/i><\/a><\/p>\n","protected":false},"author":1,"featured_media":0,"parent":1151,"menu_order":0,"comment_status":"closed","ping_status":"closed","template":"","meta":{"_acf_changed":false,"_uag_custom_page_level_css":"","footnotes":""},"class_list":["post-1156","page","type-page","status-publish","hentry"],"acf":[],"yoast_head":"<!-- This site is optimized with the Yoast SEO plugin v23.4 - https:\/\/yoast.com\/wordpress\/plugins\/seo\/ -->\n<title>Creaciones compa\u00f1\u00eda - Semolinika Tomic<\/title>\n<meta name=\"robots\" content=\"index, follow, max-snippet:-1, max-image-preview:large, max-video-preview:-1\" \/>\n<link rel=\"canonical\" href=\"https:\/\/semolinika.anticteatre.com\/es\/biografia\/creacions-companyia\/\" \/>\n<meta property=\"og:locale\" content=\"es_ES\" \/>\n<meta property=\"og:type\" content=\"article\" \/>\n<meta property=\"og:title\" content=\"Creaciones compa\u00f1\u00eda - Semolinika Tomic\" \/>\n<meta property=\"og:description\" content=\"SEMOLINIKA TOMIC Y EL RECONOCIMIENTO PROFESIONAL BODY SAFE(ER) Serie FROM BONDAGE TO FREEDOM Espect\u00e1culo de teatro f\u00edsico contempor\u00e1neo \u2022 Premio de la Muestra de teatro, Teatre Emergent 2001, Barcelona. \u2022 Espect\u00e1culo seccionado para representar Espa\u00f1a en Festival d&#8217;agosto Maputo, Mozambique, \u00c1frica 21\/31 agosto 2002 Festival Internacional de \u00c1frica, Europa, Am\u00e9rica \u2022 Cr\u00edtica al mejor espect\u00e1culo&nbsp; &hellip; Read more\" \/>\n<meta property=\"og:url\" content=\"https:\/\/semolinika.anticteatre.com\/es\/biografia\/creacions-companyia\/\" \/>\n<meta property=\"og:site_name\" content=\"Semolinika Tomic\" \/>\n<meta property=\"article:modified_time\" content=\"2019-05-27T15:34:27+00:00\" \/>\n<meta property=\"og:image\" content=\"http:\/\/semolinika.anticteatre.com\/wp-content\/uploads\/2019\/05\/CREACIONES-CIA1.jpg\" \/>\n<meta name=\"twitter:card\" content=\"summary_large_image\" \/>\n<meta name=\"twitter:label1\" content=\"Tiempo de lectura\" \/>\n\t<meta name=\"twitter:data1\" content=\"1 minuto\" \/>\n<script type=\"application\/ld+json\" class=\"yoast-schema-graph\">{\"@context\":\"https:\/\/schema.org\",\"@graph\":[{\"@type\":\"WebPage\",\"@id\":\"https:\/\/semolinika.anticteatre.com\/es\/biografia\/creacions-companyia\/\",\"url\":\"https:\/\/semolinika.anticteatre.com\/es\/biografia\/creacions-companyia\/\",\"name\":\"Creaciones compa\u00f1\u00eda - Semolinika Tomic\",\"isPartOf\":{\"@id\":\"https:\/\/semolinika.anticteatre.com\/#website\"},\"primaryImageOfPage\":{\"@id\":\"https:\/\/semolinika.anticteatre.com\/es\/biografia\/creacions-companyia\/#primaryimage\"},\"image\":{\"@id\":\"https:\/\/semolinika.anticteatre.com\/es\/biografia\/creacions-companyia\/#primaryimage\"},\"thumbnailUrl\":\"http:\/\/semolinika.anticteatre.com\/wp-content\/uploads\/2019\/05\/CREACIONES-CIA1.jpg\",\"datePublished\":\"2019-05-23T17:52:25+00:00\",\"dateModified\":\"2019-05-27T15:34:27+00:00\",\"breadcrumb\":{\"@id\":\"https:\/\/semolinika.anticteatre.com\/es\/biografia\/creacions-companyia\/#breadcrumb\"},\"inLanguage\":\"es\",\"potentialAction\":[{\"@type\":\"ReadAction\",\"target\":[\"https:\/\/semolinika.anticteatre.com\/es\/biografia\/creacions-companyia\/\"]}]},{\"@type\":\"ImageObject\",\"inLanguage\":\"es\",\"@id\":\"https:\/\/semolinika.anticteatre.com\/es\/biografia\/creacions-companyia\/#primaryimage\",\"url\":\"http:\/\/semolinika.anticteatre.com\/wp-content\/uploads\/2019\/05\/CREACIONES-CIA1.jpg\",\"contentUrl\":\"http:\/\/semolinika.anticteatre.com\/wp-content\/uploads\/2019\/05\/CREACIONES-CIA1.jpg\"},{\"@type\":\"BreadcrumbList\",\"@id\":\"https:\/\/semolinika.anticteatre.com\/es\/biografia\/creacions-companyia\/#breadcrumb\",\"itemListElement\":[{\"@type\":\"ListItem\",\"position\":1,\"name\":\"Home\",\"item\":\"http:\/\/semolinika.anticteatre.com\/es\/\"},{\"@type\":\"ListItem\",\"position\":2,\"name\":\"Biograf\u00eda\",\"item\":\"http:\/\/semolinika.anticteatre.com\/es\/biografia\/\"},{\"@type\":\"ListItem\",\"position\":3,\"name\":\"Creaciones compa\u00f1\u00eda\"}]},{\"@type\":\"WebSite\",\"@id\":\"https:\/\/semolinika.anticteatre.com\/#website\",\"url\":\"https:\/\/semolinika.anticteatre.com\/\",\"name\":\"Semolinika Tomic\",\"description\":\"Artist\",\"potentialAction\":[{\"@type\":\"SearchAction\",\"target\":{\"@type\":\"EntryPoint\",\"urlTemplate\":\"https:\/\/semolinika.anticteatre.com\/?s={search_term_string}\"},\"query-input\":{\"@type\":\"PropertyValueSpecification\",\"valueRequired\":true,\"valueName\":\"search_term_string\"}}],\"inLanguage\":\"es\"}]}<\/script>\n<!-- \/ Yoast SEO plugin. -->","yoast_head_json":{"title":"Creaciones compa\u00f1\u00eda - Semolinika Tomic","robots":{"index":"index","follow":"follow","max-snippet":"max-snippet:-1","max-image-preview":"max-image-preview:large","max-video-preview":"max-video-preview:-1"},"canonical":"https:\/\/semolinika.anticteatre.com\/es\/biografia\/creacions-companyia\/","og_locale":"es_ES","og_type":"article","og_title":"Creaciones compa\u00f1\u00eda - Semolinika Tomic","og_description":"SEMOLINIKA TOMIC Y EL RECONOCIMIENTO PROFESIONAL BODY SAFE(ER) Serie FROM BONDAGE TO FREEDOM Espect\u00e1culo de teatro f\u00edsico contempor\u00e1neo \u2022 Premio de la Muestra de teatro, Teatre Emergent 2001, Barcelona. \u2022 Espect\u00e1culo seccionado para representar Espa\u00f1a en Festival d&#8217;agosto Maputo, Mozambique, \u00c1frica 21\/31 agosto 2002 Festival Internacional de \u00c1frica, Europa, Am\u00e9rica \u2022 Cr\u00edtica al mejor espect\u00e1culo&nbsp; &hellip; Read more","og_url":"https:\/\/semolinika.anticteatre.com\/es\/biografia\/creacions-companyia\/","og_site_name":"Semolinika Tomic","article_modified_time":"2019-05-27T15:34:27+00:00","og_image":[{"url":"http:\/\/semolinika.anticteatre.com\/wp-content\/uploads\/2019\/05\/CREACIONES-CIA1.jpg"}],"twitter_card":"summary_large_image","twitter_misc":{"Tiempo de lectura":"1 minuto"},"schema":{"@context":"https:\/\/schema.org","@graph":[{"@type":"WebPage","@id":"https:\/\/semolinika.anticteatre.com\/es\/biografia\/creacions-companyia\/","url":"https:\/\/semolinika.anticteatre.com\/es\/biografia\/creacions-companyia\/","name":"Creaciones compa\u00f1\u00eda - Semolinika Tomic","isPartOf":{"@id":"https:\/\/semolinika.anticteatre.com\/#website"},"primaryImageOfPage":{"@id":"https:\/\/semolinika.anticteatre.com\/es\/biografia\/creacions-companyia\/#primaryimage"},"image":{"@id":"https:\/\/semolinika.anticteatre.com\/es\/biografia\/creacions-companyia\/#primaryimage"},"thumbnailUrl":"http:\/\/semolinika.anticteatre.com\/wp-content\/uploads\/2019\/05\/CREACIONES-CIA1.jpg","datePublished":"2019-05-23T17:52:25+00:00","dateModified":"2019-05-27T15:34:27+00:00","breadcrumb":{"@id":"https:\/\/semolinika.anticteatre.com\/es\/biografia\/creacions-companyia\/#breadcrumb"},"inLanguage":"es","potentialAction":[{"@type":"ReadAction","target":["https:\/\/semolinika.anticteatre.com\/es\/biografia\/creacions-companyia\/"]}]},{"@type":"ImageObject","inLanguage":"es","@id":"https:\/\/semolinika.anticteatre.com\/es\/biografia\/creacions-companyia\/#primaryimage","url":"http:\/\/semolinika.anticteatre.com\/wp-content\/uploads\/2019\/05\/CREACIONES-CIA1.jpg","contentUrl":"http:\/\/semolinika.anticteatre.com\/wp-content\/uploads\/2019\/05\/CREACIONES-CIA1.jpg"},{"@type":"BreadcrumbList","@id":"https:\/\/semolinika.anticteatre.com\/es\/biografia\/creacions-companyia\/#breadcrumb","itemListElement":[{"@type":"ListItem","position":1,"name":"Home","item":"http:\/\/semolinika.anticteatre.com\/es\/"},{"@type":"ListItem","position":2,"name":"Biograf\u00eda","item":"http:\/\/semolinika.anticteatre.com\/es\/biografia\/"},{"@type":"ListItem","position":3,"name":"Creaciones compa\u00f1\u00eda"}]},{"@type":"WebSite","@id":"https:\/\/semolinika.anticteatre.com\/#website","url":"https:\/\/semolinika.anticteatre.com\/","name":"Semolinika Tomic","description":"Artist","potentialAction":[{"@type":"SearchAction","target":{"@type":"EntryPoint","urlTemplate":"https:\/\/semolinika.anticteatre.com\/?s={search_term_string}"},"query-input":{"@type":"PropertyValueSpecification","valueRequired":true,"valueName":"search_term_string"}}],"inLanguage":"es"}]}},"uagb_featured_image_src":{"full":false,"thumbnail":false,"medium":false,"medium_large":false,"large":false,"1536x1536":false,"2048x2048":false},"uagb_author_info":{"display_name":"Marc","author_link":"http:\/\/semolinika.anticteatre.com\/es\/author\/marc\/"},"uagb_comment_info":0,"uagb_excerpt":"SEMOLINIKA TOMIC Y EL RECONOCIMIENTO PROFESIONAL BODY SAFE(ER) Serie FROM BONDAGE TO FREEDOM Espect\u00e1culo de teatro f\u00edsico contempor\u00e1neo \u2022 Premio de la Muestra de teatro, Teatre Emergent 2001, Barcelona. \u2022 Espect\u00e1culo seccionado para representar Espa\u00f1a en Festival d&#8217;agosto Maputo, Mozambique, \u00c1frica 21\/31 agosto 2002 Festival Internacional de \u00c1frica, Europa, Am\u00e9rica \u2022 Cr\u00edtica al mejor espect\u00e1culo&nbsp;&hellip;","_links":{"self":[{"href":"http:\/\/semolinika.anticteatre.com\/es\/wp-json\/wp\/v2\/pages\/1156"}],"collection":[{"href":"http:\/\/semolinika.anticteatre.com\/es\/wp-json\/wp\/v2\/pages"}],"about":[{"href":"http:\/\/semolinika.anticteatre.com\/es\/wp-json\/wp\/v2\/types\/page"}],"author":[{"embeddable":true,"href":"http:\/\/semolinika.anticteatre.com\/es\/wp-json\/wp\/v2\/users\/1"}],"replies":[{"embeddable":true,"href":"http:\/\/semolinika.anticteatre.com\/es\/wp-json\/wp\/v2\/comments?post=1156"}],"version-history":[{"count":4,"href":"http:\/\/semolinika.anticteatre.com\/es\/wp-json\/wp\/v2\/pages\/1156\/revisions"}],"predecessor-version":[{"id":1166,"href":"http:\/\/semolinika.anticteatre.com\/es\/wp-json\/wp\/v2\/pages\/1156\/revisions\/1166"}],"up":[{"embeddable":true,"href":"http:\/\/semolinika.anticteatre.com\/es\/wp-json\/wp\/v2\/pages\/1151"}],"wp:attachment":[{"href":"http:\/\/semolinika.anticteatre.com\/es\/wp-json\/wp\/v2\/media?parent=1156"}],"curies":[{"name":"wp","href":"https:\/\/api.w.org\/{rel}","templated":true}]}}