{"id":1173,"date":"2019-05-23T19:53:55","date_gmt":"2019-05-23T17:53:55","guid":{"rendered":"http:\/\/semolinika.anticteatre.com\/biografia\/workshops\/"},"modified":"2019-05-27T17:40:56","modified_gmt":"2019-05-27T15:40:56","slug":"workshops","status":"publish","type":"page","link":"http:\/\/semolinika.anticteatre.com\/es\/biografia\/workshops\/","title":{"rendered":"Workshops"},"content":{"rendered":"\n<ul class=\"wp-block-gallery columns-2 is-cropped wp-block-gallery-1 is-layout-flex wp-block-gallery-is-layout-flex\"><li class=\"blocks-gallery-item\"><figure><img loading=\"lazy\" decoding=\"async\" width=\"582\" height=\"400\" src=\"http:\/\/semolinika.anticteatre.com\/wp-content\/uploads\/2019\/05\/WORKSHOPS1.jpg\" alt=\"\" data-id=\"381\" data-link=\"http:\/\/semolinika.anticteatre.com\/biografia\/workshops\/workshops1\/\" class=\"wp-image-381\"\/><\/figure><\/li><li class=\"blocks-gallery-item\"><figure><img loading=\"lazy\" decoding=\"async\" width=\"556\" height=\"400\" src=\"http:\/\/semolinika.anticteatre.com\/wp-content\/uploads\/2019\/05\/WORKSHOPS2.jpg\" alt=\"\" data-id=\"382\" data-link=\"http:\/\/semolinika.anticteatre.com\/biografia\/workshops\/workshops2\/\" class=\"wp-image-382\"\/><\/figure><\/li><\/ul>\n\n\n\n<p>2006<br>\nMOOSTE, Estonia, Moks &#8211; Center for arts and social practice<br>\nZAGREB, Croacia, Eksperimental Free Scene<br>\nSOFIA, Bulgaria, Kurdjali Krug Youth Center<\/p>\n\n\n\n<p>2005<br>\nPOZNAN, Poland, Kulczyk Foundation<br>\nPOZEGA, Croacia, Teatre Nacional de Pozega<br>\nSAINT-PETERSBURG, Russia, Saint-Petersburg State Theatre for young audience<br>\nSKOPJE, Macedonia, MASSO Macedonian Association for Free Sexual Orientatio<br>\nBARCELONA, Spain, \u00c1rea de Escenograf\u00eda de Instituto de Dise\u00f1o<\/p>\n\n\n\n<p>2002<br>\nTOULOUSE, France, MIRA Festival, TNT- TOULOUSE<br>\nOLOT, Spain, Panorama Escena Festival<br>\nMAPUTO, Mozambique, Festival D\u2019Agosto <\/p>\n","protected":false},"excerpt":{"rendered":"<p>2006 MOOSTE, Estonia, Moks &#8211; Center for arts and social practice ZAGREB, Croacia, Eksperimental Free Scene SOFIA, Bulgaria, Kurdjali Krug Youth Center 2005 POZNAN, Poland, Kulczyk Foundation POZEGA, Croacia, Teatre Nacional de Pozega SAINT-PETERSBURG, Russia, Saint-Petersburg State Theatre for young audience SKOPJE, Macedonia, MASSO Macedonian Association for Free Sexual Orientatio BARCELONA, Spain, \u00c1rea de Escenograf\u00eda&nbsp; <a href=\"http:\/\/semolinika.anticteatre.com\/es\/biografia\/workshops\/\">&hellip; Read more <i class=\"glyphicon glyphicon-arrow-right\"><\/i><\/a><\/p>\n","protected":false},"author":1,"featured_media":0,"parent":1151,"menu_order":2,"comment_status":"closed","ping_status":"closed","template":"","meta":{"_acf_changed":false,"_uag_custom_page_level_css":"","footnotes":""},"class_list":["post-1173","page","type-page","status-publish","hentry"],"acf":[],"yoast_head":"<!-- This site is optimized with the Yoast SEO plugin v23.4 - https:\/\/yoast.com\/wordpress\/plugins\/seo\/ -->\n<title>Workshops - Semolinika Tomic<\/title>\n<meta name=\"robots\" content=\"index, follow, max-snippet:-1, max-image-preview:large, max-video-preview:-1\" \/>\n<link rel=\"canonical\" href=\"http:\/\/semolinika.anticteatre.com\/es\/biografia\/workshops\/\" \/>\n<meta property=\"og:locale\" content=\"es_ES\" \/>\n<meta property=\"og:type\" content=\"article\" \/>\n<meta property=\"og:title\" content=\"Workshops - Semolinika Tomic\" \/>\n<meta property=\"og:description\" content=\"2006 MOOSTE, Estonia, Moks &#8211; Center for arts and social practice ZAGREB, Croacia, Eksperimental Free Scene SOFIA, Bulgaria, Kurdjali Krug Youth Center 2005 POZNAN, Poland, Kulczyk Foundation POZEGA, Croacia, Teatre Nacional de Pozega SAINT-PETERSBURG, Russia, Saint-Petersburg State Theatre for young audience SKOPJE, Macedonia, MASSO Macedonian Association for Free Sexual Orientatio BARCELONA, Spain, \u00c1rea de Escenograf\u00eda&nbsp; &hellip; Read more\" \/>\n<meta property=\"og:url\" content=\"http:\/\/semolinika.anticteatre.com\/es\/biografia\/workshops\/\" \/>\n<meta property=\"og:site_name\" content=\"Semolinika Tomic\" \/>\n<meta property=\"article:modified_time\" content=\"2019-05-27T15:40:56+00:00\" \/>\n<meta property=\"og:image\" content=\"http:\/\/semolinika.anticteatre.com\/wp-content\/uploads\/2019\/05\/WORKSHOPS1.jpg\" \/>\n<meta name=\"twitter:card\" content=\"summary_large_image\" \/>\n<script type=\"application\/ld+json\" class=\"yoast-schema-graph\">{\"@context\":\"https:\/\/schema.org\",\"@graph\":[{\"@type\":\"WebPage\",\"@id\":\"http:\/\/semolinika.anticteatre.com\/es\/biografia\/workshops\/\",\"url\":\"http:\/\/semolinika.anticteatre.com\/es\/biografia\/workshops\/\",\"name\":\"Workshops - Semolinika Tomic\",\"isPartOf\":{\"@id\":\"https:\/\/semolinika.anticteatre.com\/#website\"},\"primaryImageOfPage\":{\"@id\":\"http:\/\/semolinika.anticteatre.com\/es\/biografia\/workshops\/#primaryimage\"},\"image\":{\"@id\":\"http:\/\/semolinika.anticteatre.com\/es\/biografia\/workshops\/#primaryimage\"},\"thumbnailUrl\":\"http:\/\/semolinika.anticteatre.com\/wp-content\/uploads\/2019\/05\/WORKSHOPS1.jpg\",\"datePublished\":\"2019-05-23T17:53:55+00:00\",\"dateModified\":\"2019-05-27T15:40:56+00:00\",\"breadcrumb\":{\"@id\":\"http:\/\/semolinika.anticteatre.com\/es\/biografia\/workshops\/#breadcrumb\"},\"inLanguage\":\"es\",\"potentialAction\":[{\"@type\":\"ReadAction\",\"target\":[\"http:\/\/semolinika.anticteatre.com\/es\/biografia\/workshops\/\"]}]},{\"@type\":\"ImageObject\",\"inLanguage\":\"es\",\"@id\":\"http:\/\/semolinika.anticteatre.com\/es\/biografia\/workshops\/#primaryimage\",\"url\":\"http:\/\/semolinika.anticteatre.com\/wp-content\/uploads\/2019\/05\/WORKSHOPS1.jpg\",\"contentUrl\":\"http:\/\/semolinika.anticteatre.com\/wp-content\/uploads\/2019\/05\/WORKSHOPS1.jpg\"},{\"@type\":\"BreadcrumbList\",\"@id\":\"http:\/\/semolinika.anticteatre.com\/es\/biografia\/workshops\/#breadcrumb\",\"itemListElement\":[{\"@type\":\"ListItem\",\"position\":1,\"name\":\"Home\",\"item\":\"http:\/\/semolinika.anticteatre.com\/es\/\"},{\"@type\":\"ListItem\",\"position\":2,\"name\":\"Biograf\u00eda\",\"item\":\"http:\/\/semolinika.anticteatre.com\/es\/biografia\/\"},{\"@type\":\"ListItem\",\"position\":3,\"name\":\"Workshops\"}]},{\"@type\":\"WebSite\",\"@id\":\"https:\/\/semolinika.anticteatre.com\/#website\",\"url\":\"https:\/\/semolinika.anticteatre.com\/\",\"name\":\"Semolinika Tomic\",\"description\":\"Artist\",\"potentialAction\":[{\"@type\":\"SearchAction\",\"target\":{\"@type\":\"EntryPoint\",\"urlTemplate\":\"https:\/\/semolinika.anticteatre.com\/?s={search_term_string}\"},\"query-input\":{\"@type\":\"PropertyValueSpecification\",\"valueRequired\":true,\"valueName\":\"search_term_string\"}}],\"inLanguage\":\"es\"}]}<\/script>\n<!-- \/ Yoast SEO plugin. -->","yoast_head_json":{"title":"Workshops - Semolinika Tomic","robots":{"index":"index","follow":"follow","max-snippet":"max-snippet:-1","max-image-preview":"max-image-preview:large","max-video-preview":"max-video-preview:-1"},"canonical":"http:\/\/semolinika.anticteatre.com\/es\/biografia\/workshops\/","og_locale":"es_ES","og_type":"article","og_title":"Workshops - Semolinika Tomic","og_description":"2006 MOOSTE, Estonia, Moks &#8211; Center for arts and social practice ZAGREB, Croacia, Eksperimental Free Scene SOFIA, Bulgaria, Kurdjali Krug Youth Center 2005 POZNAN, Poland, Kulczyk Foundation POZEGA, Croacia, Teatre Nacional de Pozega SAINT-PETERSBURG, Russia, Saint-Petersburg State Theatre for young audience SKOPJE, Macedonia, MASSO Macedonian Association for Free Sexual Orientatio BARCELONA, Spain, \u00c1rea de Escenograf\u00eda&nbsp; &hellip; Read more","og_url":"http:\/\/semolinika.anticteatre.com\/es\/biografia\/workshops\/","og_site_name":"Semolinika Tomic","article_modified_time":"2019-05-27T15:40:56+00:00","og_image":[{"url":"http:\/\/semolinika.anticteatre.com\/wp-content\/uploads\/2019\/05\/WORKSHOPS1.jpg"}],"twitter_card":"summary_large_image","schema":{"@context":"https:\/\/schema.org","@graph":[{"@type":"WebPage","@id":"http:\/\/semolinika.anticteatre.com\/es\/biografia\/workshops\/","url":"http:\/\/semolinika.anticteatre.com\/es\/biografia\/workshops\/","name":"Workshops - Semolinika Tomic","isPartOf":{"@id":"https:\/\/semolinika.anticteatre.com\/#website"},"primaryImageOfPage":{"@id":"http:\/\/semolinika.anticteatre.com\/es\/biografia\/workshops\/#primaryimage"},"image":{"@id":"http:\/\/semolinika.anticteatre.com\/es\/biografia\/workshops\/#primaryimage"},"thumbnailUrl":"http:\/\/semolinika.anticteatre.com\/wp-content\/uploads\/2019\/05\/WORKSHOPS1.jpg","datePublished":"2019-05-23T17:53:55+00:00","dateModified":"2019-05-27T15:40:56+00:00","breadcrumb":{"@id":"http:\/\/semolinika.anticteatre.com\/es\/biografia\/workshops\/#breadcrumb"},"inLanguage":"es","potentialAction":[{"@type":"ReadAction","target":["http:\/\/semolinika.anticteatre.com\/es\/biografia\/workshops\/"]}]},{"@type":"ImageObject","inLanguage":"es","@id":"http:\/\/semolinika.anticteatre.com\/es\/biografia\/workshops\/#primaryimage","url":"http:\/\/semolinika.anticteatre.com\/wp-content\/uploads\/2019\/05\/WORKSHOPS1.jpg","contentUrl":"http:\/\/semolinika.anticteatre.com\/wp-content\/uploads\/2019\/05\/WORKSHOPS1.jpg"},{"@type":"BreadcrumbList","@id":"http:\/\/semolinika.anticteatre.com\/es\/biografia\/workshops\/#breadcrumb","itemListElement":[{"@type":"ListItem","position":1,"name":"Home","item":"http:\/\/semolinika.anticteatre.com\/es\/"},{"@type":"ListItem","position":2,"name":"Biograf\u00eda","item":"http:\/\/semolinika.anticteatre.com\/es\/biografia\/"},{"@type":"ListItem","position":3,"name":"Workshops"}]},{"@type":"WebSite","@id":"https:\/\/semolinika.anticteatre.com\/#website","url":"https:\/\/semolinika.anticteatre.com\/","name":"Semolinika Tomic","description":"Artist","potentialAction":[{"@type":"SearchAction","target":{"@type":"EntryPoint","urlTemplate":"https:\/\/semolinika.anticteatre.com\/?s={search_term_string}"},"query-input":{"@type":"PropertyValueSpecification","valueRequired":true,"valueName":"search_term_string"}}],"inLanguage":"es"}]}},"uagb_featured_image_src":{"full":false,"thumbnail":false,"medium":false,"medium_large":false,"large":false,"1536x1536":false,"2048x2048":false},"uagb_author_info":{"display_name":"Marc","author_link":"http:\/\/semolinika.anticteatre.com\/es\/author\/marc\/"},"uagb_comment_info":0,"uagb_excerpt":"2006 MOOSTE, Estonia, Moks &#8211; Center for arts and social practice ZAGREB, Croacia, Eksperimental Free Scene SOFIA, Bulgaria, Kurdjali Krug Youth Center 2005 POZNAN, Poland, Kulczyk Foundation POZEGA, Croacia, Teatre Nacional de Pozega SAINT-PETERSBURG, Russia, Saint-Petersburg State Theatre for young audience SKOPJE, Macedonia, MASSO Macedonian Association for Free Sexual Orientatio BARCELONA, Spain, \u00c1rea de Escenograf\u00eda&nbsp;&hellip;","_links":{"self":[{"href":"http:\/\/semolinika.anticteatre.com\/es\/wp-json\/wp\/v2\/pages\/1173"}],"collection":[{"href":"http:\/\/semolinika.anticteatre.com\/es\/wp-json\/wp\/v2\/pages"}],"about":[{"href":"http:\/\/semolinika.anticteatre.com\/es\/wp-json\/wp\/v2\/types\/page"}],"author":[{"embeddable":true,"href":"http:\/\/semolinika.anticteatre.com\/es\/wp-json\/wp\/v2\/users\/1"}],"replies":[{"embeddable":true,"href":"http:\/\/semolinika.anticteatre.com\/es\/wp-json\/wp\/v2\/comments?post=1173"}],"version-history":[{"count":3,"href":"http:\/\/semolinika.anticteatre.com\/es\/wp-json\/wp\/v2\/pages\/1173\/revisions"}],"predecessor-version":[{"id":1181,"href":"http:\/\/semolinika.anticteatre.com\/es\/wp-json\/wp\/v2\/pages\/1173\/revisions\/1181"}],"up":[{"embeddable":true,"href":"http:\/\/semolinika.anticteatre.com\/es\/wp-json\/wp\/v2\/pages\/1151"}],"wp:attachment":[{"href":"http:\/\/semolinika.anticteatre.com\/es\/wp-json\/wp\/v2\/media?parent=1173"}],"curies":[{"name":"wp","href":"https:\/\/api.w.org\/{rel}","templated":true}]}}