{"id":1186,"date":"2019-05-23T19:59:09","date_gmt":"2019-05-23T17:59:09","guid":{"rendered":"http:\/\/semolinika.anticteatre.com\/contacte\/"},"modified":"2019-05-27T17:44:32","modified_gmt":"2019-05-27T15:44:32","slug":"contacte","status":"publish","type":"page","link":"http:\/\/semolinika.anticteatre.com\/es\/contacte\/","title":{"rendered":"Contacto"},"content":{"rendered":"\n<figure class=\"wp-block-image\"><img loading=\"lazy\" decoding=\"async\" width=\"300\" height=\"400\" src=\"http:\/\/semolinika.anticteatre.com\/wp-content\/uploads\/2019\/05\/CONTACTO1.jpg\" alt=\"\" class=\"wp-image-388\"\/><\/figure>\n\n\n\n<p>Compa\u00f1\u00eda Semol\u00ednika Tomic <\/p>\n\n\n\n<p>L\u2019Antic Teatre &#8211; L\u2019Espai de Creaci\u00f3<br>\nc\/ Verdaguer i Callis 12<br>\n08003 Barcelona, Espanya<\/p>\n\n\n\n<p>Tel: + 34 93 315 23 54<br>\nFax: + 34 93 513 24 74<\/p>\n\n\n\n<p>semolinika@lanticteatre.com<\/p>\n","protected":false},"excerpt":{"rendered":"<p>Compa\u00f1\u00eda Semol\u00ednika Tomic L\u2019Antic Teatre &#8211; L\u2019Espai de Creaci\u00f3 c\/ Verdaguer i Callis 12 08003 Barcelona, Espanya Tel: + 34 93 315 23 54 Fax: + 34 93 513 24 74 semolinika@lanticteatre.com<\/p>\n","protected":false},"author":1,"featured_media":0,"parent":0,"menu_order":4,"comment_status":"closed","ping_status":"closed","template":"","meta":{"_acf_changed":false,"_uag_custom_page_level_css":"","footnotes":""},"class_list":["post-1186","page","type-page","status-publish","hentry"],"acf":[],"yoast_head":"<!-- This site is optimized with the Yoast SEO plugin v23.4 - https:\/\/yoast.com\/wordpress\/plugins\/seo\/ -->\n<title>Contacto - Semolinika Tomic<\/title>\n<meta name=\"robots\" content=\"index, follow, max-snippet:-1, max-image-preview:large, max-video-preview:-1\" \/>\n<link rel=\"canonical\" href=\"https:\/\/semolinika.anticteatre.com\/es\/contacte\/\" \/>\n<meta property=\"og:locale\" content=\"es_ES\" \/>\n<meta property=\"og:type\" content=\"article\" \/>\n<meta property=\"og:title\" content=\"Contacto - Semolinika Tomic\" \/>\n<meta property=\"og:description\" content=\"Compa\u00f1\u00eda Semol\u00ednika Tomic L\u2019Antic Teatre &#8211; L\u2019Espai de Creaci\u00f3 c\/ Verdaguer i Callis 12 08003 Barcelona, Espanya Tel: + 34 93 315 23 54 Fax: + 34 93 513 24 74 semolinika@lanticteatre.com\" \/>\n<meta property=\"og:url\" content=\"https:\/\/semolinika.anticteatre.com\/es\/contacte\/\" \/>\n<meta property=\"og:site_name\" content=\"Semolinika Tomic\" \/>\n<meta property=\"article:modified_time\" content=\"2019-05-27T15:44:32+00:00\" \/>\n<meta property=\"og:image\" content=\"http:\/\/semolinika.anticteatre.com\/wp-content\/uploads\/2019\/05\/CONTACTO1.jpg\" \/>\n<meta name=\"twitter:card\" content=\"summary_large_image\" \/>\n<script type=\"application\/ld+json\" class=\"yoast-schema-graph\">{\"@context\":\"https:\/\/schema.org\",\"@graph\":[{\"@type\":\"WebPage\",\"@id\":\"https:\/\/semolinika.anticteatre.com\/es\/contacte\/\",\"url\":\"https:\/\/semolinika.anticteatre.com\/es\/contacte\/\",\"name\":\"Contacto - Semolinika Tomic\",\"isPartOf\":{\"@id\":\"https:\/\/semolinika.anticteatre.com\/#website\"},\"primaryImageOfPage\":{\"@id\":\"https:\/\/semolinika.anticteatre.com\/es\/contacte\/#primaryimage\"},\"image\":{\"@id\":\"https:\/\/semolinika.anticteatre.com\/es\/contacte\/#primaryimage\"},\"thumbnailUrl\":\"http:\/\/semolinika.anticteatre.com\/wp-content\/uploads\/2019\/05\/CONTACTO1.jpg\",\"datePublished\":\"2019-05-23T17:59:09+00:00\",\"dateModified\":\"2019-05-27T15:44:32+00:00\",\"breadcrumb\":{\"@id\":\"https:\/\/semolinika.anticteatre.com\/es\/contacte\/#breadcrumb\"},\"inLanguage\":\"es\",\"potentialAction\":[{\"@type\":\"ReadAction\",\"target\":[\"https:\/\/semolinika.anticteatre.com\/es\/contacte\/\"]}]},{\"@type\":\"ImageObject\",\"inLanguage\":\"es\",\"@id\":\"https:\/\/semolinika.anticteatre.com\/es\/contacte\/#primaryimage\",\"url\":\"http:\/\/semolinika.anticteatre.com\/wp-content\/uploads\/2019\/05\/CONTACTO1.jpg\",\"contentUrl\":\"http:\/\/semolinika.anticteatre.com\/wp-content\/uploads\/2019\/05\/CONTACTO1.jpg\"},{\"@type\":\"BreadcrumbList\",\"@id\":\"https:\/\/semolinika.anticteatre.com\/es\/contacte\/#breadcrumb\",\"itemListElement\":[{\"@type\":\"ListItem\",\"position\":1,\"name\":\"Home\",\"item\":\"http:\/\/semolinika.anticteatre.com\/es\/\"},{\"@type\":\"ListItem\",\"position\":2,\"name\":\"Contacto\"}]},{\"@type\":\"WebSite\",\"@id\":\"https:\/\/semolinika.anticteatre.com\/#website\",\"url\":\"https:\/\/semolinika.anticteatre.com\/\",\"name\":\"Semolinika Tomic\",\"description\":\"Artist\",\"potentialAction\":[{\"@type\":\"SearchAction\",\"target\":{\"@type\":\"EntryPoint\",\"urlTemplate\":\"https:\/\/semolinika.anticteatre.com\/?s={search_term_string}\"},\"query-input\":{\"@type\":\"PropertyValueSpecification\",\"valueRequired\":true,\"valueName\":\"search_term_string\"}}],\"inLanguage\":\"es\"}]}<\/script>\n<!-- \/ Yoast SEO plugin. -->","yoast_head_json":{"title":"Contacto - Semolinika Tomic","robots":{"index":"index","follow":"follow","max-snippet":"max-snippet:-1","max-image-preview":"max-image-preview:large","max-video-preview":"max-video-preview:-1"},"canonical":"https:\/\/semolinika.anticteatre.com\/es\/contacte\/","og_locale":"es_ES","og_type":"article","og_title":"Contacto - Semolinika Tomic","og_description":"Compa\u00f1\u00eda Semol\u00ednika Tomic L\u2019Antic Teatre &#8211; L\u2019Espai de Creaci\u00f3 c\/ Verdaguer i Callis 12 08003 Barcelona, Espanya Tel: + 34 93 315 23 54 Fax: + 34 93 513 24 74 semolinika@lanticteatre.com","og_url":"https:\/\/semolinika.anticteatre.com\/es\/contacte\/","og_site_name":"Semolinika Tomic","article_modified_time":"2019-05-27T15:44:32+00:00","og_image":[{"url":"http:\/\/semolinika.anticteatre.com\/wp-content\/uploads\/2019\/05\/CONTACTO1.jpg"}],"twitter_card":"summary_large_image","schema":{"@context":"https:\/\/schema.org","@graph":[{"@type":"WebPage","@id":"https:\/\/semolinika.anticteatre.com\/es\/contacte\/","url":"https:\/\/semolinika.anticteatre.com\/es\/contacte\/","name":"Contacto - Semolinika Tomic","isPartOf":{"@id":"https:\/\/semolinika.anticteatre.com\/#website"},"primaryImageOfPage":{"@id":"https:\/\/semolinika.anticteatre.com\/es\/contacte\/#primaryimage"},"image":{"@id":"https:\/\/semolinika.anticteatre.com\/es\/contacte\/#primaryimage"},"thumbnailUrl":"http:\/\/semolinika.anticteatre.com\/wp-content\/uploads\/2019\/05\/CONTACTO1.jpg","datePublished":"2019-05-23T17:59:09+00:00","dateModified":"2019-05-27T15:44:32+00:00","breadcrumb":{"@id":"https:\/\/semolinika.anticteatre.com\/es\/contacte\/#breadcrumb"},"inLanguage":"es","potentialAction":[{"@type":"ReadAction","target":["https:\/\/semolinika.anticteatre.com\/es\/contacte\/"]}]},{"@type":"ImageObject","inLanguage":"es","@id":"https:\/\/semolinika.anticteatre.com\/es\/contacte\/#primaryimage","url":"http:\/\/semolinika.anticteatre.com\/wp-content\/uploads\/2019\/05\/CONTACTO1.jpg","contentUrl":"http:\/\/semolinika.anticteatre.com\/wp-content\/uploads\/2019\/05\/CONTACTO1.jpg"},{"@type":"BreadcrumbList","@id":"https:\/\/semolinika.anticteatre.com\/es\/contacte\/#breadcrumb","itemListElement":[{"@type":"ListItem","position":1,"name":"Home","item":"http:\/\/semolinika.anticteatre.com\/es\/"},{"@type":"ListItem","position":2,"name":"Contacto"}]},{"@type":"WebSite","@id":"https:\/\/semolinika.anticteatre.com\/#website","url":"https:\/\/semolinika.anticteatre.com\/","name":"Semolinika Tomic","description":"Artist","potentialAction":[{"@type":"SearchAction","target":{"@type":"EntryPoint","urlTemplate":"https:\/\/semolinika.anticteatre.com\/?s={search_term_string}"},"query-input":{"@type":"PropertyValueSpecification","valueRequired":true,"valueName":"search_term_string"}}],"inLanguage":"es"}]}},"uagb_featured_image_src":{"full":false,"thumbnail":false,"medium":false,"medium_large":false,"large":false,"1536x1536":false,"2048x2048":false},"uagb_author_info":{"display_name":"Marc","author_link":"http:\/\/semolinika.anticteatre.com\/es\/author\/marc\/"},"uagb_comment_info":0,"uagb_excerpt":"Compa\u00f1\u00eda Semol\u00ednika Tomic L\u2019Antic Teatre &#8211; L\u2019Espai de Creaci\u00f3 c\/ Verdaguer i Callis 12 08003 Barcelona, Espanya Tel: + 34 93 315 23 54 Fax: + 34 93 513 24 74 semolinika@lanticteatre.com","_links":{"self":[{"href":"http:\/\/semolinika.anticteatre.com\/es\/wp-json\/wp\/v2\/pages\/1186"}],"collection":[{"href":"http:\/\/semolinika.anticteatre.com\/es\/wp-json\/wp\/v2\/pages"}],"about":[{"href":"http:\/\/semolinika.anticteatre.com\/es\/wp-json\/wp\/v2\/types\/page"}],"author":[{"embeddable":true,"href":"http:\/\/semolinika.anticteatre.com\/es\/wp-json\/wp\/v2\/users\/1"}],"replies":[{"embeddable":true,"href":"http:\/\/semolinika.anticteatre.com\/es\/wp-json\/wp\/v2\/comments?post=1186"}],"version-history":[{"count":3,"href":"http:\/\/semolinika.anticteatre.com\/es\/wp-json\/wp\/v2\/pages\/1186\/revisions"}],"predecessor-version":[{"id":1196,"href":"http:\/\/semolinika.anticteatre.com\/es\/wp-json\/wp\/v2\/pages\/1186\/revisions\/1196"}],"wp:attachment":[{"href":"http:\/\/semolinika.anticteatre.com\/es\/wp-json\/wp\/v2\/media?parent=1186"}],"curies":[{"name":"wp","href":"https:\/\/api.w.org\/{rel}","templated":true}]}}