{"id":1124,"date":"2019-05-23T18:20:41","date_gmt":"2019-05-23T16:20:41","guid":{"rendered":"http:\/\/semolinika.anticteatre.com\/cia-semolenika-tomic\/coto-de-casa\/"},"modified":"2019-05-27T17:24:28","modified_gmt":"2019-05-27T15:24:28","slug":"coto-de-casa","status":"publish","type":"page","link":"https:\/\/semolinika.anticteatre.com\/en\/cia-semolinika-tomic\/coto-de-casa\/","title":{"rendered":"Coto de Casa"},"content":{"rendered":"\t\t\t\t<div class=\"wp-block-uagb-table-of-contents uagb-toc__align-left uagb-toc__columns-1  uagb-block-4ebaefa1-e183-47a6-871d-6051f7f668a8     \"\n\t\t\t\t\tdata-scroll= \"1\"\n\t\t\t\t\tdata-offset= \"30\"\n\t\t\t\t\tstyle=\"\"\n\t\t\t\t>\n\t\t\t\t<div class=\"uagb-toc__wrap\">\n\t\t\t\t\t\t<div class=\"uagb-toc__title\">\n\t\t\t\t\t\t\tTable Of Contents\t\t\t\t\t\t<\/div>\n\t\t\t\t\t\t\t\t\t\t\t\t\t\t\t\t<div class=\"uagb-toc__list-wrap\">\n\t\t\t\t\t\t<ol class=\"uagb-toc__list\"><li class=\"uagb-toc__list\"><a href=\"#intro\" class=\"uagb-toc-link__trigger\">Intro<\/a><li class=\"uagb-toc__list\"><a href=\"#synopsis\" class=\"uagb-toc-link__trigger\">Synopsis<\/a><li class=\"uagb-toc__list\"><a href=\"#artistic-credits\" class=\"uagb-toc-link__trigger\">Artistic credits<\/a><li class=\"uagb-toc__list\"><a href=\"#gallery\" class=\"uagb-toc-link__trigger\">Gallery<\/a><li class=\"uagb-toc__list\"><a href=\"#video\" class=\"uagb-toc-link__trigger\">Video<\/a><\/ol>\t\t\t\t\t<\/div>\n\t\t\t\t\t\t\t\t\t<\/div>\n\t\t\t\t<\/div>\n\t\t\t\n\n\n<h2 class=\"wp-block-heading\" id=\"0-intro\">Intro<\/h2>\n\n\n\n<figure class=\"wp-block-image\"><img loading=\"lazy\" decoding=\"async\" width=\"600\" height=\"304\" src=\"http:\/\/semolinika.anticteatre.com\/wp-content\/uploads\/2019\/05\/COTO-DE-CASA1.jpg\" alt=\"\" class=\"wp-image-191\"\/><\/figure>\n\n\n\n<p>Coproduction: PANORAMA FESTIVAL Olot,  Octubre 2004,<br>\nL&#8217;Antic teatre- L&#8217;Espai de Creaci\u00f3, Barcelona<\/p>\n\n\n\n<h2 class=\"wp-block-heading\" id=\"0-sinopsi\">Synopsis<\/h2>\n\n\n\n<figure class=\"wp-block-image\"><img loading=\"lazy\" decoding=\"async\" width=\"300\" height=\"400\" src=\"http:\/\/semolinika.anticteatre.com\/wp-content\/uploads\/2019\/05\/SINOPSIS1-4.jpg\" alt=\"\" class=\"wp-image-192\"\/><\/figure>\n\n\n\n<p>La estrella de Body safe(er) y el heavy dancer del Nutritivo juntos dentro de un piso de dimensiones reducidas. Os atreveis entrar?<br>\nUna propuesta de L&#8217;Antic teatre para PNRM &#8217;04 no apta para cardiacos, que inauguran una nueva forma de creacion escenica;<br>\nNo es teatro, no es una performance, no es una accion,<br>\nno es danza-teatro ni videocreacion; es un ALKILLER,<br>\nun nuevo g\u00e9nero que seguro que pronto trendr\u00e1<br>\nnumerosos y fan\u00e1ticos adeptos.<\/p>\n\n\n\n<p>Presentamos 4 espacios independientes, 4 maneras de trabajar i de entender el acto esc\u00e9nico, el espacio, la instalaci\u00f3n o un posicionamiento ante unos hechos concretos.<\/p>\n\n\n\n<p>Coto de Casa  se puede presentar en espacios de m\u00ednimo 3 habitaciones separadas. Puede ser en un piso ( tambi\u00e9n piso amueblado), una casa, una galer\u00eda, un hotel\u201a( no se necesitan habitaciones grandes ).<\/p>\n\n\n\n<p>Coproducci\u00f3n: PANORAMA FESTIVAL Olot,  Octubre 2004,<br>\nL&#8217;Antic teatre- L&#8217;Espai de Creaci\u00f3, Barcelona<\/p>\n\n\n\n<h2 class=\"wp-block-heading\" id=\"4-fitxa-art\u00edstica\">Artistic credits<\/h2>\n\n\n\n<figure class=\"wp-block-image\"><img loading=\"lazy\" decoding=\"async\" width=\"533\" height=\"400\" src=\"http:\/\/semolinika.anticteatre.com\/wp-content\/uploads\/2019\/05\/FICHA-ARTISTICA1-5.jpg\" alt=\"\" class=\"wp-image-193\"\/><\/figure>\n\n\n\n<p>Idea, Direcci\u00f3: Semolina Tomic<br>Performers: Sergi Faustino, Johnny Electrolux, Chesculin Ros, Semolina Tomic<\/p>\n\n\n\n<h2 class=\"wp-block-heading\" id=\"5-galeria\">Gallery<\/h2>\n\n\n\n<ul class=\"wp-block-gallery columns-3 is-cropped wp-block-gallery-1 is-layout-flex wp-block-gallery-is-layout-flex\"><li class=\"blocks-gallery-item\"><figure><img loading=\"lazy\" decoding=\"async\" width=\"300\" height=\"400\" src=\"http:\/\/semolinika.anticteatre.com\/wp-content\/uploads\/2019\/05\/COTO-DE-CASA1-1.jpg\" alt=\"\" data-id=\"194\" data-link=\"http:\/\/semolinika.anticteatre.com\/cia-semolenika-tomic\/coto-de-casa\/coto-de-casa1-1\/\" class=\"wp-image-194\"\/><\/figure><\/li><li class=\"blocks-gallery-item\"><figure><img loading=\"lazy\" decoding=\"async\" width=\"300\" height=\"400\" src=\"http:\/\/semolinika.anticteatre.com\/wp-content\/uploads\/2019\/05\/COTO-DE-CASA2.jpg\" alt=\"\" data-id=\"195\" data-link=\"http:\/\/semolinika.anticteatre.com\/cia-semolenika-tomic\/coto-de-casa\/coto-de-casa2\/\" class=\"wp-image-195\"\/><\/figure><\/li><li class=\"blocks-gallery-item\"><figure><img loading=\"lazy\" decoding=\"async\" width=\"533\" height=\"400\" src=\"http:\/\/semolinika.anticteatre.com\/wp-content\/uploads\/2019\/05\/COTO-DE-CASA3.jpg\" alt=\"\" data-id=\"196\" data-link=\"http:\/\/semolinika.anticteatre.com\/cia-semolenika-tomic\/coto-de-casa\/coto-de-casa3\/\" class=\"wp-image-196\"\/><\/figure><\/li><li class=\"blocks-gallery-item\"><figure><img loading=\"lazy\" decoding=\"async\" width=\"300\" height=\"400\" src=\"http:\/\/semolinika.anticteatre.com\/wp-content\/uploads\/2019\/05\/COTO-DE-CASA4.jpg\" alt=\"\" data-id=\"197\" data-link=\"http:\/\/semolinika.anticteatre.com\/cia-semolenika-tomic\/coto-de-casa\/coto-de-casa4\/\" class=\"wp-image-197\"\/><\/figure><\/li><li class=\"blocks-gallery-item\"><figure><img loading=\"lazy\" decoding=\"async\" width=\"300\" height=\"400\" src=\"http:\/\/semolinika.anticteatre.com\/wp-content\/uploads\/2019\/05\/COTO-DE-CASA5.jpg\" alt=\"\" data-id=\"198\" data-link=\"http:\/\/semolinika.anticteatre.com\/cia-semolenika-tomic\/coto-de-casa\/coto-de-casa5\/\" class=\"wp-image-198\"\/><\/figure><\/li><li class=\"blocks-gallery-item\"><figure><img loading=\"lazy\" decoding=\"async\" width=\"300\" height=\"400\" src=\"http:\/\/semolinika.anticteatre.com\/wp-content\/uploads\/2019\/05\/COTO-DE-CASA6.jpg\" alt=\"\" data-id=\"199\" data-link=\"http:\/\/semolinika.anticteatre.com\/cia-semolenika-tomic\/coto-de-casa\/coto-de-casa6\/\" class=\"wp-image-199\"\/><\/figure><\/li><li class=\"blocks-gallery-item\"><figure><img loading=\"lazy\" decoding=\"async\" width=\"789\" height=\"400\" src=\"http:\/\/semolinika.anticteatre.com\/wp-content\/uploads\/2019\/05\/COTO-DE-CASA7.jpg\" alt=\"\" data-id=\"200\" data-link=\"http:\/\/semolinika.anticteatre.com\/cia-semolenika-tomic\/coto-de-casa\/coto-de-casa7\/\" class=\"wp-image-200\" srcset=\"https:\/\/semolinika.anticteatre.com\/wp-content\/uploads\/2019\/05\/COTO-DE-CASA7.jpg 789w, https:\/\/semolinika.anticteatre.com\/wp-content\/uploads\/2019\/05\/COTO-DE-CASA7-768x389.jpg 768w\" sizes=\"(max-width: 789px) 100vw, 789px\" \/><\/figure><\/li><\/ul>\n\n\n\n<h2 class=\"wp-block-heading\" id=\"6-video\">Video<\/h2>\n\n\n\n<figure class=\"wp-block-video\"><video controls src=\"http:\/\/semolinika.anticteatre.com\/wp-content\/uploads\/2019\/05\/COTO-DE-CASA.mp4\"><\/video><\/figure>\n","protected":false},"excerpt":{"rendered":"<p>Intro Coproduction: PANORAMA FESTIVAL Olot, Octubre 2004, L&#8217;Antic teatre- L&#8217;Espai de Creaci\u00f3, Barcelona Synopsis La estrella de Body safe(er) y el heavy dancer del Nutritivo juntos dentro de un piso de dimensiones reducidas. Os atreveis entrar? Una propuesta de L&#8217;Antic teatre para PNRM &#8217;04 no apta para cardiacos, que inauguran una nueva forma de creacion&nbsp; <a href=\"https:\/\/semolinika.anticteatre.com\/en\/cia-semolinika-tomic\/coto-de-casa\/\">&hellip; Read more <i class=\"glyphicon glyphicon-arrow-right\"><\/i><\/a><\/p>\n","protected":false},"author":1,"featured_media":0,"parent":1065,"menu_order":6,"comment_status":"closed","ping_status":"closed","template":"","meta":{"_acf_changed":false,"_uag_custom_page_level_css":"","footnotes":""},"class_list":["post-1124","page","type-page","status-publish","hentry"],"acf":[],"yoast_head":"<!-- This site is optimized with the Yoast SEO plugin v23.4 - https:\/\/yoast.com\/wordpress\/plugins\/seo\/ -->\n<title>Coto de Casa - Semolinika Tomic<\/title>\n<meta name=\"robots\" content=\"index, follow, max-snippet:-1, max-image-preview:large, max-video-preview:-1\" \/>\n<link rel=\"canonical\" href=\"http:\/\/semolinika.anticteatre.com\/en\/cia-semolinika-tomic\/coto-de-casa\/\" \/>\n<meta property=\"og:locale\" content=\"en_US\" \/>\n<meta property=\"og:type\" content=\"article\" \/>\n<meta property=\"og:title\" content=\"Coto de Casa - Semolinika Tomic\" \/>\n<meta property=\"og:description\" content=\"Intro Coproduction: PANORAMA FESTIVAL Olot, Octubre 2004, L&#8217;Antic teatre- L&#8217;Espai de Creaci\u00f3, Barcelona Synopsis La estrella de Body safe(er) y el heavy dancer del Nutritivo juntos dentro de un piso de dimensiones reducidas. Os atreveis entrar? Una propuesta de L&#8217;Antic teatre para PNRM &#8217;04 no apta para cardiacos, que inauguran una nueva forma de creacion&nbsp; &hellip; Read more\" \/>\n<meta property=\"og:url\" content=\"http:\/\/semolinika.anticteatre.com\/en\/cia-semolinika-tomic\/coto-de-casa\/\" \/>\n<meta property=\"og:site_name\" content=\"Semolinika Tomic\" \/>\n<meta property=\"article:modified_time\" content=\"2019-05-27T15:24:28+00:00\" \/>\n<meta property=\"og:image\" content=\"http:\/\/semolinika.anticteatre.com\/wp-content\/uploads\/2019\/05\/COTO-DE-CASA1.jpg\" \/>\n<meta name=\"twitter:card\" content=\"summary_large_image\" \/>\n<meta name=\"twitter:label1\" content=\"Est. reading time\" \/>\n\t<meta name=\"twitter:data1\" content=\"1 minute\" \/>\n<script type=\"application\/ld+json\" class=\"yoast-schema-graph\">{\"@context\":\"https:\/\/schema.org\",\"@graph\":[{\"@type\":\"WebPage\",\"@id\":\"http:\/\/semolinika.anticteatre.com\/en\/cia-semolinika-tomic\/coto-de-casa\/\",\"url\":\"http:\/\/semolinika.anticteatre.com\/en\/cia-semolinika-tomic\/coto-de-casa\/\",\"name\":\"Coto de Casa - Semolinika Tomic\",\"isPartOf\":{\"@id\":\"https:\/\/semolinika.anticteatre.com\/#website\"},\"primaryImageOfPage\":{\"@id\":\"http:\/\/semolinika.anticteatre.com\/en\/cia-semolinika-tomic\/coto-de-casa\/#primaryimage\"},\"image\":{\"@id\":\"http:\/\/semolinika.anticteatre.com\/en\/cia-semolinika-tomic\/coto-de-casa\/#primaryimage\"},\"thumbnailUrl\":\"http:\/\/semolinika.anticteatre.com\/wp-content\/uploads\/2019\/05\/COTO-DE-CASA1.jpg\",\"datePublished\":\"2019-05-23T16:20:41+00:00\",\"dateModified\":\"2019-05-27T15:24:28+00:00\",\"breadcrumb\":{\"@id\":\"http:\/\/semolinika.anticteatre.com\/en\/cia-semolinika-tomic\/coto-de-casa\/#breadcrumb\"},\"inLanguage\":\"en-US\",\"potentialAction\":[{\"@type\":\"ReadAction\",\"target\":[\"http:\/\/semolinika.anticteatre.com\/en\/cia-semolinika-tomic\/coto-de-casa\/\"]}]},{\"@type\":\"ImageObject\",\"inLanguage\":\"en-US\",\"@id\":\"http:\/\/semolinika.anticteatre.com\/en\/cia-semolinika-tomic\/coto-de-casa\/#primaryimage\",\"url\":\"http:\/\/semolinika.anticteatre.com\/wp-content\/uploads\/2019\/05\/COTO-DE-CASA1.jpg\",\"contentUrl\":\"http:\/\/semolinika.anticteatre.com\/wp-content\/uploads\/2019\/05\/COTO-DE-CASA1.jpg\"},{\"@type\":\"BreadcrumbList\",\"@id\":\"http:\/\/semolinika.anticteatre.com\/en\/cia-semolinika-tomic\/coto-de-casa\/#breadcrumb\",\"itemListElement\":[{\"@type\":\"ListItem\",\"position\":1,\"name\":\"Home\",\"item\":\"https:\/\/semolinika.anticteatre.com\/en\/\"},{\"@type\":\"ListItem\",\"position\":2,\"name\":\"Cia Semolinika Tomic\",\"item\":\"https:\/\/semolinika.anticteatre.com\/en\/cia-semolinika-tomic\/\"},{\"@type\":\"ListItem\",\"position\":3,\"name\":\"Coto de Casa\"}]},{\"@type\":\"WebSite\",\"@id\":\"https:\/\/semolinika.anticteatre.com\/#website\",\"url\":\"https:\/\/semolinika.anticteatre.com\/\",\"name\":\"Semolinika Tomic\",\"description\":\"Artist\",\"potentialAction\":[{\"@type\":\"SearchAction\",\"target\":{\"@type\":\"EntryPoint\",\"urlTemplate\":\"https:\/\/semolinika.anticteatre.com\/?s={search_term_string}\"},\"query-input\":{\"@type\":\"PropertyValueSpecification\",\"valueRequired\":true,\"valueName\":\"search_term_string\"}}],\"inLanguage\":\"en-US\"}]}<\/script>\n<!-- \/ Yoast SEO plugin. -->","yoast_head_json":{"title":"Coto de Casa - Semolinika Tomic","robots":{"index":"index","follow":"follow","max-snippet":"max-snippet:-1","max-image-preview":"max-image-preview:large","max-video-preview":"max-video-preview:-1"},"canonical":"http:\/\/semolinika.anticteatre.com\/en\/cia-semolinika-tomic\/coto-de-casa\/","og_locale":"en_US","og_type":"article","og_title":"Coto de Casa - Semolinika Tomic","og_description":"Intro Coproduction: PANORAMA FESTIVAL Olot, Octubre 2004, L&#8217;Antic teatre- L&#8217;Espai de Creaci\u00f3, Barcelona Synopsis La estrella de Body safe(er) y el heavy dancer del Nutritivo juntos dentro de un piso de dimensiones reducidas. Os atreveis entrar? Una propuesta de L&#8217;Antic teatre para PNRM &#8217;04 no apta para cardiacos, que inauguran una nueva forma de creacion&nbsp; &hellip; Read more","og_url":"http:\/\/semolinika.anticteatre.com\/en\/cia-semolinika-tomic\/coto-de-casa\/","og_site_name":"Semolinika Tomic","article_modified_time":"2019-05-27T15:24:28+00:00","og_image":[{"url":"http:\/\/semolinika.anticteatre.com\/wp-content\/uploads\/2019\/05\/COTO-DE-CASA1.jpg"}],"twitter_card":"summary_large_image","twitter_misc":{"Est. reading time":"1 minute"},"schema":{"@context":"https:\/\/schema.org","@graph":[{"@type":"WebPage","@id":"http:\/\/semolinika.anticteatre.com\/en\/cia-semolinika-tomic\/coto-de-casa\/","url":"http:\/\/semolinika.anticteatre.com\/en\/cia-semolinika-tomic\/coto-de-casa\/","name":"Coto de Casa - Semolinika Tomic","isPartOf":{"@id":"https:\/\/semolinika.anticteatre.com\/#website"},"primaryImageOfPage":{"@id":"http:\/\/semolinika.anticteatre.com\/en\/cia-semolinika-tomic\/coto-de-casa\/#primaryimage"},"image":{"@id":"http:\/\/semolinika.anticteatre.com\/en\/cia-semolinika-tomic\/coto-de-casa\/#primaryimage"},"thumbnailUrl":"http:\/\/semolinika.anticteatre.com\/wp-content\/uploads\/2019\/05\/COTO-DE-CASA1.jpg","datePublished":"2019-05-23T16:20:41+00:00","dateModified":"2019-05-27T15:24:28+00:00","breadcrumb":{"@id":"http:\/\/semolinika.anticteatre.com\/en\/cia-semolinika-tomic\/coto-de-casa\/#breadcrumb"},"inLanguage":"en-US","potentialAction":[{"@type":"ReadAction","target":["http:\/\/semolinika.anticteatre.com\/en\/cia-semolinika-tomic\/coto-de-casa\/"]}]},{"@type":"ImageObject","inLanguage":"en-US","@id":"http:\/\/semolinika.anticteatre.com\/en\/cia-semolinika-tomic\/coto-de-casa\/#primaryimage","url":"http:\/\/semolinika.anticteatre.com\/wp-content\/uploads\/2019\/05\/COTO-DE-CASA1.jpg","contentUrl":"http:\/\/semolinika.anticteatre.com\/wp-content\/uploads\/2019\/05\/COTO-DE-CASA1.jpg"},{"@type":"BreadcrumbList","@id":"http:\/\/semolinika.anticteatre.com\/en\/cia-semolinika-tomic\/coto-de-casa\/#breadcrumb","itemListElement":[{"@type":"ListItem","position":1,"name":"Home","item":"https:\/\/semolinika.anticteatre.com\/en\/"},{"@type":"ListItem","position":2,"name":"Cia Semolinika Tomic","item":"https:\/\/semolinika.anticteatre.com\/en\/cia-semolinika-tomic\/"},{"@type":"ListItem","position":3,"name":"Coto de Casa"}]},{"@type":"WebSite","@id":"https:\/\/semolinika.anticteatre.com\/#website","url":"https:\/\/semolinika.anticteatre.com\/","name":"Semolinika Tomic","description":"Artist","potentialAction":[{"@type":"SearchAction","target":{"@type":"EntryPoint","urlTemplate":"https:\/\/semolinika.anticteatre.com\/?s={search_term_string}"},"query-input":{"@type":"PropertyValueSpecification","valueRequired":true,"valueName":"search_term_string"}}],"inLanguage":"en-US"}]}},"uagb_featured_image_src":{"full":false,"thumbnail":false,"medium":false,"medium_large":false,"large":false,"1536x1536":false,"2048x2048":false},"uagb_author_info":{"display_name":"Marc","author_link":"https:\/\/semolinika.anticteatre.com\/en\/author\/marc\/"},"uagb_comment_info":0,"uagb_excerpt":"Intro Coproduction: PANORAMA FESTIVAL Olot, Octubre 2004, L&#8217;Antic teatre- L&#8217;Espai de Creaci\u00f3, Barcelona Synopsis La estrella de Body safe(er) y el heavy dancer del Nutritivo juntos dentro de un piso de dimensiones reducidas. Os atreveis entrar? Una propuesta de L&#8217;Antic teatre para PNRM &#8217;04 no apta para cardiacos, que inauguran una nueva forma de creacion&nbsp;&hellip;","_links":{"self":[{"href":"https:\/\/semolinika.anticteatre.com\/en\/wp-json\/wp\/v2\/pages\/1124"}],"collection":[{"href":"https:\/\/semolinika.anticteatre.com\/en\/wp-json\/wp\/v2\/pages"}],"about":[{"href":"https:\/\/semolinika.anticteatre.com\/en\/wp-json\/wp\/v2\/types\/page"}],"author":[{"embeddable":true,"href":"https:\/\/semolinika.anticteatre.com\/en\/wp-json\/wp\/v2\/users\/1"}],"replies":[{"embeddable":true,"href":"https:\/\/semolinika.anticteatre.com\/en\/wp-json\/wp\/v2\/comments?post=1124"}],"version-history":[{"count":1,"href":"https:\/\/semolinika.anticteatre.com\/en\/wp-json\/wp\/v2\/pages\/1124\/revisions"}],"predecessor-version":[{"id":1132,"href":"https:\/\/semolinika.anticteatre.com\/en\/wp-json\/wp\/v2\/pages\/1124\/revisions\/1132"}],"up":[{"embeddable":true,"href":"https:\/\/semolinika.anticteatre.com\/en\/wp-json\/wp\/v2\/pages\/1065"}],"wp:attachment":[{"href":"https:\/\/semolinika.anticteatre.com\/en\/wp-json\/wp\/v2\/media?parent=1124"}],"curies":[{"name":"wp","href":"https:\/\/api.w.org\/{rel}","templated":true}]}}