{"id":1150,"date":"2019-05-23T18:23:12","date_gmt":"2019-05-23T16:23:12","guid":{"rendered":"http:\/\/semolinika.anticteatre.com\/biografia\/"},"modified":"2019-05-27T17:46:37","modified_gmt":"2019-05-27T15:46:37","slug":"bio","status":"publish","type":"page","link":"https:\/\/semolinika.anticteatre.com\/en\/bio\/","title":{"rendered":"Bio"},"content":{"rendered":"\n<div class=\"wp-block-columns has-2-columns is-layout-flex wp-container-core-columns-is-layout-1 wp-block-columns-is-layout-flex\">\n<div class=\"wp-block-column is-layout-flow wp-block-column-is-layout-flow\">\n<p><strong>SEMOLINIKA TOMIC AND ANTIC TEATRE &#8211; ESPAI DE CREACI\u00d3, BARCELONA<\/strong><\/p>\n\n\n\n<p><a href=\"https:\/\/www.lanticteatre.com\">www.lanticteatre.com<\/a><\/p>\n\n\n\n<p>Semolinika Tomic is the resident company of Antic Teatre &#8211; Espai de Creaci\u00f3. <\/p>\n\n\n\n<p>In 2003, apart from her creations, Semolinika Tomicc reopens Antic Teatre &#8211; Espai de Creaci\u00f3, engaged in the direction and programming of this theatre. It\u2019s a place to promote and produce all those experimental artists in need of an opportunity to show their work in this city.<\/p>\n\n\n\n<p>One of the strong points of Antic Teatre is that the artistic and administrative management is maintained by people who come from the same artistic world. This characteristic causes that the artist feels he\u2019s better understood because who programs him, knows his necessities.<\/p>\n\n\n\n<p>For Semolinika Tomic the path was indeed hard, and that\u2019s why one day she decided to choose her own direction. She did it thinking of the new generations, so that they don\u2019t have to go through the same problems. Creation is a very hard exercise in itself and what is needed is help not obstacles.<\/p>\n\n\n\n<p>The idea is to work as a springboard for all these young people, full of dreams and hopes. It\u2019s important not to miss out the talents that circulate on the city. <\/p>\n\n\n\n<p>Knowing the difficulty of depending on artistic performances and even worst, finding a place to create, Antic Teatre \u2013 Espai de Creaci\u00f3, recognised in the artistic world, fills a real situation of void. It\u2019s opened to innovative and risky proposals, offering a platform outside the conventional artistic circuit: an alternative and multidisciplinary scene.<\/p>\n<\/div>\n\n\n\n<div class=\"wp-block-column is-layout-flow wp-block-column-is-layout-flow\">\n<figure class=\"wp-block-image\"><img loading=\"lazy\" decoding=\"async\" width=\"300\" height=\"400\" src=\"http:\/\/semolinika.anticteatre.com\/wp-content\/uploads\/2019\/05\/BIOGRAFIA1.jpg\" alt=\"\" class=\"wp-image-330\"\/><\/figure>\n<\/div>\n<\/div>\n","protected":false},"excerpt":{"rendered":"<p>SEMOLINIKA TOMIC AND ANTIC TEATRE &#8211; ESPAI DE CREACI\u00d3, BARCELONA www.lanticteatre.com Semolinika Tomic is the resident company of Antic Teatre &#8211; Espai de Creaci\u00f3. In 2003, apart from her creations, Semolinika Tomicc reopens Antic Teatre &#8211; Espai de Creaci\u00f3, engaged in the direction and programming of this theatre. It\u2019s a place to promote and produce&nbsp; <a href=\"https:\/\/semolinika.anticteatre.com\/en\/bio\/\">&hellip; Read more <i class=\"glyphicon glyphicon-arrow-right\"><\/i><\/a><\/p>\n","protected":false},"author":1,"featured_media":0,"parent":0,"menu_order":3,"comment_status":"closed","ping_status":"closed","template":"","meta":{"_acf_changed":false,"_uag_custom_page_level_css":"","footnotes":""},"class_list":["post-1150","page","type-page","status-publish","hentry"],"acf":[],"yoast_head":"<!-- This site is optimized with the Yoast SEO plugin v23.4 - https:\/\/yoast.com\/wordpress\/plugins\/seo\/ -->\n<title>Bio - Semolinika Tomic<\/title>\n<meta name=\"robots\" content=\"index, follow, max-snippet:-1, max-image-preview:large, max-video-preview:-1\" \/>\n<link rel=\"canonical\" href=\"http:\/\/semolinika.anticteatre.com\/en\/bio\/\" \/>\n<meta property=\"og:locale\" content=\"en_US\" \/>\n<meta property=\"og:type\" content=\"article\" \/>\n<meta property=\"og:title\" content=\"Bio - Semolinika Tomic\" \/>\n<meta property=\"og:description\" content=\"SEMOLINIKA TOMIC AND ANTIC TEATRE &#8211; ESPAI DE CREACI\u00d3, BARCELONA www.lanticteatre.com Semolinika Tomic is the resident company of Antic Teatre &#8211; Espai de Creaci\u00f3. In 2003, apart from her creations, Semolinika Tomicc reopens Antic Teatre &#8211; Espai de Creaci\u00f3, engaged in the direction and programming of this theatre. It\u2019s a place to promote and produce&nbsp; &hellip; Read more\" \/>\n<meta property=\"og:url\" content=\"http:\/\/semolinika.anticteatre.com\/en\/bio\/\" \/>\n<meta property=\"og:site_name\" content=\"Semolinika Tomic\" \/>\n<meta property=\"article:modified_time\" content=\"2019-05-27T15:46:37+00:00\" \/>\n<meta property=\"og:image\" content=\"http:\/\/semolinika.anticteatre.com\/wp-content\/uploads\/2019\/05\/BIOGRAFIA1.jpg\" \/>\n<meta name=\"twitter:card\" content=\"summary_large_image\" \/>\n<meta name=\"twitter:label1\" content=\"Est. reading time\" \/>\n\t<meta name=\"twitter:data1\" content=\"1 minute\" \/>\n<script type=\"application\/ld+json\" class=\"yoast-schema-graph\">{\"@context\":\"https:\/\/schema.org\",\"@graph\":[{\"@type\":\"WebPage\",\"@id\":\"http:\/\/semolinika.anticteatre.com\/en\/bio\/\",\"url\":\"http:\/\/semolinika.anticteatre.com\/en\/bio\/\",\"name\":\"Bio - Semolinika Tomic\",\"isPartOf\":{\"@id\":\"https:\/\/semolinika.anticteatre.com\/#website\"},\"primaryImageOfPage\":{\"@id\":\"http:\/\/semolinika.anticteatre.com\/en\/bio\/#primaryimage\"},\"image\":{\"@id\":\"http:\/\/semolinika.anticteatre.com\/en\/bio\/#primaryimage\"},\"thumbnailUrl\":\"http:\/\/semolinika.anticteatre.com\/wp-content\/uploads\/2019\/05\/BIOGRAFIA1.jpg\",\"datePublished\":\"2019-05-23T16:23:12+00:00\",\"dateModified\":\"2019-05-27T15:46:37+00:00\",\"breadcrumb\":{\"@id\":\"http:\/\/semolinika.anticteatre.com\/en\/bio\/#breadcrumb\"},\"inLanguage\":\"en-US\",\"potentialAction\":[{\"@type\":\"ReadAction\",\"target\":[\"http:\/\/semolinika.anticteatre.com\/en\/bio\/\"]}]},{\"@type\":\"ImageObject\",\"inLanguage\":\"en-US\",\"@id\":\"http:\/\/semolinika.anticteatre.com\/en\/bio\/#primaryimage\",\"url\":\"http:\/\/semolinika.anticteatre.com\/wp-content\/uploads\/2019\/05\/BIOGRAFIA1.jpg\",\"contentUrl\":\"http:\/\/semolinika.anticteatre.com\/wp-content\/uploads\/2019\/05\/BIOGRAFIA1.jpg\"},{\"@type\":\"BreadcrumbList\",\"@id\":\"http:\/\/semolinika.anticteatre.com\/en\/bio\/#breadcrumb\",\"itemListElement\":[{\"@type\":\"ListItem\",\"position\":1,\"name\":\"Home\",\"item\":\"https:\/\/semolinika.anticteatre.com\/en\/\"},{\"@type\":\"ListItem\",\"position\":2,\"name\":\"Bio\"}]},{\"@type\":\"WebSite\",\"@id\":\"https:\/\/semolinika.anticteatre.com\/#website\",\"url\":\"https:\/\/semolinika.anticteatre.com\/\",\"name\":\"Semolinika Tomic\",\"description\":\"Artist\",\"potentialAction\":[{\"@type\":\"SearchAction\",\"target\":{\"@type\":\"EntryPoint\",\"urlTemplate\":\"https:\/\/semolinika.anticteatre.com\/?s={search_term_string}\"},\"query-input\":{\"@type\":\"PropertyValueSpecification\",\"valueRequired\":true,\"valueName\":\"search_term_string\"}}],\"inLanguage\":\"en-US\"}]}<\/script>\n<!-- \/ Yoast SEO plugin. -->","yoast_head_json":{"title":"Bio - Semolinika Tomic","robots":{"index":"index","follow":"follow","max-snippet":"max-snippet:-1","max-image-preview":"max-image-preview:large","max-video-preview":"max-video-preview:-1"},"canonical":"http:\/\/semolinika.anticteatre.com\/en\/bio\/","og_locale":"en_US","og_type":"article","og_title":"Bio - Semolinika Tomic","og_description":"SEMOLINIKA TOMIC AND ANTIC TEATRE &#8211; ESPAI DE CREACI\u00d3, BARCELONA www.lanticteatre.com Semolinika Tomic is the resident company of Antic Teatre &#8211; Espai de Creaci\u00f3. In 2003, apart from her creations, Semolinika Tomicc reopens Antic Teatre &#8211; Espai de Creaci\u00f3, engaged in the direction and programming of this theatre. It\u2019s a place to promote and produce&nbsp; &hellip; Read more","og_url":"http:\/\/semolinika.anticteatre.com\/en\/bio\/","og_site_name":"Semolinika Tomic","article_modified_time":"2019-05-27T15:46:37+00:00","og_image":[{"url":"http:\/\/semolinika.anticteatre.com\/wp-content\/uploads\/2019\/05\/BIOGRAFIA1.jpg"}],"twitter_card":"summary_large_image","twitter_misc":{"Est. reading time":"1 minute"},"schema":{"@context":"https:\/\/schema.org","@graph":[{"@type":"WebPage","@id":"http:\/\/semolinika.anticteatre.com\/en\/bio\/","url":"http:\/\/semolinika.anticteatre.com\/en\/bio\/","name":"Bio - Semolinika Tomic","isPartOf":{"@id":"https:\/\/semolinika.anticteatre.com\/#website"},"primaryImageOfPage":{"@id":"http:\/\/semolinika.anticteatre.com\/en\/bio\/#primaryimage"},"image":{"@id":"http:\/\/semolinika.anticteatre.com\/en\/bio\/#primaryimage"},"thumbnailUrl":"http:\/\/semolinika.anticteatre.com\/wp-content\/uploads\/2019\/05\/BIOGRAFIA1.jpg","datePublished":"2019-05-23T16:23:12+00:00","dateModified":"2019-05-27T15:46:37+00:00","breadcrumb":{"@id":"http:\/\/semolinika.anticteatre.com\/en\/bio\/#breadcrumb"},"inLanguage":"en-US","potentialAction":[{"@type":"ReadAction","target":["http:\/\/semolinika.anticteatre.com\/en\/bio\/"]}]},{"@type":"ImageObject","inLanguage":"en-US","@id":"http:\/\/semolinika.anticteatre.com\/en\/bio\/#primaryimage","url":"http:\/\/semolinika.anticteatre.com\/wp-content\/uploads\/2019\/05\/BIOGRAFIA1.jpg","contentUrl":"http:\/\/semolinika.anticteatre.com\/wp-content\/uploads\/2019\/05\/BIOGRAFIA1.jpg"},{"@type":"BreadcrumbList","@id":"http:\/\/semolinika.anticteatre.com\/en\/bio\/#breadcrumb","itemListElement":[{"@type":"ListItem","position":1,"name":"Home","item":"https:\/\/semolinika.anticteatre.com\/en\/"},{"@type":"ListItem","position":2,"name":"Bio"}]},{"@type":"WebSite","@id":"https:\/\/semolinika.anticteatre.com\/#website","url":"https:\/\/semolinika.anticteatre.com\/","name":"Semolinika Tomic","description":"Artist","potentialAction":[{"@type":"SearchAction","target":{"@type":"EntryPoint","urlTemplate":"https:\/\/semolinika.anticteatre.com\/?s={search_term_string}"},"query-input":{"@type":"PropertyValueSpecification","valueRequired":true,"valueName":"search_term_string"}}],"inLanguage":"en-US"}]}},"uagb_featured_image_src":{"full":false,"thumbnail":false,"medium":false,"medium_large":false,"large":false,"1536x1536":false,"2048x2048":false},"uagb_author_info":{"display_name":"Marc","author_link":"https:\/\/semolinika.anticteatre.com\/en\/author\/marc\/"},"uagb_comment_info":0,"uagb_excerpt":"SEMOLINIKA TOMIC AND ANTIC TEATRE &#8211; ESPAI DE CREACI\u00d3, BARCELONA www.lanticteatre.com Semolinika Tomic is the resident company of Antic Teatre &#8211; Espai de Creaci\u00f3. In 2003, apart from her creations, Semolinika Tomicc reopens Antic Teatre &#8211; Espai de Creaci\u00f3, engaged in the direction and programming of this theatre. It\u2019s a place to promote and produce&nbsp;&hellip;","_links":{"self":[{"href":"https:\/\/semolinika.anticteatre.com\/en\/wp-json\/wp\/v2\/pages\/1150"}],"collection":[{"href":"https:\/\/semolinika.anticteatre.com\/en\/wp-json\/wp\/v2\/pages"}],"about":[{"href":"https:\/\/semolinika.anticteatre.com\/en\/wp-json\/wp\/v2\/types\/page"}],"author":[{"embeddable":true,"href":"https:\/\/semolinika.anticteatre.com\/en\/wp-json\/wp\/v2\/users\/1"}],"replies":[{"embeddable":true,"href":"https:\/\/semolinika.anticteatre.com\/en\/wp-json\/wp\/v2\/comments?post=1150"}],"version-history":[{"count":2,"href":"https:\/\/semolinika.anticteatre.com\/en\/wp-json\/wp\/v2\/pages\/1150\/revisions"}],"predecessor-version":[{"id":1201,"href":"https:\/\/semolinika.anticteatre.com\/en\/wp-json\/wp\/v2\/pages\/1150\/revisions\/1201"}],"wp:attachment":[{"href":"https:\/\/semolinika.anticteatre.com\/en\/wp-json\/wp\/v2\/media?parent=1150"}],"curies":[{"name":"wp","href":"https:\/\/api.w.org\/{rel}","templated":true}]}}