{"id":1119,"date":"2019-05-23T18:20:23","date_gmt":"2019-05-23T16:20:23","guid":{"rendered":"http:\/\/semolinika.anticteatre.com\/cia-semolenika-tomic\/oxigeno\/"},"modified":"2019-05-27T17:21:19","modified_gmt":"2019-05-27T15:21:19","slug":"oxigeno","status":"publish","type":"page","link":"https:\/\/semolinika.anticteatre.com\/es\/cia-semolinika-tomic\/oxigeno\/","title":{"rendered":"Ox\u00edgeno"},"content":{"rendered":"\t\t\t\t<div class=\"wp-block-uagb-table-of-contents uagb-toc__align-left uagb-toc__columns-1  uagb-block-ac4c4cd1-ef50-4cfb-8dfd-6843b6fcb849     \"\n\t\t\t\t\tdata-scroll= \"1\"\n\t\t\t\t\tdata-offset= \"30\"\n\t\t\t\t\tstyle=\"\"\n\t\t\t\t>\n\t\t\t\t<div class=\"uagb-toc__wrap\">\n\t\t\t\t\t\t<div class=\"uagb-toc__title\">\n\t\t\t\t\t\t\tTable Of Contents\t\t\t\t\t\t<\/div>\n\t\t\t\t\t\t\t\t\t\t\t\t\t\t\t\t<div class=\"uagb-toc__list-wrap\">\n\t\t\t\t\t\t<ol class=\"uagb-toc__list\"><li class=\"uagb-toc__list\"><a href=\"#sinopsis\" class=\"uagb-toc-link__trigger\">Sinopsis<\/a><li class=\"uagb-toc__list\"><a href=\"#ficha-art\u00edstica\" class=\"uagb-toc-link__trigger\">Ficha Art\u00edstica<\/a><li class=\"uagb-toc__list\"><a href=\"#galer\u00eda\" class=\"uagb-toc-link__trigger\">Galer\u00eda<\/a><li class=\"uagb-toc__list\"><a href=\"#video\" class=\"uagb-toc-link__trigger\">Video<\/a><\/ol>\t\t\t\t\t<\/div>\n\t\t\t\t\t\t\t\t\t<\/div>\n\t\t\t\t<\/div>\n\t\t\t\n\n\n<h2 class=\"wp-block-heading\" id=\"0-sinopsis\">Sinopsis<\/h2>\n\n\n\n<figure class=\"wp-block-image\"><img loading=\"lazy\" decoding=\"async\" width=\"500\" height=\"400\" src=\"http:\/\/semolinika.anticteatre.com\/wp-content\/uploads\/2019\/05\/OXIGENO1.jpg\" alt=\"\" class=\"wp-image-178\"\/><\/figure>\n\n\n\n<p>OXIGENO es una performance a\u00e9rea donde se utilizan dos aros de hierro suspendidos desde 30 m. de altura (variable) en interior o exterior.<\/p>\n\n\n\n<figure class=\"wp-block-image\"><img loading=\"lazy\" decoding=\"async\" width=\"500\" height=\"400\" src=\"http:\/\/semolinika.anticteatre.com\/wp-content\/uploads\/2019\/05\/SINOPSIS1-3.jpg\" alt=\"\" class=\"wp-image-179\"\/><\/figure>\n\n\n\n<h2 class=\"wp-block-heading\" id=\"4-fitxa-art\u00edstica\">Ficha Art\u00edstica<\/h2>\n\n\n\n<figure class=\"wp-block-image\"><img loading=\"lazy\" decoding=\"async\" width=\"500\" height=\"400\" src=\"http:\/\/semolinika.anticteatre.com\/wp-content\/uploads\/2019\/05\/FICHA-ARTISTICA1-4.jpg\" alt=\"\" class=\"wp-image-180\"\/><\/figure>\n\n\n\n<p>Performance a\u00e9rea &#8211; Teatre f\u00edsic <br> Creaci\u00f3: Semolina Tomic i Alberto Pacco<br> Coreograf\u00eda: Semolina Tomic i Susana Goulart<br> Actors: Semolina Tomic i Javiera Parada<\/p>\n\n\n\n<p>Performance a\u00e9rea &#8211; Teatro f\u00edsico<\/p>\n\n\n\n<p>Creaci\u00f3n: Semolina Tomic y Alberto Pacco<br>\nCoreograf\u00eda: Semolina Tomic y Susana Goulart<br>\nActuan: Semolina Tomic y Javiera Parada<\/p>\n\n\n\n<h2 class=\"wp-block-heading\" id=\"5-galeria\">Galer\u00eda<\/h2>\n\n\n\n<ul class=\"wp-block-gallery columns-3 is-cropped wp-block-gallery-1 is-layout-flex wp-block-gallery-is-layout-flex\"><li class=\"blocks-gallery-item\"><figure><img loading=\"lazy\" decoding=\"async\" width=\"500\" height=\"400\" src=\"http:\/\/semolinika.anticteatre.com\/wp-content\/uploads\/2019\/05\/OXIGENO1-1.jpg\" alt=\"\" data-id=\"181\" data-link=\"http:\/\/semolinika.anticteatre.com\/cia-semolenika-tomic\/oxigeno\/oxigeno1-1\/\" class=\"wp-image-181\"\/><\/figure><\/li><li class=\"blocks-gallery-item\"><figure><img loading=\"lazy\" decoding=\"async\" width=\"500\" height=\"400\" src=\"http:\/\/semolinika.anticteatre.com\/wp-content\/uploads\/2019\/05\/OXIGENO2.jpg\" alt=\"\" data-id=\"182\" data-link=\"http:\/\/semolinika.anticteatre.com\/cia-semolenika-tomic\/oxigeno\/oxigeno2\/\" class=\"wp-image-182\"\/><\/figure><\/li><li class=\"blocks-gallery-item\"><figure><img loading=\"lazy\" decoding=\"async\" width=\"500\" height=\"400\" src=\"http:\/\/semolinika.anticteatre.com\/wp-content\/uploads\/2019\/05\/OXIGENO3.jpg\" alt=\"\" data-id=\"183\" data-link=\"http:\/\/semolinika.anticteatre.com\/cia-semolenika-tomic\/oxigeno\/oxigeno3\/\" class=\"wp-image-183\"\/><\/figure><\/li><li class=\"blocks-gallery-item\"><figure><img loading=\"lazy\" decoding=\"async\" width=\"500\" height=\"400\" src=\"http:\/\/semolinika.anticteatre.com\/wp-content\/uploads\/2019\/05\/OXIGENO4.jpg\" alt=\"\" data-id=\"184\" data-link=\"http:\/\/semolinika.anticteatre.com\/cia-semolenika-tomic\/oxigeno\/oxigeno4\/\" class=\"wp-image-184\"\/><\/figure><\/li><li class=\"blocks-gallery-item\"><figure><img loading=\"lazy\" decoding=\"async\" width=\"500\" height=\"400\" src=\"http:\/\/semolinika.anticteatre.com\/wp-content\/uploads\/2019\/05\/OXIGENO5.jpg\" alt=\"\" data-id=\"185\" data-link=\"http:\/\/semolinika.anticteatre.com\/cia-semolenika-tomic\/oxigeno\/oxigeno5\/\" class=\"wp-image-185\"\/><\/figure><\/li><li class=\"blocks-gallery-item\"><figure><img loading=\"lazy\" decoding=\"async\" width=\"500\" height=\"400\" src=\"http:\/\/semolinika.anticteatre.com\/wp-content\/uploads\/2019\/05\/OXIGENO6.jpg\" alt=\"\" data-id=\"186\" data-link=\"http:\/\/semolinika.anticteatre.com\/cia-semolenika-tomic\/oxigeno\/oxigeno6\/\" class=\"wp-image-186\"\/><\/figure><\/li><li class=\"blocks-gallery-item\"><figure><img loading=\"lazy\" decoding=\"async\" width=\"500\" height=\"400\" src=\"http:\/\/semolinika.anticteatre.com\/wp-content\/uploads\/2019\/05\/OXIGENO7.jpg\" alt=\"\" data-id=\"187\" data-link=\"http:\/\/semolinika.anticteatre.com\/cia-semolenika-tomic\/oxigeno\/oxigeno7\/\" class=\"wp-image-187\"\/><\/figure><\/li><li class=\"blocks-gallery-item\"><figure><img loading=\"lazy\" decoding=\"async\" width=\"500\" height=\"400\" src=\"http:\/\/semolinika.anticteatre.com\/wp-content\/uploads\/2019\/05\/OXIGENO8.jpg\" alt=\"\" data-id=\"188\" data-link=\"http:\/\/semolinika.anticteatre.com\/cia-semolenika-tomic\/oxigeno\/oxigeno8\/\" class=\"wp-image-188\"\/><\/figure><\/li><\/ul>\n\n\n\n<h2 class=\"wp-block-heading\" id=\"6-video\">Video<\/h2>\n\n\n\n<figure class=\"wp-block-video\"><video controls src=\"http:\/\/semolinika.anticteatre.com\/wp-content\/uploads\/2019\/05\/OXIGENO.mp4\"><\/video><\/figure>\n","protected":false},"excerpt":{"rendered":"<p>Sinopsis OXIGENO es una performance a\u00e9rea donde se utilizan dos aros de hierro suspendidos desde 30 m. de altura (variable) en interior o exterior. Ficha Art\u00edstica Performance a\u00e9rea &#8211; Teatre f\u00edsic Creaci\u00f3: Semolina Tomic i Alberto Pacco Coreograf\u00eda: Semolina Tomic i Susana Goulart Actors: Semolina Tomic i Javiera Parada Performance a\u00e9rea &#8211; Teatro f\u00edsico Creaci\u00f3n:&nbsp; <a href=\"https:\/\/semolinika.anticteatre.com\/es\/cia-semolinika-tomic\/oxigeno\/\">&hellip; Read more <i class=\"glyphicon glyphicon-arrow-right\"><\/i><\/a><\/p>\n","protected":false},"author":1,"featured_media":0,"parent":1066,"menu_order":5,"comment_status":"closed","ping_status":"closed","template":"","meta":{"_acf_changed":false,"_uag_custom_page_level_css":"","footnotes":""},"class_list":["post-1119","page","type-page","status-publish","hentry"],"acf":[],"yoast_head":"<!-- This site is optimized with the Yoast SEO plugin v23.4 - https:\/\/yoast.com\/wordpress\/plugins\/seo\/ -->\n<title>Ox\u00edgeno - Semolinika Tomic<\/title>\n<meta name=\"robots\" content=\"index, follow, max-snippet:-1, max-image-preview:large, max-video-preview:-1\" \/>\n<link rel=\"canonical\" href=\"http:\/\/semolinika.anticteatre.com\/es\/cia-semolinika-tomic\/oxigeno\/\" \/>\n<meta property=\"og:locale\" content=\"es_ES\" \/>\n<meta property=\"og:type\" content=\"article\" \/>\n<meta property=\"og:title\" content=\"Ox\u00edgeno - Semolinika Tomic\" \/>\n<meta property=\"og:description\" content=\"Sinopsis OXIGENO es una performance a\u00e9rea donde se utilizan dos aros de hierro suspendidos desde 30 m. de altura (variable) en interior o exterior. Ficha Art\u00edstica Performance a\u00e9rea &#8211; Teatre f\u00edsic Creaci\u00f3: Semolina Tomic i Alberto Pacco Coreograf\u00eda: Semolina Tomic i Susana Goulart Actors: Semolina Tomic i Javiera Parada Performance a\u00e9rea &#8211; Teatro f\u00edsico Creaci\u00f3n:&nbsp; &hellip; Read more\" \/>\n<meta property=\"og:url\" content=\"http:\/\/semolinika.anticteatre.com\/es\/cia-semolinika-tomic\/oxigeno\/\" \/>\n<meta property=\"og:site_name\" content=\"Semolinika Tomic\" \/>\n<meta property=\"article:modified_time\" content=\"2019-05-27T15:21:19+00:00\" \/>\n<meta property=\"og:image\" content=\"http:\/\/semolinika.anticteatre.com\/wp-content\/uploads\/2019\/05\/OXIGENO1.jpg\" \/>\n<meta name=\"twitter:card\" content=\"summary_large_image\" \/>\n<script type=\"application\/ld+json\" class=\"yoast-schema-graph\">{\"@context\":\"https:\/\/schema.org\",\"@graph\":[{\"@type\":\"WebPage\",\"@id\":\"http:\/\/semolinika.anticteatre.com\/es\/cia-semolinika-tomic\/oxigeno\/\",\"url\":\"http:\/\/semolinika.anticteatre.com\/es\/cia-semolinika-tomic\/oxigeno\/\",\"name\":\"Ox\u00edgeno - Semolinika Tomic\",\"isPartOf\":{\"@id\":\"https:\/\/semolinika.anticteatre.com\/#website\"},\"primaryImageOfPage\":{\"@id\":\"http:\/\/semolinika.anticteatre.com\/es\/cia-semolinika-tomic\/oxigeno\/#primaryimage\"},\"image\":{\"@id\":\"http:\/\/semolinika.anticteatre.com\/es\/cia-semolinika-tomic\/oxigeno\/#primaryimage\"},\"thumbnailUrl\":\"http:\/\/semolinika.anticteatre.com\/wp-content\/uploads\/2019\/05\/OXIGENO1.jpg\",\"datePublished\":\"2019-05-23T16:20:23+00:00\",\"dateModified\":\"2019-05-27T15:21:19+00:00\",\"breadcrumb\":{\"@id\":\"http:\/\/semolinika.anticteatre.com\/es\/cia-semolinika-tomic\/oxigeno\/#breadcrumb\"},\"inLanguage\":\"es\",\"potentialAction\":[{\"@type\":\"ReadAction\",\"target\":[\"http:\/\/semolinika.anticteatre.com\/es\/cia-semolinika-tomic\/oxigeno\/\"]}]},{\"@type\":\"ImageObject\",\"inLanguage\":\"es\",\"@id\":\"http:\/\/semolinika.anticteatre.com\/es\/cia-semolinika-tomic\/oxigeno\/#primaryimage\",\"url\":\"http:\/\/semolinika.anticteatre.com\/wp-content\/uploads\/2019\/05\/OXIGENO1.jpg\",\"contentUrl\":\"http:\/\/semolinika.anticteatre.com\/wp-content\/uploads\/2019\/05\/OXIGENO1.jpg\"},{\"@type\":\"BreadcrumbList\",\"@id\":\"http:\/\/semolinika.anticteatre.com\/es\/cia-semolinika-tomic\/oxigeno\/#breadcrumb\",\"itemListElement\":[{\"@type\":\"ListItem\",\"position\":1,\"name\":\"Home\",\"item\":\"http:\/\/semolinika.anticteatre.com\/es\/\"},{\"@type\":\"ListItem\",\"position\":2,\"name\":\"Cia Semolinika Tomic\",\"item\":\"http:\/\/semolinika.anticteatre.com\/es\/cia-semolinika-tomic\/\"},{\"@type\":\"ListItem\",\"position\":3,\"name\":\"Ox\u00edgeno\"}]},{\"@type\":\"WebSite\",\"@id\":\"https:\/\/semolinika.anticteatre.com\/#website\",\"url\":\"https:\/\/semolinika.anticteatre.com\/\",\"name\":\"Semolinika Tomic\",\"description\":\"Artist\",\"potentialAction\":[{\"@type\":\"SearchAction\",\"target\":{\"@type\":\"EntryPoint\",\"urlTemplate\":\"https:\/\/semolinika.anticteatre.com\/?s={search_term_string}\"},\"query-input\":{\"@type\":\"PropertyValueSpecification\",\"valueRequired\":true,\"valueName\":\"search_term_string\"}}],\"inLanguage\":\"es\"}]}<\/script>\n<!-- \/ Yoast SEO plugin. -->","yoast_head_json":{"title":"Ox\u00edgeno - Semolinika Tomic","robots":{"index":"index","follow":"follow","max-snippet":"max-snippet:-1","max-image-preview":"max-image-preview:large","max-video-preview":"max-video-preview:-1"},"canonical":"http:\/\/semolinika.anticteatre.com\/es\/cia-semolinika-tomic\/oxigeno\/","og_locale":"es_ES","og_type":"article","og_title":"Ox\u00edgeno - Semolinika Tomic","og_description":"Sinopsis OXIGENO es una performance a\u00e9rea donde se utilizan dos aros de hierro suspendidos desde 30 m. de altura (variable) en interior o exterior. Ficha Art\u00edstica Performance a\u00e9rea &#8211; Teatre f\u00edsic Creaci\u00f3: Semolina Tomic i Alberto Pacco Coreograf\u00eda: Semolina Tomic i Susana Goulart Actors: Semolina Tomic i Javiera Parada Performance a\u00e9rea &#8211; Teatro f\u00edsico Creaci\u00f3n:&nbsp; &hellip; Read more","og_url":"http:\/\/semolinika.anticteatre.com\/es\/cia-semolinika-tomic\/oxigeno\/","og_site_name":"Semolinika Tomic","article_modified_time":"2019-05-27T15:21:19+00:00","og_image":[{"url":"http:\/\/semolinika.anticteatre.com\/wp-content\/uploads\/2019\/05\/OXIGENO1.jpg"}],"twitter_card":"summary_large_image","schema":{"@context":"https:\/\/schema.org","@graph":[{"@type":"WebPage","@id":"http:\/\/semolinika.anticteatre.com\/es\/cia-semolinika-tomic\/oxigeno\/","url":"http:\/\/semolinika.anticteatre.com\/es\/cia-semolinika-tomic\/oxigeno\/","name":"Ox\u00edgeno - Semolinika Tomic","isPartOf":{"@id":"https:\/\/semolinika.anticteatre.com\/#website"},"primaryImageOfPage":{"@id":"http:\/\/semolinika.anticteatre.com\/es\/cia-semolinika-tomic\/oxigeno\/#primaryimage"},"image":{"@id":"http:\/\/semolinika.anticteatre.com\/es\/cia-semolinika-tomic\/oxigeno\/#primaryimage"},"thumbnailUrl":"http:\/\/semolinika.anticteatre.com\/wp-content\/uploads\/2019\/05\/OXIGENO1.jpg","datePublished":"2019-05-23T16:20:23+00:00","dateModified":"2019-05-27T15:21:19+00:00","breadcrumb":{"@id":"http:\/\/semolinika.anticteatre.com\/es\/cia-semolinika-tomic\/oxigeno\/#breadcrumb"},"inLanguage":"es","potentialAction":[{"@type":"ReadAction","target":["http:\/\/semolinika.anticteatre.com\/es\/cia-semolinika-tomic\/oxigeno\/"]}]},{"@type":"ImageObject","inLanguage":"es","@id":"http:\/\/semolinika.anticteatre.com\/es\/cia-semolinika-tomic\/oxigeno\/#primaryimage","url":"http:\/\/semolinika.anticteatre.com\/wp-content\/uploads\/2019\/05\/OXIGENO1.jpg","contentUrl":"http:\/\/semolinika.anticteatre.com\/wp-content\/uploads\/2019\/05\/OXIGENO1.jpg"},{"@type":"BreadcrumbList","@id":"http:\/\/semolinika.anticteatre.com\/es\/cia-semolinika-tomic\/oxigeno\/#breadcrumb","itemListElement":[{"@type":"ListItem","position":1,"name":"Home","item":"http:\/\/semolinika.anticteatre.com\/es\/"},{"@type":"ListItem","position":2,"name":"Cia Semolinika Tomic","item":"http:\/\/semolinika.anticteatre.com\/es\/cia-semolinika-tomic\/"},{"@type":"ListItem","position":3,"name":"Ox\u00edgeno"}]},{"@type":"WebSite","@id":"https:\/\/semolinika.anticteatre.com\/#website","url":"https:\/\/semolinika.anticteatre.com\/","name":"Semolinika Tomic","description":"Artist","potentialAction":[{"@type":"SearchAction","target":{"@type":"EntryPoint","urlTemplate":"https:\/\/semolinika.anticteatre.com\/?s={search_term_string}"},"query-input":{"@type":"PropertyValueSpecification","valueRequired":true,"valueName":"search_term_string"}}],"inLanguage":"es"}]}},"uagb_featured_image_src":{"full":false,"thumbnail":false,"medium":false,"medium_large":false,"large":false,"1536x1536":false,"2048x2048":false},"uagb_author_info":{"display_name":"Marc","author_link":"https:\/\/semolinika.anticteatre.com\/es\/author\/marc\/"},"uagb_comment_info":0,"uagb_excerpt":"Sinopsis OXIGENO es una performance a\u00e9rea donde se utilizan dos aros de hierro suspendidos desde 30 m. de altura (variable) en interior o exterior. Ficha Art\u00edstica Performance a\u00e9rea &#8211; Teatre f\u00edsic Creaci\u00f3: Semolina Tomic i Alberto Pacco Coreograf\u00eda: Semolina Tomic i Susana Goulart Actors: Semolina Tomic i Javiera Parada Performance a\u00e9rea &#8211; Teatro f\u00edsico Creaci\u00f3n:&nbsp;&hellip;","_links":{"self":[{"href":"https:\/\/semolinika.anticteatre.com\/es\/wp-json\/wp\/v2\/pages\/1119"}],"collection":[{"href":"https:\/\/semolinika.anticteatre.com\/es\/wp-json\/wp\/v2\/pages"}],"about":[{"href":"https:\/\/semolinika.anticteatre.com\/es\/wp-json\/wp\/v2\/types\/page"}],"author":[{"embeddable":true,"href":"https:\/\/semolinika.anticteatre.com\/es\/wp-json\/wp\/v2\/users\/1"}],"replies":[{"embeddable":true,"href":"https:\/\/semolinika.anticteatre.com\/es\/wp-json\/wp\/v2\/comments?post=1119"}],"version-history":[{"count":3,"href":"https:\/\/semolinika.anticteatre.com\/es\/wp-json\/wp\/v2\/pages\/1119\/revisions"}],"predecessor-version":[{"id":1126,"href":"https:\/\/semolinika.anticteatre.com\/es\/wp-json\/wp\/v2\/pages\/1119\/revisions\/1126"}],"up":[{"embeddable":true,"href":"https:\/\/semolinika.anticteatre.com\/es\/wp-json\/wp\/v2\/pages\/1066"}],"wp:attachment":[{"href":"https:\/\/semolinika.anticteatre.com\/es\/wp-json\/wp\/v2\/media?parent=1119"}],"curies":[{"name":"wp","href":"https:\/\/api.w.org\/{rel}","templated":true}]}}