{"id":1129,"date":"2019-05-23T18:22:06","date_gmt":"2019-05-23T16:22:06","guid":{"rendered":"http:\/\/semolinika.anticteatre.com\/lantic-teatre\/"},"modified":"2019-05-27T17:26:00","modified_gmt":"2019-05-27T15:26:00","slug":"lantic-teatre","status":"publish","type":"page","link":"https:\/\/semolinika.anticteatre.com\/es\/lantic-teatre\/","title":{"rendered":"L&#8217;Antic Teatre"},"content":{"rendered":"\n<p><strong>SEMOLINA TOMIC Y L\u2019ANTIC TEATRE &#8211; L\u2019ESPAI DE CREACI\u00d3, BARCELONA<\/strong><\/p>\n\n\n\n<p><a href=\"https:\/\/www.anticteatre.com\">www.anticteatre.com<\/a><\/p>\n\n\n\n<p>Semolina Tomic es la compa\u00f1\u00eda residente de L\u2019Antic Teatre \u2013 L\u2019Espai de Creaci\u00f3. <\/p>\n\n\n\n<p>Al margen de sus creaciones en 2003 Semolina Tomic reabre L\u2019Antic Teatre &#8211; L\u00b4Espai de Creaci\u00f3, asumiendo la direcci\u00f3n y la programaci\u00f3n de este espacio de difusi\u00f3n, promoci\u00f3n y producci\u00f3n  para todos aquellos creadores experimentales que no encuentran la oportunidad en la ciudad de dar a conocer su trabajo.<\/p>\n\n\n\n<p>Uno de los puntos fuertes de L\u2019Antic Teatre es que su gesti\u00f3n art\u00edstica y administrativa est\u00e1 sostenida por personas que vienen del mismo mundo art\u00edstico. Esta caracter\u00edstica hace que el artista se sienta mas y mejor comprendido porque quien lo programa conoce sus necesidades.<\/p>\n\n\n\n<p>Para Semolina Tomic el camino ha sido realmente duro, por eso un d\u00eda decidi\u00f3 buscar su propia direcci\u00f3n. Lo hizo pensando en las nuevas generaciones, para que no tengan que recorrer las mismas sendas que ella recorri\u00f3, porque la creaci\u00f3n es un ejercicio muy duro en s\u00ed mismo y lo que hace falta es ayuda  y no trabas.<\/p>\n\n\n\n<p>Su idea es hacer de trampol\u00edn para toda esta gente tan joven y llena de ilusi\u00f3n, para que no se pierdan los talentos que circulan por la ciudad.<\/p>\n\n\n\n<p>Conociendo la dificultad de vivir de las creaciones art\u00edsticas y a\u00fan m\u00e1s, de encontrar un espacio de creaci\u00f3n, L\u2019Antic Teatre \u2013 L\u2019Espai de Creaci\u00f3, reconocido dentro del mundo art\u00edstico, llena una situaci\u00f3n real de vac\u00edo estando abierto a propuestas innovadoras y arriesgadas y ofreciendo una plataforma fuera del circuito art\u00edstico convencional: una escena alternativa pluridisciplinar.<\/p>\n\n\n\n\n\n<div id=\"gallery-block_5ceba68095117\" class=\"gallery gallery\">\n\n      \n\n<\/div>\n\n\n\n\n<ul class=\"wp-block-gallery columns-2 is-cropped wp-block-gallery-1 is-layout-flex wp-block-gallery-is-layout-flex\"><li class=\"blocks-gallery-item\"><figure><img loading=\"lazy\" decoding=\"async\" width=\"606\" height=\"400\" src=\"http:\/\/semolinika.anticteatre.com\/wp-content\/uploads\/2019\/05\/LANTIC-TEATRE1.jpg\" alt=\"\" data-id=\"207\" data-link=\"http:\/\/semolinika.anticteatre.com\/lantic-teatre\/lantic-teatre1\/\" class=\"wp-image-207\"\/><\/figure><\/li><li class=\"blocks-gallery-item\"><figure><img loading=\"lazy\" decoding=\"async\" width=\"533\" height=\"400\" src=\"http:\/\/semolinika.anticteatre.com\/wp-content\/uploads\/2019\/05\/LANTIC-TEATRE2.jpg\" alt=\"\" data-id=\"208\" data-link=\"http:\/\/semolinika.anticteatre.com\/lantic-teatre\/lantic-teatre2\/\" class=\"wp-image-208\"\/><\/figure><\/li><li class=\"blocks-gallery-item\"><figure><img loading=\"lazy\" decoding=\"async\" width=\"600\" height=\"400\" src=\"http:\/\/semolinika.anticteatre.com\/wp-content\/uploads\/2019\/05\/LANTIC-TEATRE3.jpg\" alt=\"\" data-id=\"209\" data-link=\"http:\/\/semolinika.anticteatre.com\/lantic-teatre\/lantic-teatre3\/\" class=\"wp-image-209\"\/><\/figure><\/li><li class=\"blocks-gallery-item\"><figure><img loading=\"lazy\" decoding=\"async\" width=\"300\" height=\"400\" src=\"http:\/\/semolinika.anticteatre.com\/wp-content\/uploads\/2019\/05\/LANTIC-TEATRE4.jpg\" alt=\"\" data-id=\"210\" data-link=\"http:\/\/semolinika.anticteatre.com\/lantic-teatre\/lantic-teatre4\/\" class=\"wp-image-210\"\/><\/figure><\/li><li class=\"blocks-gallery-item\"><figure><img loading=\"lazy\" decoding=\"async\" width=\"247\" height=\"400\" src=\"http:\/\/semolinika.anticteatre.com\/wp-content\/uploads\/2019\/05\/LANTIC-TEATRE5.jpg\" alt=\"\" data-id=\"211\" data-link=\"http:\/\/semolinika.anticteatre.com\/lantic-teatre\/lantic-teatre5\/\" class=\"wp-image-211\"\/><\/figure><\/li><li class=\"blocks-gallery-item\"><figure><img loading=\"lazy\" decoding=\"async\" width=\"533\" height=\"400\" src=\"http:\/\/semolinika.anticteatre.com\/wp-content\/uploads\/2019\/05\/LANTIC-TEATRE6.jpg\" alt=\"\" data-id=\"212\" data-link=\"http:\/\/semolinika.anticteatre.com\/lantic-teatre\/lantic-teatre6\/\" class=\"wp-image-212\"\/><\/figure><\/li><li class=\"blocks-gallery-item\"><figure><img loading=\"lazy\" decoding=\"async\" width=\"300\" height=\"400\" src=\"http:\/\/semolinika.anticteatre.com\/wp-content\/uploads\/2019\/05\/LANTIC-TEATRE7.jpg\" alt=\"\" data-id=\"213\" data-link=\"http:\/\/semolinika.anticteatre.com\/lantic-teatre\/lantic-teatre7\/\" class=\"wp-image-213\"\/><\/figure><\/li><li class=\"blocks-gallery-item\"><figure><img loading=\"lazy\" decoding=\"async\" width=\"533\" height=\"400\" src=\"http:\/\/semolinika.anticteatre.com\/wp-content\/uploads\/2019\/05\/LANTIC-TEATRE8.jpg\" alt=\"\" data-id=\"214\" data-link=\"http:\/\/semolinika.anticteatre.com\/lantic-teatre\/lantic-teatre8\/\" class=\"wp-image-214\"\/><\/figure><\/li><li class=\"blocks-gallery-item\"><figure><img loading=\"lazy\" decoding=\"async\" width=\"533\" height=\"400\" src=\"http:\/\/semolinika.anticteatre.com\/wp-content\/uploads\/2019\/05\/LANTIC-TEATRE10.jpg\" alt=\"\" data-id=\"216\" data-link=\"http:\/\/semolinika.anticteatre.com\/lantic-teatre\/lantic-teatre10\/\" class=\"wp-image-216\"\/><\/figure><\/li><\/ul>\n","protected":false},"excerpt":{"rendered":"<p>SEMOLINA TOMIC Y L\u2019ANTIC TEATRE &#8211; L\u2019ESPAI DE CREACI\u00d3, BARCELONA www.anticteatre.com Semolina Tomic es la compa\u00f1\u00eda residente de L\u2019Antic Teatre \u2013 L\u2019Espai de Creaci\u00f3. Al margen de sus creaciones en 2003 Semolina Tomic reabre L\u2019Antic Teatre &#8211; L\u00b4Espai de Creaci\u00f3, asumiendo la direcci\u00f3n y la programaci\u00f3n de este espacio de difusi\u00f3n, promoci\u00f3n y producci\u00f3n para&nbsp; <a href=\"https:\/\/semolinika.anticteatre.com\/es\/lantic-teatre\/\">&hellip; Read more <i class=\"glyphicon glyphicon-arrow-right\"><\/i><\/a><\/p>\n","protected":false},"author":1,"featured_media":0,"parent":0,"menu_order":2,"comment_status":"closed","ping_status":"closed","template":"","meta":{"_acf_changed":false,"_uag_custom_page_level_css":"","footnotes":""},"class_list":["post-1129","page","type-page","status-publish","hentry"],"acf":[],"yoast_head":"<!-- This site is optimized with the Yoast SEO plugin v23.4 - https:\/\/yoast.com\/wordpress\/plugins\/seo\/ -->\n<title>L&#039;Antic Teatre - Semolinika Tomic<\/title>\n<meta name=\"robots\" content=\"index, follow, max-snippet:-1, max-image-preview:large, max-video-preview:-1\" \/>\n<link rel=\"canonical\" href=\"http:\/\/semolinika.anticteatre.com\/es\/lantic-teatre\/\" \/>\n<meta property=\"og:locale\" content=\"es_ES\" \/>\n<meta property=\"og:type\" content=\"article\" \/>\n<meta property=\"og:title\" content=\"L&#039;Antic Teatre - Semolinika Tomic\" \/>\n<meta property=\"og:description\" content=\"SEMOLINA TOMIC Y L\u2019ANTIC TEATRE &#8211; L\u2019ESPAI DE CREACI\u00d3, BARCELONA www.anticteatre.com Semolina Tomic es la compa\u00f1\u00eda residente de L\u2019Antic Teatre \u2013 L\u2019Espai de Creaci\u00f3. Al margen de sus creaciones en 2003 Semolina Tomic reabre L\u2019Antic Teatre &#8211; L\u00b4Espai de Creaci\u00f3, asumiendo la direcci\u00f3n y la programaci\u00f3n de este espacio de difusi\u00f3n, promoci\u00f3n y producci\u00f3n para&nbsp; &hellip; Read more\" \/>\n<meta property=\"og:url\" content=\"http:\/\/semolinika.anticteatre.com\/es\/lantic-teatre\/\" \/>\n<meta property=\"og:site_name\" content=\"Semolinika Tomic\" \/>\n<meta property=\"article:modified_time\" content=\"2019-05-27T15:26:00+00:00\" \/>\n<meta property=\"og:image\" content=\"http:\/\/semolinika.anticteatre.com\/wp-content\/uploads\/2019\/05\/LANTIC-TEATRE1.jpg\" \/>\n<meta name=\"twitter:card\" content=\"summary_large_image\" \/>\n<meta name=\"twitter:label1\" content=\"Tiempo de lectura\" \/>\n\t<meta name=\"twitter:data1\" content=\"1 minuto\" \/>\n<script type=\"application\/ld+json\" class=\"yoast-schema-graph\">{\"@context\":\"https:\/\/schema.org\",\"@graph\":[{\"@type\":\"WebPage\",\"@id\":\"http:\/\/semolinika.anticteatre.com\/es\/lantic-teatre\/\",\"url\":\"http:\/\/semolinika.anticteatre.com\/es\/lantic-teatre\/\",\"name\":\"L'Antic Teatre - Semolinika Tomic\",\"isPartOf\":{\"@id\":\"https:\/\/semolinika.anticteatre.com\/#website\"},\"primaryImageOfPage\":{\"@id\":\"http:\/\/semolinika.anticteatre.com\/es\/lantic-teatre\/#primaryimage\"},\"image\":{\"@id\":\"http:\/\/semolinika.anticteatre.com\/es\/lantic-teatre\/#primaryimage\"},\"thumbnailUrl\":\"http:\/\/semolinika.anticteatre.com\/wp-content\/uploads\/2019\/05\/LANTIC-TEATRE1.jpg\",\"datePublished\":\"2019-05-23T16:22:06+00:00\",\"dateModified\":\"2019-05-27T15:26:00+00:00\",\"breadcrumb\":{\"@id\":\"http:\/\/semolinika.anticteatre.com\/es\/lantic-teatre\/#breadcrumb\"},\"inLanguage\":\"es\",\"potentialAction\":[{\"@type\":\"ReadAction\",\"target\":[\"http:\/\/semolinika.anticteatre.com\/es\/lantic-teatre\/\"]}]},{\"@type\":\"ImageObject\",\"inLanguage\":\"es\",\"@id\":\"http:\/\/semolinika.anticteatre.com\/es\/lantic-teatre\/#primaryimage\",\"url\":\"http:\/\/semolinika.anticteatre.com\/wp-content\/uploads\/2019\/05\/LANTIC-TEATRE1.jpg\",\"contentUrl\":\"http:\/\/semolinika.anticteatre.com\/wp-content\/uploads\/2019\/05\/LANTIC-TEATRE1.jpg\"},{\"@type\":\"BreadcrumbList\",\"@id\":\"http:\/\/semolinika.anticteatre.com\/es\/lantic-teatre\/#breadcrumb\",\"itemListElement\":[{\"@type\":\"ListItem\",\"position\":1,\"name\":\"Home\",\"item\":\"http:\/\/semolinika.anticteatre.com\/es\/\"},{\"@type\":\"ListItem\",\"position\":2,\"name\":\"L&#8217;Antic Teatre\"}]},{\"@type\":\"WebSite\",\"@id\":\"https:\/\/semolinika.anticteatre.com\/#website\",\"url\":\"https:\/\/semolinika.anticteatre.com\/\",\"name\":\"Semolinika Tomic\",\"description\":\"Artist\",\"potentialAction\":[{\"@type\":\"SearchAction\",\"target\":{\"@type\":\"EntryPoint\",\"urlTemplate\":\"https:\/\/semolinika.anticteatre.com\/?s={search_term_string}\"},\"query-input\":{\"@type\":\"PropertyValueSpecification\",\"valueRequired\":true,\"valueName\":\"search_term_string\"}}],\"inLanguage\":\"es\"}]}<\/script>\n<!-- \/ Yoast SEO plugin. -->","yoast_head_json":{"title":"L'Antic Teatre - Semolinika Tomic","robots":{"index":"index","follow":"follow","max-snippet":"max-snippet:-1","max-image-preview":"max-image-preview:large","max-video-preview":"max-video-preview:-1"},"canonical":"http:\/\/semolinika.anticteatre.com\/es\/lantic-teatre\/","og_locale":"es_ES","og_type":"article","og_title":"L'Antic Teatre - Semolinika Tomic","og_description":"SEMOLINA TOMIC Y L\u2019ANTIC TEATRE &#8211; L\u2019ESPAI DE CREACI\u00d3, BARCELONA www.anticteatre.com Semolina Tomic es la compa\u00f1\u00eda residente de L\u2019Antic Teatre \u2013 L\u2019Espai de Creaci\u00f3. Al margen de sus creaciones en 2003 Semolina Tomic reabre L\u2019Antic Teatre &#8211; L\u00b4Espai de Creaci\u00f3, asumiendo la direcci\u00f3n y la programaci\u00f3n de este espacio de difusi\u00f3n, promoci\u00f3n y producci\u00f3n para&nbsp; &hellip; Read more","og_url":"http:\/\/semolinika.anticteatre.com\/es\/lantic-teatre\/","og_site_name":"Semolinika Tomic","article_modified_time":"2019-05-27T15:26:00+00:00","og_image":[{"url":"http:\/\/semolinika.anticteatre.com\/wp-content\/uploads\/2019\/05\/LANTIC-TEATRE1.jpg"}],"twitter_card":"summary_large_image","twitter_misc":{"Tiempo de lectura":"1 minuto"},"schema":{"@context":"https:\/\/schema.org","@graph":[{"@type":"WebPage","@id":"http:\/\/semolinika.anticteatre.com\/es\/lantic-teatre\/","url":"http:\/\/semolinika.anticteatre.com\/es\/lantic-teatre\/","name":"L'Antic Teatre - Semolinika Tomic","isPartOf":{"@id":"https:\/\/semolinika.anticteatre.com\/#website"},"primaryImageOfPage":{"@id":"http:\/\/semolinika.anticteatre.com\/es\/lantic-teatre\/#primaryimage"},"image":{"@id":"http:\/\/semolinika.anticteatre.com\/es\/lantic-teatre\/#primaryimage"},"thumbnailUrl":"http:\/\/semolinika.anticteatre.com\/wp-content\/uploads\/2019\/05\/LANTIC-TEATRE1.jpg","datePublished":"2019-05-23T16:22:06+00:00","dateModified":"2019-05-27T15:26:00+00:00","breadcrumb":{"@id":"http:\/\/semolinika.anticteatre.com\/es\/lantic-teatre\/#breadcrumb"},"inLanguage":"es","potentialAction":[{"@type":"ReadAction","target":["http:\/\/semolinika.anticteatre.com\/es\/lantic-teatre\/"]}]},{"@type":"ImageObject","inLanguage":"es","@id":"http:\/\/semolinika.anticteatre.com\/es\/lantic-teatre\/#primaryimage","url":"http:\/\/semolinika.anticteatre.com\/wp-content\/uploads\/2019\/05\/LANTIC-TEATRE1.jpg","contentUrl":"http:\/\/semolinika.anticteatre.com\/wp-content\/uploads\/2019\/05\/LANTIC-TEATRE1.jpg"},{"@type":"BreadcrumbList","@id":"http:\/\/semolinika.anticteatre.com\/es\/lantic-teatre\/#breadcrumb","itemListElement":[{"@type":"ListItem","position":1,"name":"Home","item":"http:\/\/semolinika.anticteatre.com\/es\/"},{"@type":"ListItem","position":2,"name":"L&#8217;Antic Teatre"}]},{"@type":"WebSite","@id":"https:\/\/semolinika.anticteatre.com\/#website","url":"https:\/\/semolinika.anticteatre.com\/","name":"Semolinika Tomic","description":"Artist","potentialAction":[{"@type":"SearchAction","target":{"@type":"EntryPoint","urlTemplate":"https:\/\/semolinika.anticteatre.com\/?s={search_term_string}"},"query-input":{"@type":"PropertyValueSpecification","valueRequired":true,"valueName":"search_term_string"}}],"inLanguage":"es"}]}},"uagb_featured_image_src":{"full":false,"thumbnail":false,"medium":false,"medium_large":false,"large":false,"1536x1536":false,"2048x2048":false},"uagb_author_info":{"display_name":"Marc","author_link":"https:\/\/semolinika.anticteatre.com\/es\/author\/marc\/"},"uagb_comment_info":0,"uagb_excerpt":"SEMOLINA TOMIC Y L\u2019ANTIC TEATRE &#8211; L\u2019ESPAI DE CREACI\u00d3, BARCELONA www.anticteatre.com Semolina Tomic es la compa\u00f1\u00eda residente de L\u2019Antic Teatre \u2013 L\u2019Espai de Creaci\u00f3. Al margen de sus creaciones en 2003 Semolina Tomic reabre L\u2019Antic Teatre &#8211; L\u00b4Espai de Creaci\u00f3, asumiendo la direcci\u00f3n y la programaci\u00f3n de este espacio de difusi\u00f3n, promoci\u00f3n y producci\u00f3n para&nbsp;&hellip;","_links":{"self":[{"href":"https:\/\/semolinika.anticteatre.com\/es\/wp-json\/wp\/v2\/pages\/1129"}],"collection":[{"href":"https:\/\/semolinika.anticteatre.com\/es\/wp-json\/wp\/v2\/pages"}],"about":[{"href":"https:\/\/semolinika.anticteatre.com\/es\/wp-json\/wp\/v2\/types\/page"}],"author":[{"embeddable":true,"href":"https:\/\/semolinika.anticteatre.com\/es\/wp-json\/wp\/v2\/users\/1"}],"replies":[{"embeddable":true,"href":"https:\/\/semolinika.anticteatre.com\/es\/wp-json\/wp\/v2\/comments?post=1129"}],"version-history":[{"count":2,"href":"https:\/\/semolinika.anticteatre.com\/es\/wp-json\/wp\/v2\/pages\/1129\/revisions"}],"predecessor-version":[{"id":1138,"href":"https:\/\/semolinika.anticteatre.com\/es\/wp-json\/wp\/v2\/pages\/1129\/revisions\/1138"}],"wp:attachment":[{"href":"https:\/\/semolinika.anticteatre.com\/es\/wp-json\/wp\/v2\/media?parent=1129"}],"curies":[{"name":"wp","href":"https:\/\/api.w.org\/{rel}","templated":true}]}}