{"id":1151,"date":"2019-05-23T18:23:12","date_gmt":"2019-05-23T16:23:12","guid":{"rendered":"http:\/\/semolinika.anticteatre.com\/biografia\/"},"modified":"2019-05-27T17:51:17","modified_gmt":"2019-05-27T15:51:17","slug":"biografia","status":"publish","type":"page","link":"https:\/\/semolinika.anticteatre.com\/es\/biografia\/","title":{"rendered":"Biograf\u00eda"},"content":{"rendered":"\n<div class=\"wp-block-columns has-2-columns is-layout-flex wp-container-core-columns-is-layout-1 wp-block-columns-is-layout-flex\">\n<div class=\"wp-block-column is-layout-flow wp-block-column-is-layout-flow\">\n<p><strong>SEMOLINIKA TOMIC Y ANTIC TEATRE &#8211; ESPAI DE CREACI\u00d3, BARCELONA<\/strong><\/p>\n\n\n\n<p><a href=\"https:\/\/www.lanticteatre.com\">www.lanticteatre.com<\/a><\/p>\n\n\n\n<p>Semolinika Tomic es la compa\u00f1\u00eda residente de Antic Teatre \u2013 Espai de Creaci\u00f3. <\/p>\n\n\n\n<p>Al margen de sus creaciones en 2003 Semolinika Tomic reabre Antic Teatre &#8211; Espai de Creaci\u00f3, asumiendo la direcci\u00f3n y la programaci\u00f3n de este espacio de difusi\u00f3n, promoci\u00f3n y producci\u00f3n  para todos aquellos creadores experimentales que no encuentran la oportunidad en la ciudad de dar a conocer su trabajo.<\/p>\n\n\n\n<p>Uno de los puntos fuertes de Antic Teatre es que su gesti\u00f3n art\u00edstica y administrativa est\u00e1 sostenida por personas que vienen del mismo mundo art\u00edstico. Esta caracter\u00edstica hace que el artista se sienta mas y mejor comprendido porque quien lo programa conoce sus necesidades.<\/p>\n\n\n\n<p>Para Semolinika Tomic el camino ha sido realmente duro, por eso un d\u00eda decidi\u00f3 buscar su propia direcci\u00f3n. Lo hizo pensando en las nuevas generaciones, para que no tengan que recorrer las mismas sendas que ella recorri\u00f3, porque la creaci\u00f3n es un ejercicio muy duro en s\u00ed mismo y lo que hace falta es ayuda  y no trabas.<\/p>\n\n\n\n<p>Su idea es hacer de trampol\u00edn para toda esta gente tan joven y llena de ilusi\u00f3n, para que no se pierdan los talentos que circulan por la ciudad.<\/p>\n\n\n\n<p>Conociendo la dificultad de vivir de las creaciones art\u00edsticas y a\u00fan m\u00e1s, de encontrar un espacio de creaci\u00f3n, Antic Teatre \u2013 Espai de Creaci\u00f3, reconocido dentro del mundo art\u00edstico, llena una situaci\u00f3n real de vac\u00edo estando abierto a propuestas innovadoras y arriesgadas y ofreciendo una plataforma fuera del circuito art\u00edstico convencional: una escena alternativa pluridisciplinar.<\/p>\n<\/div>\n\n\n\n<div class=\"wp-block-column is-layout-flow wp-block-column-is-layout-flow\">\n<figure class=\"wp-block-image\"><img loading=\"lazy\" decoding=\"async\" width=\"300\" height=\"400\" src=\"http:\/\/semolinika.anticteatre.com\/wp-content\/uploads\/2019\/05\/BIOGRAFIA1.jpg\" alt=\"\" class=\"wp-image-330\"\/><\/figure>\n<\/div>\n<\/div>\n","protected":false},"excerpt":{"rendered":"<p>SEMOLINIKA TOMIC Y ANTIC TEATRE &#8211; ESPAI DE CREACI\u00d3, BARCELONA www.lanticteatre.com Semolinika Tomic es la compa\u00f1\u00eda residente de Antic Teatre \u2013 Espai de Creaci\u00f3. Al margen de sus creaciones en 2003 Semolinika Tomic reabre Antic Teatre &#8211; Espai de Creaci\u00f3, asumiendo la direcci\u00f3n y la programaci\u00f3n de este espacio de difusi\u00f3n, promoci\u00f3n y producci\u00f3n para&nbsp; <a href=\"https:\/\/semolinika.anticteatre.com\/es\/biografia\/\">&hellip; Read more <i class=\"glyphicon glyphicon-arrow-right\"><\/i><\/a><\/p>\n","protected":false},"author":1,"featured_media":0,"parent":0,"menu_order":3,"comment_status":"closed","ping_status":"closed","template":"","meta":{"_acf_changed":false,"_uag_custom_page_level_css":"","footnotes":""},"class_list":["post-1151","page","type-page","status-publish","hentry"],"acf":[],"yoast_head":"<!-- This site is optimized with the Yoast SEO plugin v23.4 - https:\/\/yoast.com\/wordpress\/plugins\/seo\/ -->\n<title>Biograf\u00eda - Semolinika Tomic<\/title>\n<meta name=\"robots\" content=\"index, follow, max-snippet:-1, max-image-preview:large, max-video-preview:-1\" \/>\n<link rel=\"canonical\" href=\"http:\/\/semolinika.anticteatre.com\/es\/biografia\/\" \/>\n<meta property=\"og:locale\" content=\"es_ES\" \/>\n<meta property=\"og:type\" content=\"article\" \/>\n<meta property=\"og:title\" content=\"Biograf\u00eda - Semolinika Tomic\" \/>\n<meta property=\"og:description\" content=\"SEMOLINIKA TOMIC Y ANTIC TEATRE &#8211; ESPAI DE CREACI\u00d3, BARCELONA www.lanticteatre.com Semolinika Tomic es la compa\u00f1\u00eda residente de Antic Teatre \u2013 Espai de Creaci\u00f3. Al margen de sus creaciones en 2003 Semolinika Tomic reabre Antic Teatre &#8211; Espai de Creaci\u00f3, asumiendo la direcci\u00f3n y la programaci\u00f3n de este espacio de difusi\u00f3n, promoci\u00f3n y producci\u00f3n para&nbsp; &hellip; Read more\" \/>\n<meta property=\"og:url\" content=\"http:\/\/semolinika.anticteatre.com\/es\/biografia\/\" \/>\n<meta property=\"og:site_name\" content=\"Semolinika Tomic\" \/>\n<meta property=\"article:modified_time\" content=\"2019-05-27T15:51:17+00:00\" \/>\n<meta property=\"og:image\" content=\"http:\/\/semolinika.anticteatre.com\/wp-content\/uploads\/2019\/05\/BIOGRAFIA1.jpg\" \/>\n<meta name=\"twitter:card\" content=\"summary_large_image\" \/>\n<meta name=\"twitter:label1\" content=\"Tiempo de lectura\" \/>\n\t<meta name=\"twitter:data1\" content=\"1 minuto\" \/>\n<script type=\"application\/ld+json\" class=\"yoast-schema-graph\">{\"@context\":\"https:\/\/schema.org\",\"@graph\":[{\"@type\":\"WebPage\",\"@id\":\"http:\/\/semolinika.anticteatre.com\/es\/biografia\/\",\"url\":\"http:\/\/semolinika.anticteatre.com\/es\/biografia\/\",\"name\":\"Biograf\u00eda - Semolinika Tomic\",\"isPartOf\":{\"@id\":\"https:\/\/semolinika.anticteatre.com\/#website\"},\"primaryImageOfPage\":{\"@id\":\"http:\/\/semolinika.anticteatre.com\/es\/biografia\/#primaryimage\"},\"image\":{\"@id\":\"http:\/\/semolinika.anticteatre.com\/es\/biografia\/#primaryimage\"},\"thumbnailUrl\":\"http:\/\/semolinika.anticteatre.com\/wp-content\/uploads\/2019\/05\/BIOGRAFIA1.jpg\",\"datePublished\":\"2019-05-23T16:23:12+00:00\",\"dateModified\":\"2019-05-27T15:51:17+00:00\",\"breadcrumb\":{\"@id\":\"http:\/\/semolinika.anticteatre.com\/es\/biografia\/#breadcrumb\"},\"inLanguage\":\"es\",\"potentialAction\":[{\"@type\":\"ReadAction\",\"target\":[\"http:\/\/semolinika.anticteatre.com\/es\/biografia\/\"]}]},{\"@type\":\"ImageObject\",\"inLanguage\":\"es\",\"@id\":\"http:\/\/semolinika.anticteatre.com\/es\/biografia\/#primaryimage\",\"url\":\"http:\/\/semolinika.anticteatre.com\/wp-content\/uploads\/2019\/05\/BIOGRAFIA1.jpg\",\"contentUrl\":\"http:\/\/semolinika.anticteatre.com\/wp-content\/uploads\/2019\/05\/BIOGRAFIA1.jpg\"},{\"@type\":\"BreadcrumbList\",\"@id\":\"http:\/\/semolinika.anticteatre.com\/es\/biografia\/#breadcrumb\",\"itemListElement\":[{\"@type\":\"ListItem\",\"position\":1,\"name\":\"Home\",\"item\":\"http:\/\/semolinika.anticteatre.com\/es\/\"},{\"@type\":\"ListItem\",\"position\":2,\"name\":\"Biograf\u00eda\"}]},{\"@type\":\"WebSite\",\"@id\":\"https:\/\/semolinika.anticteatre.com\/#website\",\"url\":\"https:\/\/semolinika.anticteatre.com\/\",\"name\":\"Semolinika Tomic\",\"description\":\"Artist\",\"potentialAction\":[{\"@type\":\"SearchAction\",\"target\":{\"@type\":\"EntryPoint\",\"urlTemplate\":\"https:\/\/semolinika.anticteatre.com\/?s={search_term_string}\"},\"query-input\":{\"@type\":\"PropertyValueSpecification\",\"valueRequired\":true,\"valueName\":\"search_term_string\"}}],\"inLanguage\":\"es\"}]}<\/script>\n<!-- \/ Yoast SEO plugin. -->","yoast_head_json":{"title":"Biograf\u00eda - Semolinika Tomic","robots":{"index":"index","follow":"follow","max-snippet":"max-snippet:-1","max-image-preview":"max-image-preview:large","max-video-preview":"max-video-preview:-1"},"canonical":"http:\/\/semolinika.anticteatre.com\/es\/biografia\/","og_locale":"es_ES","og_type":"article","og_title":"Biograf\u00eda - Semolinika Tomic","og_description":"SEMOLINIKA TOMIC Y ANTIC TEATRE &#8211; ESPAI DE CREACI\u00d3, BARCELONA www.lanticteatre.com Semolinika Tomic es la compa\u00f1\u00eda residente de Antic Teatre \u2013 Espai de Creaci\u00f3. Al margen de sus creaciones en 2003 Semolinika Tomic reabre Antic Teatre &#8211; Espai de Creaci\u00f3, asumiendo la direcci\u00f3n y la programaci\u00f3n de este espacio de difusi\u00f3n, promoci\u00f3n y producci\u00f3n para&nbsp; &hellip; Read more","og_url":"http:\/\/semolinika.anticteatre.com\/es\/biografia\/","og_site_name":"Semolinika Tomic","article_modified_time":"2019-05-27T15:51:17+00:00","og_image":[{"url":"http:\/\/semolinika.anticteatre.com\/wp-content\/uploads\/2019\/05\/BIOGRAFIA1.jpg"}],"twitter_card":"summary_large_image","twitter_misc":{"Tiempo de lectura":"1 minuto"},"schema":{"@context":"https:\/\/schema.org","@graph":[{"@type":"WebPage","@id":"http:\/\/semolinika.anticteatre.com\/es\/biografia\/","url":"http:\/\/semolinika.anticteatre.com\/es\/biografia\/","name":"Biograf\u00eda - Semolinika Tomic","isPartOf":{"@id":"https:\/\/semolinika.anticteatre.com\/#website"},"primaryImageOfPage":{"@id":"http:\/\/semolinika.anticteatre.com\/es\/biografia\/#primaryimage"},"image":{"@id":"http:\/\/semolinika.anticteatre.com\/es\/biografia\/#primaryimage"},"thumbnailUrl":"http:\/\/semolinika.anticteatre.com\/wp-content\/uploads\/2019\/05\/BIOGRAFIA1.jpg","datePublished":"2019-05-23T16:23:12+00:00","dateModified":"2019-05-27T15:51:17+00:00","breadcrumb":{"@id":"http:\/\/semolinika.anticteatre.com\/es\/biografia\/#breadcrumb"},"inLanguage":"es","potentialAction":[{"@type":"ReadAction","target":["http:\/\/semolinika.anticteatre.com\/es\/biografia\/"]}]},{"@type":"ImageObject","inLanguage":"es","@id":"http:\/\/semolinika.anticteatre.com\/es\/biografia\/#primaryimage","url":"http:\/\/semolinika.anticteatre.com\/wp-content\/uploads\/2019\/05\/BIOGRAFIA1.jpg","contentUrl":"http:\/\/semolinika.anticteatre.com\/wp-content\/uploads\/2019\/05\/BIOGRAFIA1.jpg"},{"@type":"BreadcrumbList","@id":"http:\/\/semolinika.anticteatre.com\/es\/biografia\/#breadcrumb","itemListElement":[{"@type":"ListItem","position":1,"name":"Home","item":"http:\/\/semolinika.anticteatre.com\/es\/"},{"@type":"ListItem","position":2,"name":"Biograf\u00eda"}]},{"@type":"WebSite","@id":"https:\/\/semolinika.anticteatre.com\/#website","url":"https:\/\/semolinika.anticteatre.com\/","name":"Semolinika Tomic","description":"Artist","potentialAction":[{"@type":"SearchAction","target":{"@type":"EntryPoint","urlTemplate":"https:\/\/semolinika.anticteatre.com\/?s={search_term_string}"},"query-input":{"@type":"PropertyValueSpecification","valueRequired":true,"valueName":"search_term_string"}}],"inLanguage":"es"}]}},"uagb_featured_image_src":{"full":false,"thumbnail":false,"medium":false,"medium_large":false,"large":false,"1536x1536":false,"2048x2048":false},"uagb_author_info":{"display_name":"Marc","author_link":"https:\/\/semolinika.anticteatre.com\/es\/author\/marc\/"},"uagb_comment_info":0,"uagb_excerpt":"SEMOLINIKA TOMIC Y ANTIC TEATRE &#8211; ESPAI DE CREACI\u00d3, BARCELONA www.lanticteatre.com Semolinika Tomic es la compa\u00f1\u00eda residente de Antic Teatre \u2013 Espai de Creaci\u00f3. Al margen de sus creaciones en 2003 Semolinika Tomic reabre Antic Teatre &#8211; Espai de Creaci\u00f3, asumiendo la direcci\u00f3n y la programaci\u00f3n de este espacio de difusi\u00f3n, promoci\u00f3n y producci\u00f3n para&nbsp;&hellip;","_links":{"self":[{"href":"https:\/\/semolinika.anticteatre.com\/es\/wp-json\/wp\/v2\/pages\/1151"}],"collection":[{"href":"https:\/\/semolinika.anticteatre.com\/es\/wp-json\/wp\/v2\/pages"}],"about":[{"href":"https:\/\/semolinika.anticteatre.com\/es\/wp-json\/wp\/v2\/types\/page"}],"author":[{"embeddable":true,"href":"https:\/\/semolinika.anticteatre.com\/es\/wp-json\/wp\/v2\/users\/1"}],"replies":[{"embeddable":true,"href":"https:\/\/semolinika.anticteatre.com\/es\/wp-json\/wp\/v2\/comments?post=1151"}],"version-history":[{"count":3,"href":"https:\/\/semolinika.anticteatre.com\/es\/wp-json\/wp\/v2\/pages\/1151\/revisions"}],"predecessor-version":[{"id":1245,"href":"https:\/\/semolinika.anticteatre.com\/es\/wp-json\/wp\/v2\/pages\/1151\/revisions\/1245"}],"wp:attachment":[{"href":"https:\/\/semolinika.anticteatre.com\/es\/wp-json\/wp\/v2\/media?parent=1151"}],"curies":[{"name":"wp","href":"https:\/\/api.w.org\/{rel}","templated":true}]}}