{"id":1175,"date":"2019-05-23T19:55:03","date_gmt":"2019-05-23T17:55:03","guid":{"rendered":"http:\/\/semolinika.anticteatre.com\/biografia\/conferencies\/"},"modified":"2019-05-27T17:50:54","modified_gmt":"2019-05-27T15:50:54","slug":"conferencias","status":"publish","type":"page","link":"https:\/\/semolinika.anticteatre.com\/es\/biografia\/conferencias\/","title":{"rendered":"Conferencias"},"content":{"rendered":"\n<figure class=\"wp-block-image\"><img loading=\"lazy\" decoding=\"async\" width=\"533\" height=\"400\" src=\"http:\/\/semolinika.anticteatre.com\/wp-content\/uploads\/2019\/05\/CONFERENCIAS1.jpg\" alt=\"\" class=\"wp-image-384\"\/><\/figure>\n\n\n\n<p>2006<br>\nHELSINKY, Finlandia, IETM\u2019s 30th Annual Winter Plenary Meeting<br>\nVIENA, Austria, Key person of EUROPEAN OFF NETWORK<br>\nISTANBUL, Turqu\u00eda, IETM\u2019s 29th Annual Spring Plenary Meeting<br>\nCATANIA. Italia, Festival I porti dell`arte<\/p>\n\n\n\n<p>2005<br>\nUTRECH, Holanda, IETM Autumn Plenary Meeting <br>\nTORTOSA, Espa\u00f1a, Internacional Festival \u201cEntreCulturas\u201d<br>\nCAMBRIDGE, UK, Trans Europe Halles 60th Meeting Escalator Internacional <br>\nBARCELONA, Espa\u00f1a, Asociaci\u00f3n de investigaci\u00f3n y experimentaci\u00f3n teatral<br>\nBARCELONA, Espa\u00f1a, \u00c1rea de Producciones de la Universidad de Barcelona<br>\nBELGRADO, Serbia, IETM Annual Spring Plenary Meeting<br>\nBELGRADO, Serbia, Balkan Express\u2028MADRID, Espa\u00f1a, Festival Escena contempr\u00e1nea MADRID <br>\nTOULOUSE, Francia,  Festival MIRA  <\/p>\n\n\n\n<p>2004<br>\nBARCELONA, Espa\u00f1a, \u201cCultura i Ciutat. Cultura Emergent \/ Arts Esc\u00e8niques\u201d<br>\nGIRONA, Espa\u00f1a, DBM (Danse Bassin M\u00e9diterran\u00e9e)<br>\nMADRID, Espa\u00f1a, X Congreso Estatal de salas alternativas<br>\nBARCELONA, Espa\u00f1a, Fundaci\u00f3 Xarxa<br>\nTOULOUSE, Espa\u00f1a, Festival MIRA, TNT.Toulouse<\/p>\n\n\n\n<p>2003<br>\nBARCELONA, Espa\u00f1a, III Encuentro de mujeres en esc\u00e9na MARGARITAS<br>\nSITGES, Espa\u00f1a, Festival Teatre Internacional <\/p>\n\n\n\n<p>2002<br>\nBARCELONA, Espa\u00f1a, FNAC &#8211; Festival Teatre Internacional Sitges<\/p>\n\n\n\n<p>2006<br> HELSINKY, Finl\u00e0ndia, IETM\u2019s 30th Annual Winter Plenary Meeting<br> VIENA, Austria, Key person of EUROPEAN OFF NETWORK<br> ISTANBUL, Turquia, IETM\u2019s 29th Annual Spring Plenary Meeting<br> CAT\u00c0NIA. It\u00e0lia, Festival I porti dell`arte<\/p>\n\n\n\n<p>2005<br>\nUTRECH, Holanda, IETM Autumn Plenary Meeting <br>\nTORTOSA, Espanya, Internacional Festival \u201cEntreCulturas\u201d<br>\nCAMBRIDGE, UK, Trans Europe Halles 60th Meeting Escalator Internacional <br>\nBARCELONA, Espanya, Associaci\u00f3 d&#8217;investigaci\u00f3 i experimentaci\u00f3 teatral<br>\nBARCELONA, Espanya, \u00c0rea de Produccions de la Universitat de Barcelona<br>\nBELGRADO, Serbia, IETM Annual Spring Plenary Meeting<br>\nBELGRADO, Serbia, Balkan Express\u2028MADRID, Espanya, Festival Escena contempr\u00e1nea MADRID <br>\nTOULOUSE, Fran\u00e7a,  Festival MIRA  <\/p>\n\n\n\n<p>2004<br>\nBARCELONA, Espanya,\u201cCultura i Ciutat. Cultura Emergent \/ Arts Esc\u00e8niques\u201d<br>\nGIRONA, Espanya, DBM (Danse Bassin M\u00e9diterran\u00e9e)<br>\nMADRID, Espanya, X Congr\u00e9s Estatal de Sales Alternatives<br>\nBARCELONA, Espanya, Fundaci\u00f3 Xarxa<br>\nTOULOUSE, Espanya, Festival MIRA, TNT.Toulouse<\/p>\n\n\n\n<p>2003<br>\nBARCELONA, Espanya, III Encontre de dones en esc\u00e9na MARGARITAS<br>\nSITGES, Espanya, Festival Teatre Internacional <\/p>\n\n\n\n<p>2002<br>\nBARCELONA, Espanya, FNAC &#8211; Festival Teatre Internacional Sitges<\/p>\n","protected":false},"excerpt":{"rendered":"<p>2006 HELSINKY, Finlandia, IETM\u2019s 30th Annual Winter Plenary Meeting VIENA, Austria, Key person of EUROPEAN OFF NETWORK ISTANBUL, Turqu\u00eda, IETM\u2019s 29th Annual Spring Plenary Meeting CATANIA. Italia, Festival I porti dell`arte 2005 UTRECH, Holanda, IETM Autumn Plenary Meeting TORTOSA, Espa\u00f1a, Internacional Festival \u201cEntreCulturas\u201d CAMBRIDGE, UK, Trans Europe Halles 60th Meeting Escalator Internacional BARCELONA, Espa\u00f1a, Asociaci\u00f3n&nbsp; <a href=\"https:\/\/semolinika.anticteatre.com\/es\/biografia\/conferencias\/\">&hellip; Read more <i class=\"glyphicon glyphicon-arrow-right\"><\/i><\/a><\/p>\n","protected":false},"author":1,"featured_media":0,"parent":1151,"menu_order":3,"comment_status":"closed","ping_status":"closed","template":"","meta":{"_acf_changed":false,"_uag_custom_page_level_css":"","footnotes":""},"class_list":["post-1175","page","type-page","status-publish","hentry"],"acf":[],"yoast_head":"<!-- This site is optimized with the Yoast SEO plugin v23.4 - https:\/\/yoast.com\/wordpress\/plugins\/seo\/ -->\n<title>Conferencias - Semolinika Tomic<\/title>\n<meta name=\"robots\" content=\"index, follow, max-snippet:-1, max-image-preview:large, max-video-preview:-1\" \/>\n<link rel=\"canonical\" href=\"http:\/\/semolinika.anticteatre.com\/es\/biografia\/conferencias\/\" \/>\n<meta property=\"og:locale\" content=\"es_ES\" \/>\n<meta property=\"og:type\" content=\"article\" \/>\n<meta property=\"og:title\" content=\"Conferencias - Semolinika Tomic\" \/>\n<meta property=\"og:description\" content=\"2006 HELSINKY, Finlandia, IETM\u2019s 30th Annual Winter Plenary Meeting VIENA, Austria, Key person of EUROPEAN OFF NETWORK ISTANBUL, Turqu\u00eda, IETM\u2019s 29th Annual Spring Plenary Meeting CATANIA. Italia, Festival I porti dell`arte 2005 UTRECH, Holanda, IETM Autumn Plenary Meeting TORTOSA, Espa\u00f1a, Internacional Festival \u201cEntreCulturas\u201d CAMBRIDGE, UK, Trans Europe Halles 60th Meeting Escalator Internacional BARCELONA, Espa\u00f1a, Asociaci\u00f3n&nbsp; &hellip; Read more\" \/>\n<meta property=\"og:url\" content=\"http:\/\/semolinika.anticteatre.com\/es\/biografia\/conferencias\/\" \/>\n<meta property=\"og:site_name\" content=\"Semolinika Tomic\" \/>\n<meta property=\"article:modified_time\" content=\"2019-05-27T15:50:54+00:00\" \/>\n<meta property=\"og:image\" content=\"http:\/\/semolinika.anticteatre.com\/wp-content\/uploads\/2019\/05\/CONFERENCIAS1.jpg\" \/>\n<meta name=\"twitter:card\" content=\"summary_large_image\" \/>\n<meta name=\"twitter:label1\" content=\"Tiempo de lectura\" \/>\n\t<meta name=\"twitter:data1\" content=\"2 minutos\" \/>\n<script type=\"application\/ld+json\" class=\"yoast-schema-graph\">{\"@context\":\"https:\/\/schema.org\",\"@graph\":[{\"@type\":\"WebPage\",\"@id\":\"http:\/\/semolinika.anticteatre.com\/es\/biografia\/conferencias\/\",\"url\":\"http:\/\/semolinika.anticteatre.com\/es\/biografia\/conferencias\/\",\"name\":\"Conferencias - Semolinika Tomic\",\"isPartOf\":{\"@id\":\"https:\/\/semolinika.anticteatre.com\/#website\"},\"primaryImageOfPage\":{\"@id\":\"http:\/\/semolinika.anticteatre.com\/es\/biografia\/conferencias\/#primaryimage\"},\"image\":{\"@id\":\"http:\/\/semolinika.anticteatre.com\/es\/biografia\/conferencias\/#primaryimage\"},\"thumbnailUrl\":\"http:\/\/semolinika.anticteatre.com\/wp-content\/uploads\/2019\/05\/CONFERENCIAS1.jpg\",\"datePublished\":\"2019-05-23T17:55:03+00:00\",\"dateModified\":\"2019-05-27T15:50:54+00:00\",\"breadcrumb\":{\"@id\":\"http:\/\/semolinika.anticteatre.com\/es\/biografia\/conferencias\/#breadcrumb\"},\"inLanguage\":\"es\",\"potentialAction\":[{\"@type\":\"ReadAction\",\"target\":[\"http:\/\/semolinika.anticteatre.com\/es\/biografia\/conferencias\/\"]}]},{\"@type\":\"ImageObject\",\"inLanguage\":\"es\",\"@id\":\"http:\/\/semolinika.anticteatre.com\/es\/biografia\/conferencias\/#primaryimage\",\"url\":\"http:\/\/semolinika.anticteatre.com\/wp-content\/uploads\/2019\/05\/CONFERENCIAS1.jpg\",\"contentUrl\":\"http:\/\/semolinika.anticteatre.com\/wp-content\/uploads\/2019\/05\/CONFERENCIAS1.jpg\"},{\"@type\":\"BreadcrumbList\",\"@id\":\"http:\/\/semolinika.anticteatre.com\/es\/biografia\/conferencias\/#breadcrumb\",\"itemListElement\":[{\"@type\":\"ListItem\",\"position\":1,\"name\":\"Home\",\"item\":\"http:\/\/semolinika.anticteatre.com\/es\/\"},{\"@type\":\"ListItem\",\"position\":2,\"name\":\"Biograf\u00eda\",\"item\":\"http:\/\/semolinika.anticteatre.com\/es\/biografia\/\"},{\"@type\":\"ListItem\",\"position\":3,\"name\":\"Conferencias\"}]},{\"@type\":\"WebSite\",\"@id\":\"https:\/\/semolinika.anticteatre.com\/#website\",\"url\":\"https:\/\/semolinika.anticteatre.com\/\",\"name\":\"Semolinika Tomic\",\"description\":\"Artist\",\"potentialAction\":[{\"@type\":\"SearchAction\",\"target\":{\"@type\":\"EntryPoint\",\"urlTemplate\":\"https:\/\/semolinika.anticteatre.com\/?s={search_term_string}\"},\"query-input\":{\"@type\":\"PropertyValueSpecification\",\"valueRequired\":true,\"valueName\":\"search_term_string\"}}],\"inLanguage\":\"es\"}]}<\/script>\n<!-- \/ Yoast SEO plugin. -->","yoast_head_json":{"title":"Conferencias - Semolinika Tomic","robots":{"index":"index","follow":"follow","max-snippet":"max-snippet:-1","max-image-preview":"max-image-preview:large","max-video-preview":"max-video-preview:-1"},"canonical":"http:\/\/semolinika.anticteatre.com\/es\/biografia\/conferencias\/","og_locale":"es_ES","og_type":"article","og_title":"Conferencias - Semolinika Tomic","og_description":"2006 HELSINKY, Finlandia, IETM\u2019s 30th Annual Winter Plenary Meeting VIENA, Austria, Key person of EUROPEAN OFF NETWORK ISTANBUL, Turqu\u00eda, IETM\u2019s 29th Annual Spring Plenary Meeting CATANIA. Italia, Festival I porti dell`arte 2005 UTRECH, Holanda, IETM Autumn Plenary Meeting TORTOSA, Espa\u00f1a, Internacional Festival \u201cEntreCulturas\u201d CAMBRIDGE, UK, Trans Europe Halles 60th Meeting Escalator Internacional BARCELONA, Espa\u00f1a, Asociaci\u00f3n&nbsp; &hellip; Read more","og_url":"http:\/\/semolinika.anticteatre.com\/es\/biografia\/conferencias\/","og_site_name":"Semolinika Tomic","article_modified_time":"2019-05-27T15:50:54+00:00","og_image":[{"url":"http:\/\/semolinika.anticteatre.com\/wp-content\/uploads\/2019\/05\/CONFERENCIAS1.jpg"}],"twitter_card":"summary_large_image","twitter_misc":{"Tiempo de lectura":"2 minutos"},"schema":{"@context":"https:\/\/schema.org","@graph":[{"@type":"WebPage","@id":"http:\/\/semolinika.anticteatre.com\/es\/biografia\/conferencias\/","url":"http:\/\/semolinika.anticteatre.com\/es\/biografia\/conferencias\/","name":"Conferencias - Semolinika Tomic","isPartOf":{"@id":"https:\/\/semolinika.anticteatre.com\/#website"},"primaryImageOfPage":{"@id":"http:\/\/semolinika.anticteatre.com\/es\/biografia\/conferencias\/#primaryimage"},"image":{"@id":"http:\/\/semolinika.anticteatre.com\/es\/biografia\/conferencias\/#primaryimage"},"thumbnailUrl":"http:\/\/semolinika.anticteatre.com\/wp-content\/uploads\/2019\/05\/CONFERENCIAS1.jpg","datePublished":"2019-05-23T17:55:03+00:00","dateModified":"2019-05-27T15:50:54+00:00","breadcrumb":{"@id":"http:\/\/semolinika.anticteatre.com\/es\/biografia\/conferencias\/#breadcrumb"},"inLanguage":"es","potentialAction":[{"@type":"ReadAction","target":["http:\/\/semolinika.anticteatre.com\/es\/biografia\/conferencias\/"]}]},{"@type":"ImageObject","inLanguage":"es","@id":"http:\/\/semolinika.anticteatre.com\/es\/biografia\/conferencias\/#primaryimage","url":"http:\/\/semolinika.anticteatre.com\/wp-content\/uploads\/2019\/05\/CONFERENCIAS1.jpg","contentUrl":"http:\/\/semolinika.anticteatre.com\/wp-content\/uploads\/2019\/05\/CONFERENCIAS1.jpg"},{"@type":"BreadcrumbList","@id":"http:\/\/semolinika.anticteatre.com\/es\/biografia\/conferencias\/#breadcrumb","itemListElement":[{"@type":"ListItem","position":1,"name":"Home","item":"http:\/\/semolinika.anticteatre.com\/es\/"},{"@type":"ListItem","position":2,"name":"Biograf\u00eda","item":"http:\/\/semolinika.anticteatre.com\/es\/biografia\/"},{"@type":"ListItem","position":3,"name":"Conferencias"}]},{"@type":"WebSite","@id":"https:\/\/semolinika.anticteatre.com\/#website","url":"https:\/\/semolinika.anticteatre.com\/","name":"Semolinika Tomic","description":"Artist","potentialAction":[{"@type":"SearchAction","target":{"@type":"EntryPoint","urlTemplate":"https:\/\/semolinika.anticteatre.com\/?s={search_term_string}"},"query-input":{"@type":"PropertyValueSpecification","valueRequired":true,"valueName":"search_term_string"}}],"inLanguage":"es"}]}},"uagb_featured_image_src":{"full":false,"thumbnail":false,"medium":false,"medium_large":false,"large":false,"1536x1536":false,"2048x2048":false},"uagb_author_info":{"display_name":"Marc","author_link":"https:\/\/semolinika.anticteatre.com\/es\/author\/marc\/"},"uagb_comment_info":0,"uagb_excerpt":"2006 HELSINKY, Finlandia, IETM\u2019s 30th Annual Winter Plenary Meeting VIENA, Austria, Key person of EUROPEAN OFF NETWORK ISTANBUL, Turqu\u00eda, IETM\u2019s 29th Annual Spring Plenary Meeting CATANIA. Italia, Festival I porti dell`arte 2005 UTRECH, Holanda, IETM Autumn Plenary Meeting TORTOSA, Espa\u00f1a, Internacional Festival \u201cEntreCulturas\u201d CAMBRIDGE, UK, Trans Europe Halles 60th Meeting Escalator Internacional BARCELONA, Espa\u00f1a, Asociaci\u00f3n&nbsp;&hellip;","_links":{"self":[{"href":"https:\/\/semolinika.anticteatre.com\/es\/wp-json\/wp\/v2\/pages\/1175"}],"collection":[{"href":"https:\/\/semolinika.anticteatre.com\/es\/wp-json\/wp\/v2\/pages"}],"about":[{"href":"https:\/\/semolinika.anticteatre.com\/es\/wp-json\/wp\/v2\/types\/page"}],"author":[{"embeddable":true,"href":"https:\/\/semolinika.anticteatre.com\/es\/wp-json\/wp\/v2\/users\/1"}],"replies":[{"embeddable":true,"href":"https:\/\/semolinika.anticteatre.com\/es\/wp-json\/wp\/v2\/comments?post=1175"}],"version-history":[{"count":3,"href":"https:\/\/semolinika.anticteatre.com\/es\/wp-json\/wp\/v2\/pages\/1175\/revisions"}],"predecessor-version":[{"id":1243,"href":"https:\/\/semolinika.anticteatre.com\/es\/wp-json\/wp\/v2\/pages\/1175\/revisions\/1243"}],"up":[{"embeddable":true,"href":"https:\/\/semolinika.anticteatre.com\/es\/wp-json\/wp\/v2\/pages\/1151"}],"wp:attachment":[{"href":"https:\/\/semolinika.anticteatre.com\/es\/wp-json\/wp\/v2\/media?parent=1175"}],"curies":[{"name":"wp","href":"https:\/\/api.w.org\/{rel}","templated":true}]}}